{"id":1114,"date":"2024-07-16T11:23:40","date_gmt":"2024-07-16T11:23:40","guid":{"rendered":"https:\/\/synerjet.com.br\/en\/?page_id=1114"},"modified":"2026-01-08T21:22:22","modified_gmt":"2026-01-08T21:22:22","slug":"towpower","status":"publish","type":"page","link":"https:\/\/synerjet.com\/en\/equipment\/towpower\/","title":{"rendered":"Towpower"},"content":{"rendered":"<p>[et_pb_section fb_built=&#8221;1&#8243; admin_label=&#8221;Header&#8221; _builder_version=&#8221;4.26.1&#8243; _module_preset=&#8221;default&#8221; use_background_color_gradient=&#8221;on&#8221; background_color_gradient_stops=&#8221;rgba(13,35,45,0) 0%|#091d26 100%&#8221; background_color_gradient_overlays_image=&#8221;on&#8221; background_image=&#8221;https:\/\/synerjet.com\/en\/wp-content\/uploads\/2024\/07\/IMG-6643.jpeg&#8221; background_enable_video_mp4=&#8221;off&#8221; custom_padding=&#8221;||272px|||&#8221; collapsed=&#8221;on&#8221; global_colors_info=&#8221;{}&#8221;][et_pb_row _builder_version=&#8221;4.26.1&#8243; _module_preset=&#8221;default&#8221; max_width=&#8221;800px&#8221; custom_padding=&#8221;170px||0px||false|false&#8221; global_colors_info=&#8221;{}&#8221;][et_pb_column type=&#8221;4_4&#8243; _builder_version=&#8221;4.17.4&#8243; _module_preset=&#8221;default&#8221; global_colors_info=&#8221;{}&#8221;][et_pb_text _builder_version=&#8221;4.27.4&#8243; _module_preset=&#8221;c9c4574d-66da-4074-bc01-a39a90242834&#8243; header_font=&#8221;&#8211;et_global_heading_font|300||on|||||&#8221; header_text_color=&#8221;#FFFFFF&#8221; header_font_size=&#8221;107px&#8221; header_line_height=&#8221;1.15em&#8221; text_orientation=&#8221;center&#8221; hover_enabled=&#8221;0&#8243; header_font_size_tablet=&#8221;50px&#8221; header_font_size_phone=&#8221;30px&#8221; header_font_size_last_edited=&#8221;on|phone&#8221; global_colors_info=&#8221;{}&#8221; sticky_enabled=&#8221;0&#8243;]<\/p>\n<h1>TowPower<\/h1>\n<p>[\/et_pb_text][et_pb_button button_url=&#8221;https:\/\/synerjet.com\/en\/contato\/&#8221; button_text=&#8221;Contact us&#8221; button_alignment=&#8221;center&#8221; _builder_version=&#8221;4.27.4&#8243; _module_preset=&#8221;f5195447-7566-4db2-8be7-f2c20518c7a8&#8243; custom_button=&#8221;on&#8221; button_text_size=&#8221;12px&#8221; button_text_color=&#8221;#FFFFFF&#8221; button_bg_color=&#8221;RGBA(255,255,255,0)&#8221; button_border_color=&#8221;#FFFFFF&#8221; button_border_radius=&#8221;100px&#8221; button_letter_spacing=&#8221;0.5em&#8221; button_font=&#8221;&#8211;et_global_body_font|700||on|||||&#8221; custom_margin=&#8221;-10%||||false|false&#8221; custom_padding=&#8221;80px|24px|80px|24px|true|true&#8221; custom_padding_tablet=&#8221;68px|15px|68px|15px|true|true&#8221; custom_padding_phone=&#8221;60px|12px|60px|12px|true|true&#8221; custom_padding_last_edited=&#8221;on|phone&#8221; hover_enabled=&#8221;0&#8243; button_text_size_tablet=&#8221;11px&#8221; button_text_size_phone=&#8221;10px&#8221; button_text_size_last_edited=&#8221;on|phone&#8221; locked=&#8221;off&#8221; global_colors_info=&#8221;{}&#8221; sticky_enabled=&#8221;0&#8243;][\/et_pb_button][\/et_pb_column][\/et_pb_row][\/et_pb_section][et_pb_section fb_built=&#8221;1&#8243; admin_label=&#8221;Categories&#8221; _builder_version=&#8221;4.24.2&#8243; _module_preset=&#8221;default&#8221; background_color=&#8221;#FFFFFF&#8221; collapsed=&#8221;on&#8221; global_colors_info=&#8221;{}&#8221;][et_pb_row column_structure=&#8221;2_3,1_3&#8243; _builder_version=&#8221;4.17.4&#8243; _module_preset=&#8221;default&#8221; global_colors_info=&#8221;{}&#8221;][et_pb_column type=&#8221;2_3&#8243; _builder_version=&#8221;4.17.4&#8243; _module_preset=&#8221;default&#8221; global_colors_info=&#8221;{}&#8221;][et_pb_text _builder_version=&#8221;4.27.4&#8243; _module_preset=&#8221;b327cbe4-b1d5-4b66-ad37-40c8f2f061ba&#8221; header_2_font=&#8221;&#8211;et_global_heading_font|||on|||||&#8221; header_2_text_color=&#8221;#0d232d&#8221; header_2_font_size=&#8221;61px&#8221; header_2_line_height=&#8221;1.15em&#8221; header_2_font_size_tablet=&#8221;32px&#8221; header_2_font_size_phone=&#8221;20px&#8221; header_2_font_size_last_edited=&#8221;on|phone&#8221; global_colors_info=&#8221;{}&#8221;]<\/p>\n<h2>Airplane<b> Mode<\/b><\/h2>\n<p>[\/et_pb_text][\/et_pb_column][et_pb_column type=&#8221;1_3&#8243; _builder_version=&#8221;4.17.4&#8243; _module_preset=&#8221;default&#8221; global_colors_info=&#8221;{}&#8221;][\/et_pb_column][\/et_pb_row][et_pb_row use_custom_gutter=&#8221;on&#8221; _builder_version=&#8221;4.24.2&#8243; _module_preset=&#8221;default&#8221; width=&#8221;52%&#8221; width_tablet=&#8221;80%&#8221; width_phone=&#8221;&#8221; width_last_edited=&#8221;on|phone&#8221; max_width=&#8221;100%&#8221; locked=&#8221;off&#8221; global_colors_info=&#8221;{}&#8221;][et_pb_column type=&#8221;4_4&#8243; _builder_version=&#8221;4.17.4&#8243; _module_preset=&#8221;default&#8221; global_colors_info=&#8221;{}&#8221;][et_pb_text _builder_version=&#8221;4.27.4&#8243; _module_preset=&#8221;default&#8221; text_font=&#8221;&#8211;et_global_body_font||||||||&#8221; hover_enabled=&#8221;0&#8243; global_colors_info=&#8221;{}&#8221; sticky_enabled=&#8221;0&#8243;]<\/p>\n<p><strong>Towpower<\/strong> is an aircraft towing device designed for precise maneuvers, without the use of polluting fuels and with low operational noise. Its ease of use provides efficiency and safety to the operator, eliminating the need to lift, position, connect cables, refuel or force start traditional equipment. It also enhances the owner\u2019s ability to observe and control the aircraft from any distance and angle.<\/p>\n<p>[\/et_pb_text][\/et_pb_column][\/et_pb_row][\/et_pb_section][et_pb_section fb_built=&#8221;1&#8243; _builder_version=&#8221;4.26.1&#8243; _module_preset=&#8221;default&#8221; background_color=&#8221;rgba(0,0,0,0.05)&#8221; global_colors_info=&#8221;{}&#8221;][et_pb_row column_structure=&#8221;1_4,1_4,1_4,1_4&#8243; _builder_version=&#8221;4.26.1&#8243; _module_preset=&#8221;default&#8221; global_colors_info=&#8221;{}&#8221;][et_pb_column type=&#8221;1_4&#8243; _builder_version=&#8221;4.26.1&#8243; _module_preset=&#8221;default&#8221; global_colors_info=&#8221;{}&#8221;][et_pb_blurb title=&#8221;FEATURES&#8221; image=&#8221;https:\/\/synerjet.com\/en\/wp-content\/uploads\/2024\/07\/86967e00-50d6-4adb-bcf0-00d5c2951dac.jpg&#8221; _builder_version=&#8221;4.27.4&#8243; _module_preset=&#8221;default&#8221; header_font=&#8221;&#8211;et_global_body_font|700|||||||&#8221; header_font_size=&#8221;20px&#8221; body_font=&#8221;&#8211;et_global_body_font||||||||&#8221; body_font_size=&#8221;16px&#8221; background_enable_image=&#8221;off&#8221; border_radii_image=&#8221;on|244px|244px|244px|244px&#8221; global_colors_info=&#8221;{}&#8221;]<\/p>\n<ul>\n<li><span style=\"font-weight: 400;\"><strong>Dimensions:<\/strong> 150 cm x 118 cm x 40 cm <\/span><\/li>\n<li><span style=\"font-weight: 400;\"><strong>Total weight:<\/strong> 360 KG<\/span><\/li>\n<li><span style=\"font-weight: 400;\"><strong>Battery:<\/strong> 24VDC\/70Amps lead acid traction battery<\/span><\/li>\n<li><span style=\"font-weight: 400;\"><strong>Load capacity:<\/strong> 20.000 lb<\/span><\/li>\n<li><span style=\"font-weight: 400;\"><strong>Chassis:<\/strong> Carbon steel<\/span><\/li>\n<li><span style=\"font-weight: 400;\"><strong>Structure:<\/strong> Aluminum<\/span><\/li>\n<li>360\u00ba rotation for dual front tires<\/li>\n<li>Remote control guided<\/li>\n<li>LED headlight (front\/tray)<\/li>\n<\/ul>\n<p>[\/et_pb_blurb][\/et_pb_column][et_pb_column type=&#8221;1_4&#8243; _builder_version=&#8221;4.26.1&#8243; _module_preset=&#8221;default&#8221; global_colors_info=&#8221;{}&#8221;][et_pb_blurb title=&#8221;Flysky Noble 4 Remote Control &#8221; image=&#8221;https:\/\/synerjet.com\/en\/wp-content\/uploads\/2024\/07\/controle.jpg&#8221; _builder_version=&#8221;4.27.4&#8243; _module_preset=&#8221;default&#8221; header_font=&#8221;&#8211;et_global_body_font|700|||||||&#8221; header_font_size=&#8221;20px&#8221; body_font=&#8221;&#8211;et_global_body_font||||||||&#8221; body_font_size=&#8221;16px&#8221; background_enable_image=&#8221;off&#8221; border_radii_image=&#8221;on|244px|244px|244px|244px&#8221; global_colors_info=&#8221;{}&#8221;]<\/p>\n<ul>\n<li><span style=\"font-weight: 400;\">ON\/OFF button <\/span><\/li>\n<li>Steering wheel moving left or right<\/li>\n<li>Trigger to increase the towing power forward or backward<\/li>\n<li>Battery recharge via USB port<\/li>\n<\/ul>\n<p>[\/et_pb_blurb][\/et_pb_column][et_pb_column type=&#8221;1_4&#8243; _builder_version=&#8221;4.26.1&#8243; _module_preset=&#8221;default&#8221; global_colors_info=&#8221;{}&#8221;][et_pb_blurb title=&#8221;BATTERIES&#8221; image=&#8221;https:\/\/synerjet.com\/en\/wp-content\/uploads\/2024\/07\/a80e1dbc-0852-43ca-88cc-a8ed8f1cd8fd.jpg&#8221; _builder_version=&#8221;4.27.4&#8243; _module_preset=&#8221;default&#8221; header_font=&#8221;&#8211;et_global_body_font|700|||||||&#8221; header_font_size=&#8221;20px&#8221; body_font=&#8221;&#8211;et_global_body_font||||||||&#8221; body_font_size=&#8221;16px&#8221; background_enable_image=&#8221;off&#8221; border_radii_image=&#8221;on|244px|244px|244px|244px&#8221; global_colors_info=&#8221;{}&#8221;]<\/p>\n<ul>\n<li>2x 24VDC\/70Amps lead acid traction battery<\/li>\n<li>3 hours of uninterrupted use<\/li>\n<li>6 hours for full charge<\/li>\n<li><strong>Charger battery:<\/strong> multi-voltage input \/ output: 24VDC\/30Amps<\/li>\n<\/ul>\n<p>[\/et_pb_blurb][\/et_pb_column][et_pb_column type=&#8221;1_4&#8243; _builder_version=&#8221;4.26.1&#8243; _module_preset=&#8221;default&#8221; global_colors_info=&#8221;{}&#8221;][et_pb_blurb title=&#8221;ENGINES&#8221; image=&#8221;https:\/\/synerjet.com\/en\/wp-content\/uploads\/2024\/07\/motores.jpg&#8221; _builder_version=&#8221;4.27.4&#8243; _module_preset=&#8221;default&#8221; header_font=&#8221;&#8211;et_global_body_font|700|||||||&#8221; header_font_size=&#8221;20px&#8221; body_font=&#8221;&#8211;et_global_body_font||||||||&#8221; body_font_size=&#8221;16px&#8221; background_enable_image=&#8221;off&#8221; border_radii_image=&#8221;on|244px|244px|244px|244px&#8221; global_colors_info=&#8221;{}&#8221;]<\/p>\n<ul>\n<li><strong>Engines:<\/strong> 24 VDV\/2400W<\/li>\n<li><span style=\"font-weight: 400;\">120 RPM<\/span><\/li>\n<li>7.26 kg (16 lb)<\/li>\n<li>100% electric, fuel-free, noise-free, odor-free engine<\/li>\n<li>Digital battery level indicator<\/li>\n<li>Lights are turned on and the tray is unlocked by pressing a button.<\/li>\n<\/ul>\n<p>[\/et_pb_blurb][\/et_pb_column][\/et_pb_row][\/et_pb_section][et_pb_section fb_built=&#8221;1&#8243; specialty=&#8221;on&#8221; admin_label=&#8221;Gallery&#8221; _builder_version=&#8221;4.24.2&#8243; _module_preset=&#8221;default&#8221; background_color=&#8221;#FFFFFF&#8221; collapsed=&#8221;on&#8221; global_colors_info=&#8221;{}&#8221;][et_pb_column type=&#8221;1_2&#8243; _builder_version=&#8221;4.16&#8243; custom_padding=&#8221;|||&#8221; global_colors_info=&#8221;{}&#8221; custom_padding__hover=&#8221;|||&#8221;][et_pb_image src=&#8221;https:\/\/synerjet.com\/en\/wp-content\/uploads\/2024\/07\/TowPower-Enercraft-15.jpg&#8221; title_text=&#8221;TowPower-Enercraft-15&#8243; _builder_version=&#8221;4.26.1&#8243; _module_preset=&#8221;default&#8221; custom_margin=&#8221;|||-20vw|false|false&#8221; custom_margin_tablet=&#8221;|||0vw|false|false&#8221; custom_margin_phone=&#8221;&#8221; custom_margin_last_edited=&#8221;on|tablet&#8221; global_colors_info=&#8221;{}&#8221;][\/et_pb_image][\/et_pb_column][et_pb_column type=&#8221;1_2&#8243; specialty_columns=&#8221;2&#8243; _builder_version=&#8221;4.16&#8243; custom_padding=&#8221;|||&#8221; global_colors_info=&#8221;{}&#8221; custom_padding__hover=&#8221;|||&#8221;][et_pb_row_inner _builder_version=&#8221;4.17.4&#8243; _module_preset=&#8221;default&#8221; global_colors_info=&#8221;{}&#8221;][et_pb_column_inner saved_specialty_column_type=&#8221;1_2&#8243; _builder_version=&#8221;4.17.4&#8243; _module_preset=&#8221;default&#8221; global_colors_info=&#8221;{}&#8221;][et_pb_text _builder_version=&#8221;4.27.4&#8243; _module_preset=&#8221;e6504a1b-67eb-4b3d-b023-bcab277610b6&#8243; link_font=&#8221;||||||||&#8221; link_text_color=&#8221;#AE8F73&#8243; header_4_font=&#8221;&#8211;et_global_body_font|700||on|||||&#8221; header_4_text_color=&#8221;gcid-10f4f743-0062-4f8b-a225-26364d21fb6c&#8221; header_4_font_size=&#8221;12px&#8221; header_4_letter_spacing=&#8221;0.2em&#8221; header_4_line_height=&#8221;1.5em&#8221; custom_margin=&#8221;||0px||false|false&#8221; global_colors_info=&#8221;{%22gcid-10f4f743-0062-4f8b-a225-26364d21fb6c%22:%91%22header_4_text_color%22%93}&#8221;]<\/p>\n<h4>DIFFERENTIATIONS<\/h4>\n<p>[\/et_pb_text][et_pb_text _builder_version=&#8221;4.27.4&#8243; _module_preset=&#8221;b327cbe4-b1d5-4b66-ad37-40c8f2f061ba&#8221; header_2_font=&#8221;&#8211;et_global_heading_font|||on|||||&#8221; header_2_text_color=&#8221;#0d232d&#8221; header_2_font_size=&#8221;70px&#8221; header_2_line_height=&#8221;1.15em&#8221; hover_enabled=&#8221;0&#8243; header_2_font_size_tablet=&#8221;32px&#8221; header_2_font_size_phone=&#8221;20px&#8221; header_2_font_size_last_edited=&#8221;on|phone&#8221; global_colors_info=&#8221;{}&#8221; sticky_enabled=&#8221;0&#8243;]<\/p>\n<h2>OPERATION<\/h2>\n<p>[\/et_pb_text][\/et_pb_column_inner][\/et_pb_row_inner][et_pb_row_inner _builder_version=&#8221;4.17.4&#8243; _module_preset=&#8221;default&#8221; global_colors_info=&#8221;{}&#8221;][et_pb_column_inner saved_specialty_column_type=&#8221;1_2&#8243; _builder_version=&#8221;4.17.4&#8243; _module_preset=&#8221;default&#8221; global_colors_info=&#8221;{}&#8221;][et_pb_text _builder_version=&#8221;4.27.4&#8243; _module_preset=&#8221;default&#8221; text_font=&#8221;&#8211;et_global_body_font||||||||&#8221; global_colors_info=&#8221;{}&#8221;]<\/p>\n<p><span style=\"font-weight: 400;\">N\u00e3o poderia ser mais f\u00e1cil o uso do Towpower: Posicione os cal\u00e7os nas rodas principais da aeronave, destrave a bandeja usando o controle remoto, alinhe\u00a0a\u00a0roda ao nariz da aeronave, acelere at\u00e9 que a roda do nariz seja levantada e travada na bandeja. E para finalizar, remova os cal\u00e7os das rodas principais e inicie o rebocamento conforme necess\u00e1rio. Pronto!\u00a0<\/span><\/p>\n<p><b>DIFFERENTIATIONS:<\/b><\/p>\n<ul>\n<li>Perfect for precise maneuvers in confined spaces.<\/li>\n<li>360\u00b0 rotation on its own axis.<\/li>\n<li>Requires only one person to operate.<\/li>\n<li>Wireless and fuel free.<\/li>\n<li>Ability to maintain a safe distance from the controller.<\/li>\n<li>Long-lasting quick-charge battery<\/li>\n<li>Emergency system: 2 stop buttons located on the top of the structure.<\/li>\n<\/ul>\n<p>[\/et_pb_text][\/et_pb_column_inner][\/et_pb_row_inner][\/et_pb_column][\/et_pb_section]<\/p>\n","protected":false},"excerpt":{"rendered":"<p>TowPowerAirplane ModeTowpower is an aircraft towing device designed for precise maneuvers, without the use of polluting fuels and with low operational noise. Its ease of use provides efficiency and safety to the operator, eliminating the need to lift, position, connect cables, refuel or force start traditional equipment. It also enhances the owner\u2019s ability to observe [&hellip;]<\/p>\n","protected":false},"author":2,"featured_media":0,"parent":25102977,"menu_order":0,"comment_status":"closed","ping_status":"closed","template":"","meta":{"_et_pb_use_builder":"on","_et_pb_old_content":"","_et_gb_content_width":"","footnotes":""},"class_list":["post-1114","page","type-page","status-publish","hentry"],"_links":{"self":[{"href":"https:\/\/synerjet.com\/en\/wp-json\/wp\/v2\/pages\/1114","targetHints":{"allow":["GET"]}}],"collection":[{"href":"https:\/\/synerjet.com\/en\/wp-json\/wp\/v2\/pages"}],"about":[{"href":"https:\/\/synerjet.com\/en\/wp-json\/wp\/v2\/types\/page"}],"author":[{"embeddable":true,"href":"https:\/\/synerjet.com\/en\/wp-json\/wp\/v2\/users\/2"}],"replies":[{"embeddable":true,"href":"https:\/\/synerjet.com\/en\/wp-json\/wp\/v2\/comments?post=1114"}],"version-history":[{"count":14,"href":"https:\/\/synerjet.com\/en\/wp-json\/wp\/v2\/pages\/1114\/revisions"}],"predecessor-version":[{"id":25103579,"href":"https:\/\/synerjet.com\/en\/wp-json\/wp\/v2\/pages\/1114\/revisions\/25103579"}],"up":[{"embeddable":true,"href":"https:\/\/synerjet.com\/en\/wp-json\/wp\/v2\/pages\/25102977"}],"wp:attachment":[{"href":"https:\/\/synerjet.com\/en\/wp-json\/wp\/v2\/media?parent=1114"}],"curies":[{"name":"wp","href":"https:\/\/api.w.org\/{rel}","templated":true}]}}