{"id":25103492,"date":"2025-12-02T21:02:38","date_gmt":"2025-12-02T21:02:38","guid":{"rendered":"https:\/\/synerjet.com\/en\/?page_id=25103492"},"modified":"2026-01-08T21:25:15","modified_gmt":"2026-01-08T21:25:15","slug":"work-with-us","status":"publish","type":"page","link":"https:\/\/synerjet.com\/en\/work-with-us\/","title":{"rendered":"Work with us"},"content":{"rendered":"<p>[et_pb_section fb_built=&#8221;1&#8243; admin_label=&#8221;Contact Form&#8221; _builder_version=&#8221;4.27.4&#8243; _module_preset=&#8221;default&#8221; background_color=&#8221;#F3EEE8&#8243; custom_padding=&#8221;0px||||false|false&#8221; collapsed=&#8221;on&#8221; global_colors_info=&#8221;{}&#8221;][et_pb_row _builder_version=&#8221;4.17.4&#8243; _module_preset=&#8221;default&#8221; global_colors_info=&#8221;{}&#8221;][et_pb_column type=&#8221;4_4&#8243; _builder_version=&#8221;4.17.4&#8243; _module_preset=&#8221;default&#8221; global_colors_info=&#8221;{}&#8221;][et_pb_text _builder_version=&#8221;4.27.4&#8243; _module_preset=&#8221;b327cbe4-b1d5-4b66-ad37-40c8f2f061ba&#8221; header_2_font=&#8221;&#8211;et_global_heading_font|||on|||||&#8221; header_2_text_color=&#8221;#0d232d&#8221; header_2_font_size=&#8221;70px&#8221; header_2_line_height=&#8221;1.15em&#8221; text_orientation=&#8221;center&#8221; hover_enabled=&#8221;0&#8243; header_2_font_size_tablet=&#8221;32px&#8221; header_2_font_size_phone=&#8221;20px&#8221; header_2_font_size_last_edited=&#8221;on|phone&#8221; global_colors_info=&#8221;{}&#8221; sticky_enabled=&#8221;0&#8243;]<\/p>\n<h2>Work with us<\/h2>\n<p>[\/et_pb_text][et_pb_code module_class=&#8221;formulario&#8221; _builder_version=&#8221;4.27.4&#8243; _module_preset=&#8221;default&#8221; locked=&#8221;off&#8221; global_colors_info=&#8221;{}&#8221;]<\/p>\n<style><!-- [et_pb_line_break_holder] -->\t\/* \u00c1rea geral do formul\u00e1rio CF7 *\/<!-- [et_pb_line_break_holder] -->.wpcf7-form {<!-- [et_pb_line_break_holder] -->  font-family: inherit;<!-- [et_pb_line_break_holder] -->  font-size: 14px;<!-- [et_pb_line_break_holder] -->}<!-- [et_pb_line_break_holder] --><!-- [et_pb_line_break_holder] -->\/* Cada linha do formul\u00e1rio *\/<!-- [et_pb_line_break_holder] -->.wpcf7-form .linha {<!-- [et_pb_line_break_holder] -->  margin-bottom: 15px;<!-- [et_pb_line_break_holder] -->}<!-- [et_pb_line_break_holder] --><!-- [et_pb_line_break_holder] -->\/* Labels *\/<!-- [et_pb_line_break_holder] -->.wpcf7-form label {<!-- [et_pb_line_break_holder] -->  display: block;<!-- [et_pb_line_break_holder] -->  font-size: 13px;<!-- [et_pb_line_break_holder] -->  margin-bottom: 4px;<!-- [et_pb_line_break_holder] -->}<!-- [et_pb_line_break_holder] --><!-- [et_pb_line_break_holder] -->\/* Altura da mensagem *\/<!-- [et_pb_line_break_holder] -->.wpcf7-form textarea {<!-- [et_pb_line_break_holder] -->  min-height: 120px;<!-- [et_pb_line_break_holder] -->  resize: vertical;<!-- [et_pb_line_break_holder] -->}<!-- [et_pb_line_break_holder] --><!-- [et_pb_line_break_holder] -->\/* Placeholder mais clarinho *\/<!-- [et_pb_line_break_holder] -->.wpcf7-form ::placeholder {<!-- [et_pb_line_break_holder] -->  color: #b0b0b0;<!-- [et_pb_line_break_holder] -->}<!-- [et_pb_line_break_holder] --><!-- [et_pb_line_break_holder] -->\/* Grupo telefone (DDD + n\u00famero) lado a lado *\/<!-- [et_pb_line_break_holder] -->.wpcf7-form .telefone-grupo {<!-- [et_pb_line_break_holder] -->  display: flex;<!-- [et_pb_line_break_holder] -->}<!-- [et_pb_line_break_holder] --><!-- [et_pb_line_break_holder] -->.wpcf7-form .telefone-grupo label {<!-- [et_pb_line_break_holder] -->  flex: 1;<!-- [et_pb_line_break_holder] -->}<!-- [et_pb_line_break_holder] --><!-- [et_pb_line_break_holder] -->.wpcf7-form .telefone-grupo label:first-child {<!-- [et_pb_line_break_holder] -->  flex: 0 0 120px; \/* largura do campo de DDD *\/<!-- [et_pb_line_break_holder] -->}<!-- [et_pb_line_break_holder] --><\/style>\n<p><!-- [et_pb_line_break_holder] -->\n<div class=\"wpcf7 no-js\" id=\"wpcf7-f25103490-o1\" lang=\"pt-BR\" dir=\"ltr\" data-wpcf7-id=\"25103490\">\n<div class=\"screen-reader-response\"><p role=\"status\" aria-live=\"polite\" aria-atomic=\"true\"><\/p> <ul><\/ul><\/div>\n<form action=\"\/en\/wp-json\/wp\/v2\/pages\/25103492#wpcf7-f25103490-o1\" method=\"post\" class=\"wpcf7-form init\" aria-label=\"Formul\u00e1rios de contato\" enctype=\"multipart\/form-data\" novalidate=\"novalidate\" data-status=\"init\">\n<fieldset class=\"hidden-fields-container\"><input type=\"hidden\" name=\"_wpcf7\" value=\"25103490\" \/><input type=\"hidden\" name=\"_wpcf7_version\" value=\"6.1.5\" \/><input type=\"hidden\" name=\"_wpcf7_locale\" value=\"pt_BR\" \/><input type=\"hidden\" name=\"_wpcf7_unit_tag\" value=\"wpcf7-f25103490-o1\" \/><input type=\"hidden\" name=\"_wpcf7_container_post\" value=\"0\" \/><input type=\"hidden\" name=\"_wpcf7_posted_data_hash\" value=\"\" \/>\n<\/fieldset>\n<div class=\"linha\">\n\t<p><span class=\"wpcf7-form-control-wrap\" data-name=\"area-interesse\"><input size=\"40\" maxlength=\"400\" class=\"wpcf7-form-control wpcf7-text wpcf7-validates-as-required\" aria-required=\"true\" aria-invalid=\"false\" placeholder=\"Which job or position are you interested in?\" value=\"\" type=\"text\" name=\"area-interesse\" \/><\/span>\n\t<\/p>\n<\/div>\n<div class=\"linha\">\n\t<p><span class=\"wpcf7-form-control-wrap\" data-name=\"your-name\"><input size=\"40\" maxlength=\"400\" class=\"wpcf7-form-control wpcf7-text wpcf7-validates-as-required\" aria-required=\"true\" aria-invalid=\"false\" placeholder=\"Name\" value=\"\" type=\"text\" name=\"your-name\" \/><\/span>\n\t<\/p>\n<\/div>\n<div class=\"linha\">\n\t<p><span class=\"wpcf7-form-control-wrap\" data-name=\"data-nascimento\"><input size=\"40\" maxlength=\"400\" class=\"wpcf7-form-control wpcf7-text wpcf7-validates-as-required\" aria-required=\"true\" aria-invalid=\"false\" placeholder=\"Date of birth (dd\/MM\/yyyy)\" value=\"\" type=\"text\" name=\"data-nascimento\" \/><\/span>\n\t<\/p>\n<\/div>\n<div class=\"linha\">\n\t<p><span class=\"wpcf7-form-control-wrap\" data-name=\"telefone-numero\"><input size=\"40\" maxlength=\"400\" class=\"wpcf7-form-control wpcf7-tel wpcf7-validates-as-required wpcf7-text wpcf7-validates-as-tel\" aria-required=\"true\" aria-invalid=\"false\" placeholder=\"Phone \/ Whatsapp\" value=\"\" type=\"tel\" name=\"telefone-numero\" \/><\/span>\n\t<\/p>\n<\/div>\n<div class=\"linha\">\n\t<p><span class=\"wpcf7-form-control-wrap\" data-name=\"your-email\"><input size=\"40\" maxlength=\"400\" class=\"wpcf7-form-control wpcf7-email wpcf7-validates-as-required wpcf7-text wpcf7-validates-as-email\" aria-required=\"true\" aria-invalid=\"false\" placeholder=\"E-mail\" value=\"\" type=\"email\" name=\"your-email\" \/><\/span>\n\t<\/p>\n<\/div>\n<div class=\"linha\">\n\t<p><span class=\"wpcf7-form-control-wrap\" data-name=\"your-message\"><textarea cols=\"40\" rows=\"10\" maxlength=\"2000\" class=\"wpcf7-form-control wpcf7-textarea wpcf7-validates-as-required\" aria-required=\"true\" aria-invalid=\"false\" placeholder=\"Tell me a little about yourself.\" name=\"your-message\"><\/textarea><\/span>\n\t<\/p>\n<\/div>\n<div class=\"linha\">\n\t<p><label style=\"color: #1E3264;font-size: 20px;\">Please provide your professional background.<\/label><br \/>\n<span class=\"wpcf7-form-control-wrap\" data-name=\"formacao\"><span class=\"wpcf7-form-control wpcf7-checkbox wpcf7-validates-as-required\"><span class=\"wpcf7-list-item first\"><label><input type=\"checkbox\" name=\"formacao[]\" value=\"Completed high school\" \/><span class=\"wpcf7-list-item-label\">Completed high school<\/span><\/label><\/span><span class=\"wpcf7-list-item\"><label><input type=\"checkbox\" name=\"formacao[]\" value=\"Currently enrolled in higher education\" \/><span class=\"wpcf7-list-item-label\">Currently enrolled in higher education<\/span><\/label><\/span><span class=\"wpcf7-list-item\"><label><input type=\"checkbox\" name=\"formacao[]\" value=\"Completed higher education\" \/><span class=\"wpcf7-list-item-label\">Completed higher education<\/span><\/label><\/span><span class=\"wpcf7-list-item\"><label><input type=\"checkbox\" name=\"formacao[]\" value=\"Currently enrolled in postgraduate\/MBA\" \/><span class=\"wpcf7-list-item-label\">Currently enrolled in postgraduate\/MBA<\/span><\/label><\/span><span class=\"wpcf7-list-item\"><label><input type=\"checkbox\" name=\"formacao[]\" value=\"Completed postgraduate\/MBA\" \/><span class=\"wpcf7-list-item-label\">Completed postgraduate\/MBA<\/span><\/label><\/span><span class=\"wpcf7-list-item\"><label><input type=\"checkbox\" name=\"formacao[]\" value=\"Completed technical course (mechanics, administration, logistics, etc.)\" \/><span class=\"wpcf7-list-item-label\">Completed technical course (mechanics, administration, logistics, etc.)<\/span><\/label><\/span><span class=\"wpcf7-list-item last\"><label><input type=\"checkbox\" name=\"formacao[]\" value=\"Incomplete technical course (mechanics, administration, logistics, etc.)\" \/><span class=\"wpcf7-list-item-label\">Incomplete technical course (mechanics, administration, logistics, etc.)<\/span><\/label><\/span><\/span><\/span>\n\t<\/p>\n<\/div>\n<div class=\"linha\">\n\t<p><span class=\"wpcf7-form-control-wrap\" data-name=\"experiencia\"><textarea cols=\"40\" rows=\"10\" maxlength=\"2000\" class=\"wpcf7-form-control wpcf7-textarea wpcf7-validates-as-required\" aria-required=\"true\" aria-invalid=\"false\" placeholder=\"Provide a brief summary of your most recent professional experience (company name, period, position, etc.).\" name=\"experiencia\"><\/textarea><\/span>\n\t<\/p>\n<\/div>\n<div class=\"linha\">\n\t<p><span class=\"wpcf7-form-control-wrap\" data-name=\"conhecimento\"><textarea cols=\"40\" rows=\"10\" maxlength=\"2000\" class=\"wpcf7-form-control wpcf7-textarea wpcf7-validates-as-required\" aria-required=\"true\" aria-invalid=\"false\" placeholder=\"Describe some of your specific skills (language, other courses, etc.).\" name=\"conhecimento\"><\/textarea><\/span>\n\t<\/p>\n<\/div>\n<div class=\"linha campo-upload\">\n\t<p><label>Attach CV.<br \/>\n<span class=\"wpcf7-form-control-wrap\" data-name=\"curriculo\"><input size=\"40\" class=\"wpcf7-form-control wpcf7-file\" accept=\".pdf,.doc,.docx\" aria-invalid=\"false\" type=\"file\" name=\"curriculo\" \/><\/span><br \/>\n<\/label>\n\t<\/p>\n<\/div>\n<div class=\"linha botao-enviar\">\n<input class=\"wpcf7-form-control wpcf7-hidden\" value=\"Trabalhe conosco EN\" type=\"hidden\" name=\"your-subject\" \/>\n\t<p><div id=\"cf7sr-69ec4327405d0\" class=\"cf7sr-g-recaptcha\" data-theme=\"light\" data-type=\"image\" data-size=\"normal\" data-sitekey=\"6LekRSorAAAAABGtX3Sw8ul7Brfs39aBCHK8Y1Oy\"><\/div><span class=\"wpcf7-form-control-wrap cf7sr-recaptcha\" data-name=\"cf7sr-recaptcha\"><input type=\"hidden\" name=\"cf7sr-recaptcha\" value=\"\" class=\"wpcf7-form-control\"><\/span><br \/>\n<input class=\"wpcf7-form-control wpcf7-submit has-spinner\" type=\"submit\" value=\"SEND\" \/>\n\t<\/p>\n<\/div>\n<p><script>\n\tdocument.addEventListener('DOMContentLoaded', function() {\n document.addEventListener('wpcf7mailsent', function(event) {\n window.location.href = \"\/en\/thanks\/\";\n }, false);\n});\n<\/script>\n<\/p><div class=\"wpcf7-response-output\" aria-hidden=\"true\"><\/div>\n<\/form>\n<\/div>\n<!-- [et_pb_line_break_holder] --><!-- [et_pb_line_break_holder] --><script><!-- [et_pb_line_break_holder] -->document.addEventListener('DOMContentLoaded', function () {<!-- [et_pb_line_break_holder] -->  \/\/ pega o campo do CF7<!-- [et_pb_line_break_holder] -->  var tel = document.querySelector('.wpcf7-form input[name=\"telefone-numero\"]');<!-- [et_pb_line_break_holder] --><!-- [et_pb_line_break_holder] -->  if (!tel) return;<!-- [et_pb_line_break_holder] --><!-- [et_pb_line_break_holder] -->  tel.addEventListener('input', function () {<!-- [et_pb_line_break_holder] -->    let v = this.value.replace(\/\\D\/g, ''); \/\/ s\u00f3 n\u00fameros<!-- [et_pb_line_break_holder] --><!-- [et_pb_line_break_holder] -->    \/\/ se vier com DDI (55...), remove<!-- [et_pb_line_break_holder] -->    if (v.startsWith('55') && v.length > 11) {<!-- [et_pb_line_break_holder] -->      v = v.slice(2);<!-- [et_pb_line_break_holder] -->    }<!-- [et_pb_line_break_holder] --><!-- [et_pb_line_break_holder] -->    \/\/ limita a 11 d\u00edgitos (2 DDD + 9 n\u00famero)<!-- [et_pb_line_break_holder] -->    v = v.slice(0, 11);<!-- [et_pb_line_break_holder] --><!-- [et_pb_line_break_holder] -->    \/\/ monta a m\u00e1scara dinamicamente<!-- [et_pb_line_break_holder] -->    if (v.length <= 2) {<!-- [et_pb_line_break_holder] -->      \/\/ s\u00f3 DDD<!-- [et_pb_line_break_holder] -->      this.value = '(' + v;<!-- [et_pb_line_break_holder] -->    } else if (v.length <= 6) {<!-- [et_pb_line_break_holder] -->      \/\/ DDD + come\u00e7o do n\u00famero, sem h\u00edfen ainda<!-- [et_pb_line_break_holder] -->      this.value = '(' + v.slice(0, 2) + ') ' + v.slice(2);<!-- [et_pb_line_break_holder] -->    } else if (v.length <= 10) {<!-- [et_pb_line_break_holder] -->      \/\/ formato fixo: (DD) 1234-5678<!-- [et_pb_line_break_holder] -->      this.value = '(' + v.slice(0, 2) + ') ' + v.slice(2, 6) + '-' + v.slice(6);<!-- [et_pb_line_break_holder] -->    } else {<!-- [et_pb_line_break_holder] -->      \/\/ formato celular: (DD) 12345-6789<!-- [et_pb_line_break_holder] -->      this.value = '(' + v.slice(0, 2) + ') ' + v.slice(2, 7) + '-' + v.slice(7);<!-- [et_pb_line_break_holder] -->    }<!-- [et_pb_line_break_holder] -->  });<!-- [et_pb_line_break_holder] --><!-- [et_pb_line_break_holder] -->  \/\/ opcional: ao colar, j\u00e1 formata<!-- [et_pb_line_break_holder] -->  tel.addEventListener('paste', function (e) {<!-- [et_pb_line_break_holder] -->    let paste = (e.clipboardData || window.clipboardData).getData('text');<!-- [et_pb_line_break_holder] -->    paste = paste.replace(\/\\D\/g, '').slice(0, 11);<!-- [et_pb_line_break_holder] -->    e.preventDefault();<!-- [et_pb_line_break_holder] -->    this.value = '';<!-- [et_pb_line_break_holder] -->    setTimeout(() => {<!-- [et_pb_line_break_holder] -->      this.value = paste;<!-- [et_pb_line_break_holder] -->      this.dispatchEvent(new Event('input'));<!-- [et_pb_line_break_holder] -->    }, 0);<!-- [et_pb_line_break_holder] -->  });<!-- [et_pb_line_break_holder] -->});<!-- [et_pb_line_break_holder] --><\/script>[\/et_pb_code][\/et_pb_column][\/et_pb_row][\/et_pb_section][et_pb_section fb_built=&#8221;1&#8243; fullwidth=&#8221;on&#8221; _builder_version=&#8221;4.27.4&#8243; _module_preset=&#8221;default&#8221; custom_margin=&#8221;0px|0px|0px|0px|true|true&#8221; custom_padding=&#8221;0px|0px|0px|0px|true|true&#8221; global_colors_info=&#8221;{}&#8221;][et_pb_fullwidth_code _builder_version=&#8221;4.27.4&#8243; _module_preset=&#8221;default&#8221; global_colors_info=&#8221;{}&#8221;]<iframe data-src=\"https:\/\/www.google.com\/maps\/embed?pb=!1m18!1m12!1m3!1d7321.702077117165!2d-47.178826120371006!3d-23.4297476!2m3!1f0!2f0!3f0!3m2!1i1024!2i768!4f13.1!3m3!1m2!1s0x94cf6a4556575099%3A0xc6972bc849926616!2sS%C3%A3o%20Paulo%20Catarina%20Aeroporto%20Executivo%20Internacional!5e0!3m2!1spt-BR!2sbr!4v1743626043166!5m2!1spt-BR!2sbr\" width=\"100%\" height=\"0\" style=\"border:0;height:400px !important; max-height:400px !important;min-height:400px !important;position: relative\" allowfullscreen=\"\" referrerpolicy=\"no-referrer-when-downgrade\" src=\"data:image\/svg+xml;base64,PHN2ZyB3aWR0aD0iMSIgaGVpZ2h0PSIxIiB4bWxucz0iaHR0cDovL3d3dy53My5vcmcvMjAwMC9zdmciPjwvc3ZnPg==\" class=\"lazyload\" data-load-mode=\"1\"><\/iframe>[\/et_pb_fullwidth_code][\/et_pb_section]<\/p>\n","protected":false},"excerpt":{"rendered":"<p>Work with us\n<div class=\"wpcf7 no-js\" id=\"wpcf7-f25103490-o2\" lang=\"pt-BR\" dir=\"ltr\" data-wpcf7-id=\"25103490\">\n<div class=\"screen-reader-response\"><p role=\"status\" aria-live=\"polite\" aria-atomic=\"true\"><\/p> <ul><\/ul><\/div>\n<form action=\"\/en\/wp-json\/wp\/v2\/pages\/25103492#wpcf7-f25103490-o2\" method=\"post\" class=\"wpcf7-form init\" aria-label=\"Formul\u00e1rios de contato\" enctype=\"multipart\/form-data\" novalidate=\"novalidate\" data-status=\"init\">\n<fieldset class=\"hidden-fields-container\"><input type=\"hidden\" name=\"_wpcf7\" value=\"25103490\" \/><input type=\"hidden\" name=\"_wpcf7_version\" value=\"6.1.5\" \/><input type=\"hidden\" name=\"_wpcf7_locale\" value=\"pt_BR\" \/><input type=\"hidden\" name=\"_wpcf7_unit_tag\" value=\"wpcf7-f25103490-o2\" \/><input type=\"hidden\" name=\"_wpcf7_container_post\" value=\"0\" \/><input type=\"hidden\" name=\"_wpcf7_posted_data_hash\" value=\"\" \/>\n<\/fieldset>\n<div class=\"linha\">\n\t<p><span class=\"wpcf7-form-control-wrap\" data-name=\"area-interesse\"><input size=\"40\" maxlength=\"400\" class=\"wpcf7-form-control wpcf7-text wpcf7-validates-as-required\" aria-required=\"true\" aria-invalid=\"false\" placeholder=\"Which job or position are you interested in?\" value=\"\" type=\"text\" name=\"area-interesse\" \/><\/span>\n\t<\/p>\n<\/div>\n<div class=\"linha\">\n\t<p><span class=\"wpcf7-form-control-wrap\" data-name=\"your-name\"><input size=\"40\" maxlength=\"400\" class=\"wpcf7-form-control wpcf7-text wpcf7-validates-as-required\" aria-required=\"true\" aria-invalid=\"false\" placeholder=\"Name\" value=\"\" type=\"text\" name=\"your-name\" \/><\/span>\n\t<\/p>\n<\/div>\n<div class=\"linha\">\n\t<p><span class=\"wpcf7-form-control-wrap\" data-name=\"data-nascimento\"><input size=\"40\" maxlength=\"400\" class=\"wpcf7-form-control wpcf7-text wpcf7-validates-as-required\" aria-required=\"true\" aria-invalid=\"false\" placeholder=\"Date of birth (dd\/MM\/yyyy)\" value=\"\" type=\"text\" name=\"data-nascimento\" \/><\/span>\n\t<\/p>\n<\/div>\n<div class=\"linha\">\n\t<p><span class=\"wpcf7-form-control-wrap\" data-name=\"telefone-numero\"><input size=\"40\" maxlength=\"400\" class=\"wpcf7-form-control wpcf7-tel wpcf7-validates-as-required wpcf7-text wpcf7-validates-as-tel\" aria-required=\"true\" aria-invalid=\"false\" placeholder=\"Phone \/ Whatsapp\" value=\"\" type=\"tel\" name=\"telefone-numero\" \/><\/span>\n\t<\/p>\n<\/div>\n<div class=\"linha\">\n\t<p><span class=\"wpcf7-form-control-wrap\" data-name=\"your-email\"><input size=\"40\" maxlength=\"400\" class=\"wpcf7-form-control wpcf7-email wpcf7-validates-as-required wpcf7-text wpcf7-validates-as-email\" aria-required=\"true\" aria-invalid=\"false\" placeholder=\"E-mail\" value=\"\" type=\"email\" name=\"your-email\" \/><\/span>\n\t<\/p>\n<\/div>\n<div class=\"linha\">\n\t<p><span class=\"wpcf7-form-control-wrap\" data-name=\"your-message\"><textarea cols=\"40\" rows=\"10\" maxlength=\"2000\" class=\"wpcf7-form-control wpcf7-textarea wpcf7-validates-as-required\" aria-required=\"true\" aria-invalid=\"false\" placeholder=\"Tell me a little about yourself.\" name=\"your-message\"><\/textarea><\/span>\n\t<\/p>\n<\/div>\n<div class=\"linha\">\n\t<p><label style=\"color: #1E3264;font-size: 20px;\">Please provide your professional background.<\/label><br \/>\n<span class=\"wpcf7-form-control-wrap\" data-name=\"formacao\"><span class=\"wpcf7-form-control wpcf7-checkbox wpcf7-validates-as-required\"><span class=\"wpcf7-list-item first\"><label><input type=\"checkbox\" name=\"formacao[]\" value=\"Completed high school\" \/><span class=\"wpcf7-list-item-label\">Completed high school<\/span><\/label><\/span><span class=\"wpcf7-list-item\"><label><input type=\"checkbox\" name=\"formacao[]\" value=\"Currently enrolled in higher education\" \/><span class=\"wpcf7-list-item-label\">Currently enrolled in higher education<\/span><\/label><\/span><span class=\"wpcf7-list-item\"><label><input type=\"checkbox\" name=\"formacao[]\" value=\"Completed higher education\" \/><span class=\"wpcf7-list-item-label\">Completed higher education<\/span><\/label><\/span><span class=\"wpcf7-list-item\"><label><input type=\"checkbox\" name=\"formacao[]\" value=\"Currently enrolled in postgraduate\/MBA\" \/><span class=\"wpcf7-list-item-label\">Currently enrolled in postgraduate\/MBA<\/span><\/label><\/span><span class=\"wpcf7-list-item\"><label><input type=\"checkbox\" name=\"formacao[]\" value=\"Completed postgraduate\/MBA\" \/><span class=\"wpcf7-list-item-label\">Completed postgraduate\/MBA<\/span><\/label><\/span><span class=\"wpcf7-list-item\"><label><input type=\"checkbox\" name=\"formacao[]\" value=\"Completed technical course (mechanics, administration, logistics, etc.)\" \/><span class=\"wpcf7-list-item-label\">Completed technical course (mechanics, administration, logistics, etc.)<\/span><\/label><\/span><span class=\"wpcf7-list-item last\"><label><input type=\"checkbox\" name=\"formacao[]\" value=\"Incomplete technical course (mechanics, administration, logistics, etc.)\" \/><span class=\"wpcf7-list-item-label\">Incomplete technical course (mechanics, administration, logistics, etc.)<\/span><\/label><\/span><\/span><\/span>\n\t<\/p>\n<\/div>\n<div class=\"linha\">\n\t<p><span class=\"wpcf7-form-control-wrap\" data-name=\"experiencia\"><textarea cols=\"40\" rows=\"10\" maxlength=\"2000\" class=\"wpcf7-form-control wpcf7-textarea wpcf7-validates-as-required\" aria-required=\"true\" aria-invalid=\"false\" placeholder=\"Provide a brief summary of your most recent professional experience (company name, period, position, etc.).\" name=\"experiencia\"><\/textarea><\/span>\n\t<\/p>\n<\/div>\n<div class=\"linha\">\n\t<p><span class=\"wpcf7-form-control-wrap\" data-name=\"conhecimento\"><textarea cols=\"40\" rows=\"10\" maxlength=\"2000\" class=\"wpcf7-form-control wpcf7-textarea wpcf7-validates-as-required\" aria-required=\"true\" aria-invalid=\"false\" placeholder=\"Describe some of your specific skills (language, other courses, etc.).\" name=\"conhecimento\"><\/textarea><\/span>\n\t<\/p>\n<\/div>\n<div class=\"linha campo-upload\">\n\t<p><label>Attach CV.<br \/>\n<span class=\"wpcf7-form-control-wrap\" data-name=\"curriculo\"><input size=\"40\" class=\"wpcf7-form-control wpcf7-file\" accept=\".pdf,.doc,.docx\" aria-invalid=\"false\" type=\"file\" name=\"curriculo\" \/><\/span><br \/>\n<\/label>\n\t<\/p>\n<\/div>\n<div class=\"linha botao-enviar\">\n<input class=\"wpcf7-form-control wpcf7-hidden\" value=\"Trabalhe conosco EN\" type=\"hidden\" name=\"your-subject\" \/>\n\t<p><div id=\"cf7sr-69ec4327452b9\" class=\"cf7sr-g-recaptcha\" data-theme=\"light\" data-type=\"image\" data-size=\"normal\" data-sitekey=\"6LekRSorAAAAABGtX3Sw8ul7Brfs39aBCHK8Y1Oy\"><\/div><span class=\"wpcf7-form-control-wrap cf7sr-recaptcha\" data-name=\"cf7sr-recaptcha\"><input type=\"hidden\" name=\"cf7sr-recaptcha\" value=\"\" class=\"wpcf7-form-control\"><\/span><br \/>\n<input class=\"wpcf7-form-control wpcf7-submit has-spinner\" type=\"submit\" value=\"SEND\" \/>\n\t<\/p>\n<\/div>\n<p><script>\n\tdocument.addEventListener('DOMContentLoaded', function() {\n document.addEventListener('wpcf7mailsent', function(event) {\n window.location.href = \"\/en\/thanks\/\";\n }, false);\n});\n<\/script>\n<\/p><div class=\"wpcf7-response-output\" aria-hidden=\"true\"><\/div>\n<\/form>\n<\/div>\n<\/p>\n","protected":false},"author":1,"featured_media":0,"parent":0,"menu_order":0,"comment_status":"closed","ping_status":"closed","template":"","meta":{"_et_pb_use_builder":"on","_et_pb_old_content":"","_et_gb_content_width":"","footnotes":""},"class_list":["post-25103492","page","type-page","status-publish","hentry"],"_links":{"self":[{"href":"https:\/\/synerjet.com\/en\/wp-json\/wp\/v2\/pages\/25103492","targetHints":{"allow":["GET"]}}],"collection":[{"href":"https:\/\/synerjet.com\/en\/wp-json\/wp\/v2\/pages"}],"about":[{"href":"https:\/\/synerjet.com\/en\/wp-json\/wp\/v2\/types\/page"}],"author":[{"embeddable":true,"href":"https:\/\/synerjet.com\/en\/wp-json\/wp\/v2\/users\/1"}],"replies":[{"embeddable":true,"href":"https:\/\/synerjet.com\/en\/wp-json\/wp\/v2\/comments?post=25103492"}],"version-history":[{"count":5,"href":"https:\/\/synerjet.com\/en\/wp-json\/wp\/v2\/pages\/25103492\/revisions"}],"predecessor-version":[{"id":25103581,"href":"https:\/\/synerjet.com\/en\/wp-json\/wp\/v2\/pages\/25103492\/revisions\/25103581"}],"wp:attachment":[{"href":"https:\/\/synerjet.com\/en\/wp-json\/wp\/v2\/media?parent=25103492"}],"curies":[{"name":"wp","href":"https:\/\/api.w.org\/{rel}","templated":true}]}}