{"id":883,"date":"2024-05-24T18:09:06","date_gmt":"2024-05-24T18:09:06","guid":{"rendered":"https:\/\/synerjet.com.br\/en\/?page_id=883"},"modified":"2026-01-08T20:45:55","modified_gmt":"2026-01-08T20:45:55","slug":"honeywell","status":"publish","type":"page","link":"https:\/\/synerjet.com\/en\/equipment\/honeywell\/","title":{"rendered":"Honeywell"},"content":{"rendered":"<p>[et_pb_section fb_built=&#8221;1&#8243; admin_label=&#8221;Header&#8221; _builder_version=&#8221;4.25.1&#8243; _module_preset=&#8221;default&#8221; use_background_color_gradient=&#8221;on&#8221; background_color_gradient_stops=&#8221;rgba(13,35,45,0) 0%|#091d26 100%&#8221; background_color_gradient_overlays_image=&#8221;on&#8221; background_image=&#8221;https:\/\/synerjet.com\/en\/wp-content\/uploads\/2024\/05\/Avionics_Anthem_2880x1440.jpg&#8221; background_enable_video_mp4=&#8221;off&#8221; collapsed=&#8221;on&#8221; global_colors_info=&#8221;{}&#8221;][et_pb_row _builder_version=&#8221;4.17.6&#8243; _module_preset=&#8221;default&#8221; max_width=&#8221;800px&#8221; global_colors_info=&#8221;{}&#8221;][et_pb_column type=&#8221;4_4&#8243; _builder_version=&#8221;4.17.4&#8243; _module_preset=&#8221;default&#8221; global_colors_info=&#8221;{}&#8221;][et_pb_text _builder_version=&#8221;4.27.4&#8243; _module_preset=&#8221;c9c4574d-66da-4074-bc01-a39a90242834&#8243; header_font=&#8221;&#8211;et_global_heading_font|300||on|||||&#8221; header_text_color=&#8221;#FFFFFF&#8221; header_font_size=&#8221;107px&#8221; header_line_height=&#8221;1.15em&#8221; text_orientation=&#8221;center&#8221; hover_enabled=&#8221;0&#8243; header_font_size_tablet=&#8221;50px&#8221; header_font_size_phone=&#8221;30px&#8221; header_font_size_last_edited=&#8221;on|phone&#8221; global_colors_info=&#8221;{}&#8221; sticky_enabled=&#8221;0&#8243;]<\/p>\n<h1>Honeywell<\/h1>\n<p>[\/et_pb_text][et_pb_button button_url=&#8221;https:\/\/www.honeywell.com&#8221; url_new_window=&#8221;on&#8221; button_text=&#8221;Honeywell Website&#8221; button_alignment=&#8221;center&#8221; _builder_version=&#8221;4.27.4&#8243; _module_preset=&#8221;f5195447-7566-4db2-8be7-f2c20518c7a8&#8243; custom_button=&#8221;on&#8221; button_text_size=&#8221;12px&#8221; button_text_color=&#8221;#FFFFFF&#8221; button_bg_color=&#8221;RGBA(255,255,255,0)&#8221; button_border_color=&#8221;#FFFFFF&#8221; button_border_radius=&#8221;100px&#8221; button_letter_spacing=&#8221;0.5em&#8221; button_font=&#8221;&#8211;et_global_body_font|700||on|||||&#8221; custom_margin=&#8221;-10%||||false|false&#8221; custom_padding=&#8221;80px|24px|80px|24px|true|true&#8221; custom_padding_tablet=&#8221;68px|15px|68px|15px|true|true&#8221; custom_padding_phone=&#8221;60px|12px|60px|12px|true|true&#8221; custom_padding_last_edited=&#8221;on|phone&#8221; hover_enabled=&#8221;0&#8243; button_text_size_tablet=&#8221;11px&#8221; button_text_size_phone=&#8221;10px&#8221; button_text_size_last_edited=&#8221;on|phone&#8221; locked=&#8221;off&#8221; global_colors_info=&#8221;{}&#8221; sticky_enabled=&#8221;0&#8243;][\/et_pb_button][\/et_pb_column][\/et_pb_row][et_pb_row column_structure=&#8221;1_4,1_4,1_4,1_4&#8243; _builder_version=&#8221;4.17.4&#8243; _module_preset=&#8221;default&#8221; global_colors_info=&#8221;{}&#8221;][et_pb_column type=&#8221;1_4&#8243; _builder_version=&#8221;4.17.4&#8243; _module_preset=&#8221;default&#8221; global_colors_info=&#8221;{}&#8221;][et_pb_image src=&#8221;https:\/\/synerjet.com\/en\/wp-content\/uploads\/2024\/07\/destaque_01.jpg&#8221; title_text=&#8221;destaque_01&#8243; _builder_version=&#8221;4.26.0&#8243; _module_preset=&#8221;default&#8221; global_colors_info=&#8221;{}&#8221;][\/et_pb_image][\/et_pb_column][et_pb_column type=&#8221;1_4&#8243; _builder_version=&#8221;4.17.4&#8243; _module_preset=&#8221;default&#8221; global_colors_info=&#8221;{}&#8221;][et_pb_text _builder_version=&#8221;4.27.4&#8243; _module_preset=&#8221;7d75fe7f-5727-495a-ac6e-57afccfd3533&#8243; header_5_font=&#8221;&#8211;et_global_heading_font|700||on|||||&#8221; header_5_text_color=&#8221;#FFFFFF&#8221; header_5_font_size=&#8221;20px&#8221; header_5_line_height=&#8221;1.4em&#8221; custom_margin=&#8221;||0px||false|false&#8221; hover_enabled=&#8221;0&#8243; header_5_font_size_tablet=&#8221;15px&#8221; header_5_font_size_phone=&#8221;14px&#8221; header_5_font_size_last_edited=&#8221;on|desktop&#8221; global_colors_info=&#8221;{}&#8221; sticky_enabled=&#8221;0&#8243;]<\/p>\n<h5>AVIONICS<\/h5>\n<p>[\/et_pb_text][et_pb_text _builder_version=&#8221;4.27.4&#8243; _module_preset=&#8221;4c43b4b6-66bf-432d-959a-705bda24a650&#8243; text_font=&#8221;&#8211;et_global_body_font|500|||||||&#8221; text_text_color=&#8221;#FFFFFF&#8221; text_line_height=&#8221;1.65em&#8221; hover_enabled=&#8221;0&#8243; header_font_size_tablet=&#8221;55px&#8221; header_font_size_last_edited=&#8221;off|desktop&#8221; global_colors_info=&#8221;{}&#8221; sticky_enabled=&#8221;0&#8243;]<\/p>\n<p>With its <strong>Maintenance Service Plan<\/strong> (MSP), <strong>Honeywell<\/strong> has improved the way maintenance is planned for business aviation. Its MSP Avionics is an extended warranty program that offers benefits such as reduced maintenance costs, 24\/7 emergency support for critical situations, access to Honeywell\u2019s global inventory, and customizable options to meet individual needs. In addition, contracts are fully transferable and provide support that is equivalent to the factory warranty.<\/p>\n<p>[\/et_pb_text][\/et_pb_column][et_pb_column type=&#8221;1_4&#8243; _builder_version=&#8221;4.17.4&#8243; _module_preset=&#8221;default&#8221; global_colors_info=&#8221;{}&#8221;][et_pb_image src=&#8221;https:\/\/synerjet.com\/en\/wp-content\/uploads\/2024\/07\/destaque_02.jpg&#8221; title_text=&#8221;destaque_02&#8243; _builder_version=&#8221;4.26.0&#8243; _module_preset=&#8221;default&#8221; locked=&#8221;off&#8221; global_colors_info=&#8221;{}&#8221;][\/et_pb_image][\/et_pb_column][et_pb_column type=&#8221;1_4&#8243; _builder_version=&#8221;4.17.4&#8243; _module_preset=&#8221;default&#8221; global_colors_info=&#8221;{}&#8221;][et_pb_text _builder_version=&#8221;4.27.4&#8243; _module_preset=&#8221;7d75fe7f-5727-495a-ac6e-57afccfd3533&#8243; header_5_font=&#8221;&#8211;et_global_heading_font|700||on|||||&#8221; header_5_text_color=&#8221;#FFFFFF&#8221; header_5_font_size=&#8221;20px&#8221; header_5_line_height=&#8221;1.4em&#8221; custom_margin=&#8221;||0px||false|false&#8221; header_5_font_size_tablet=&#8221;15px&#8221; header_5_font_size_phone=&#8221;14px&#8221; header_5_font_size_last_edited=&#8221;on|desktop&#8221; locked=&#8221;off&#8221; global_colors_info=&#8221;{}&#8221;]<\/p>\n<h5>CONNECTIVITY<\/h5>\n<p>[\/et_pb_text][et_pb_text _builder_version=&#8221;4.27.4&#8243; _module_preset=&#8221;4c43b4b6-66bf-432d-959a-705bda24a650&#8243; text_font=&#8221;&#8211;et_global_body_font|500|||||||&#8221; text_text_color=&#8221;#FFFFFF&#8221; text_line_height=&#8221;1.65em&#8221; header_font_size_tablet=&#8221;55px&#8221; header_font_size_last_edited=&#8221;off|desktop&#8221; locked=&#8221;off&#8221; global_colors_info=&#8221;{}&#8221;]<\/p>\n<p><strong>Honeywell<\/strong> is leading the technology revolution with its Connected Aircraft, transforming flight communication and safety with innovative solutions. We offer reliable connectivity globally at speeds comparable to those in terrestrial environments. We also provide avionics upgrades, advanced weather radar systems, ADS-B solutions, and traffic and terrain awareness systems, improving aircraft safety and operational efficiency.<\/p>\n<p>[\/et_pb_text][\/et_pb_column][\/et_pb_row][\/et_pb_section][et_pb_section fb_built=&#8221;1&#8243; admin_label=&#8221;Categories&#8221; _builder_version=&#8221;4.24.2&#8243; _module_preset=&#8221;default&#8221; background_color=&#8221;#FFFFFF&#8221; collapsed=&#8221;on&#8221; global_colors_info=&#8221;{}&#8221;][et_pb_row column_structure=&#8221;2_3,1_3&#8243; _builder_version=&#8221;4.17.4&#8243; _module_preset=&#8221;default&#8221; global_colors_info=&#8221;{}&#8221;][et_pb_column type=&#8221;2_3&#8243; _builder_version=&#8221;4.17.4&#8243; _module_preset=&#8221;default&#8221; global_colors_info=&#8221;{}&#8221;][et_pb_text _builder_version=&#8221;4.27.4&#8243; _module_preset=&#8221;b327cbe4-b1d5-4b66-ad37-40c8f2f061ba&#8221; header_2_font=&#8221;&#8211;et_global_heading_font|||on|||||&#8221; header_2_text_color=&#8221;#0d232d&#8221; header_2_font_size=&#8221;61px&#8221; header_2_line_height=&#8221;1.15em&#8221; hover_enabled=&#8221;0&#8243; header_2_font_size_tablet=&#8221;32px&#8221; header_2_font_size_phone=&#8221;20px&#8221; header_2_font_size_last_edited=&#8221;on|phone&#8221; global_colors_info=&#8221;{}&#8221; sticky_enabled=&#8221;0&#8243;]<\/p>\n<h2>THE BEST AVIONICS <strong>FOR THE BEST AIRCRAFT<\/strong><\/h2>\n<p>[\/et_pb_text][\/et_pb_column][et_pb_column type=&#8221;1_3&#8243; _builder_version=&#8221;4.17.4&#8243; _module_preset=&#8221;default&#8221; global_colors_info=&#8221;{}&#8221;][\/et_pb_column][\/et_pb_row][et_pb_row use_custom_gutter=&#8221;on&#8221; _builder_version=&#8221;4.24.2&#8243; _module_preset=&#8221;default&#8221; width=&#8221;52%&#8221; width_tablet=&#8221;80%&#8221; width_phone=&#8221;&#8221; width_last_edited=&#8221;on|phone&#8221; max_width=&#8221;100%&#8221; locked=&#8221;off&#8221; global_colors_info=&#8221;{}&#8221;][et_pb_column type=&#8221;4_4&#8243; _builder_version=&#8221;4.17.4&#8243; _module_preset=&#8221;default&#8221; global_colors_info=&#8221;{}&#8221;][et_pb_text _builder_version=&#8221;4.27.4&#8243; _module_preset=&#8221;default&#8221; text_font=&#8221;&#8211;et_global_body_font||||||||&#8221; hover_enabled=&#8221;0&#8243; global_colors_info=&#8221;{}&#8221; sticky_enabled=&#8221;0&#8243;]<\/p>\n<p>Headquartered in Charlotte, North Carolina, <strong>Honeywell<\/strong> is recognized for its innovations and advanced solutions in areas such as industrial automation, aerospace, building technologies, performance materials, and safety and productivity solutions. The company stands out for its ability to integrate software and hardware to provide efficient and sustainable solutions. In addition, Honeywell is committed to sustainability, focusing on responsible environmental practices and developing products that promote energy efficiency. With a global presence and operations in Brazil since 1958, Honeywell serves a wide range of industries and consumers with a strong commitment to quality and continuous innovation. The company\u2019s vision is to enhance the quality of life of people around the globe, enabling a safer, more comfortable, and more productive future.<\/p>\n<p><span style=\"font-weight: 400;\">Uma parte significativa desse compromisso com o futuro, \u00e9 vista em sua parceria com a <strong>BendixKing<\/strong>, uma subsidi\u00e1ria da Honeywell especializada em sistemas de avi\u00f4nicos. A BendixKing, com sua longa tradi\u00e7\u00e3o em excel\u00eancia e preocupa\u00e7\u00e3o com avan\u00e7o tecnol\u00f3gico, fornece uma ampla gama de produtos e servi\u00e7os que melhoram a seguran\u00e7a e efici\u00eancia das aeronaves. Embora existam diferen\u00e7as entre os avi\u00f4nicos da Honeywell que voam em avi\u00f5es comerciais e os sistemas BendixKing encontrados em aeronaves pequenas e privadas, elas compartilham parte do mesmo DNA e continuam a liderar o mercado e definir o futuro da avia\u00e7\u00e3o.<\/span><\/p>\n<p><strong>BENDIXKING<\/strong><\/p>\n<p><strong>BendixKing<\/strong>, a leading provider of general aviation avionics, offers a full range of products from integrated flight decks to inflight and ground connectivity solutions. Honeywell and BendixKing products enhance the pilot experience and communicate critical flight information to ground crews. From designing avionics upgrades to developing state-of-the-art display units that maximize efficiency, performance and safety for operators, BendixKing avionics can be found in aircraft all around the globe.<\/p>\n<p>[\/et_pb_text][\/et_pb_column][\/et_pb_row][\/et_pb_section][et_pb_section fb_built=&#8221;1&#8243; specialty=&#8221;on&#8221; admin_label=&#8221;Gallery&#8221; _builder_version=&#8221;4.24.2&#8243; _module_preset=&#8221;default&#8221; background_color=&#8221;#FFFFFF&#8221; collapsed=&#8221;on&#8221; global_colors_info=&#8221;{}&#8221;][et_pb_column type=&#8221;1_2&#8243; _builder_version=&#8221;4.16&#8243; custom_padding=&#8221;|||&#8221; global_colors_info=&#8221;{}&#8221; custom_padding__hover=&#8221;|||&#8221;][et_pb_image src=&#8221;https:\/\/synerjet.com\/en\/wp-content\/uploads\/2024\/05\/Avionics_Newsletter_Banner_1-1-square-copy.jpg&#8221; title_text=&#8221;Avionics_Newsletter_Banner_1-1-square copy&#8221; _builder_version=&#8221;4.25.1&#8243; _module_preset=&#8221;default&#8221; custom_margin=&#8221;|||-20vw|false|false&#8221; custom_margin_tablet=&#8221;|||0vw|false|false&#8221; custom_margin_phone=&#8221;&#8221; custom_margin_last_edited=&#8221;on|tablet&#8221; global_colors_info=&#8221;{}&#8221;][\/et_pb_image][\/et_pb_column][et_pb_column type=&#8221;1_2&#8243; specialty_columns=&#8221;2&#8243; _builder_version=&#8221;4.16&#8243; custom_padding=&#8221;|||&#8221; global_colors_info=&#8221;{}&#8221; custom_padding__hover=&#8221;|||&#8221;][et_pb_row_inner _builder_version=&#8221;4.17.4&#8243; _module_preset=&#8221;default&#8221; global_colors_info=&#8221;{}&#8221;][et_pb_column_inner saved_specialty_column_type=&#8221;1_2&#8243; _builder_version=&#8221;4.17.4&#8243; _module_preset=&#8221;default&#8221; global_colors_info=&#8221;{}&#8221;][et_pb_text _builder_version=&#8221;4.27.4&#8243; _module_preset=&#8221;e6504a1b-67eb-4b3d-b023-bcab277610b6&#8243; link_font=&#8221;||||||||&#8221; link_text_color=&#8221;#AE8F73&#8243; header_4_font=&#8221;&#8211;et_global_body_font|700||on|||||&#8221; header_4_text_color=&#8221;gcid-10f4f743-0062-4f8b-a225-26364d21fb6c&#8221; header_4_font_size=&#8221;12px&#8221; header_4_letter_spacing=&#8221;0.2em&#8221; header_4_line_height=&#8221;1.5em&#8221; custom_margin=&#8221;||0px||false|false&#8221; hover_enabled=&#8221;0&#8243; global_colors_info=&#8221;{%22gcid-10f4f743-0062-4f8b-a225-26364d21fb6c%22:%91%22header_4_text_color%22%93}&#8221; sticky_enabled=&#8221;0&#8243;]<\/p>\n<h4>THE BEST AVIONICS FOR THE BEST AIRCRAFT<\/h4>\n<p>[\/et_pb_text][et_pb_text _builder_version=&#8221;4.27.4&#8243; _module_preset=&#8221;b327cbe4-b1d5-4b66-ad37-40c8f2f061ba&#8221; header_2_font=&#8221;&#8211;et_global_heading_font|||on|||||&#8221; header_2_text_color=&#8221;#0d232d&#8221; header_2_font_size=&#8221;70px&#8221; header_2_line_height=&#8221;1.15em&#8221; header_2_font_size_tablet=&#8221;32px&#8221; header_2_font_size_phone=&#8221;20px&#8221; header_2_font_size_last_edited=&#8221;on|phone&#8221; global_colors_info=&#8221;{}&#8221;]<\/p>\n<h2>ALWAYS ON, <strong>A NEW ERA OF AVIATION<\/strong><\/h2>\n<p>[\/et_pb_text][\/et_pb_column_inner][\/et_pb_row_inner][et_pb_row_inner _builder_version=&#8221;4.17.4&#8243; _module_preset=&#8221;default&#8221; global_colors_info=&#8221;{}&#8221;][et_pb_column_inner saved_specialty_column_type=&#8221;1_2&#8243; _builder_version=&#8221;4.17.4&#8243; _module_preset=&#8221;default&#8221; global_colors_info=&#8221;{}&#8221;][et_pb_text _builder_version=&#8221;4.27.4&#8243; _module_preset=&#8221;default&#8221; text_font=&#8221;&#8211;et_global_body_font||||||||&#8221; global_colors_info=&#8221;{}&#8221;]<\/p>\n<p>The partnership between <strong>Synerjet<\/strong> and <strong>Honeywell<\/strong> represents a strategic collaboration to provide advanced solutions in business aviation. Synerjet, recognized in the Brazilian market for its expertise in business aviation and personalized services, combines its experience in Latin American markets with Honeywell\u2019s cutting-edge technology in avionics and flight management systems.<\/p>\n<p>This collaboration provides customers in Latin America with the access to integrated solutions that improve operational efficiency, safety and comfort in business aircraft. Honeywell offers its global expertise in navigation, communication, flight management and connectivity systems, while Synerjet provides specialized local support, ensuring a personalized and reliable experience.<\/p>\n<p>Together, Honeywell and Synerjet are committed to raising the standards of excellence in business aviation, providing innovative solutions that meet specific customer needs and drive sustainable growth in the sector.<\/p>\n<p>[\/et_pb_text][\/et_pb_column_inner][\/et_pb_row_inner][\/et_pb_column][\/et_pb_section]<\/p>\n","protected":false},"excerpt":{"rendered":"<p>HoneywellAVIONICSWith its Maintenance Service Plan (MSP), Honeywell has improved the way maintenance is planned for business aviation. Its MSP Avionics is an extended warranty program that offers benefits such as reduced maintenance costs, 24\/7 emergency support for critical situations, access to Honeywell\u2019s global inventory, and customizable options to meet individual needs. In addition, contracts are [&hellip;]<\/p>\n","protected":false},"author":2,"featured_media":0,"parent":25102977,"menu_order":0,"comment_status":"closed","ping_status":"closed","template":"","meta":{"_et_pb_use_builder":"on","_et_pb_old_content":"","_et_gb_content_width":"","footnotes":""},"class_list":["post-883","page","type-page","status-publish","hentry"],"_links":{"self":[{"href":"https:\/\/synerjet.com\/en\/wp-json\/wp\/v2\/pages\/883","targetHints":{"allow":["GET"]}}],"collection":[{"href":"https:\/\/synerjet.com\/en\/wp-json\/wp\/v2\/pages"}],"about":[{"href":"https:\/\/synerjet.com\/en\/wp-json\/wp\/v2\/types\/page"}],"author":[{"embeddable":true,"href":"https:\/\/synerjet.com\/en\/wp-json\/wp\/v2\/users\/2"}],"replies":[{"embeddable":true,"href":"https:\/\/synerjet.com\/en\/wp-json\/wp\/v2\/comments?post=883"}],"version-history":[{"count":15,"href":"https:\/\/synerjet.com\/en\/wp-json\/wp\/v2\/pages\/883\/revisions"}],"predecessor-version":[{"id":25103576,"href":"https:\/\/synerjet.com\/en\/wp-json\/wp\/v2\/pages\/883\/revisions\/25103576"}],"up":[{"embeddable":true,"href":"https:\/\/synerjet.com\/en\/wp-json\/wp\/v2\/pages\/25102977"}],"wp:attachment":[{"href":"https:\/\/synerjet.com\/en\/wp-json\/wp\/v2\/media?parent=883"}],"curies":[{"name":"wp","href":"https:\/\/api.w.org\/{rel}","templated":true}]}}