{"id":1027,"date":"2024-07-08T17:04:30","date_gmt":"2024-07-08T17:04:30","guid":{"rendered":"https:\/\/synerjet.com.br\/es\/?page_id=1027"},"modified":"2026-01-09T14:01:23","modified_gmt":"2026-01-09T14:01:23","slug":"aw-119kx","status":"publish","type":"page","link":"https:\/\/synerjet.com\/es\/aeronave\/leonardo\/aw-119kx\/","title":{"rendered":"AW 119Kx"},"content":{"rendered":"<p>[et_pb_section fb_built=&#8221;1&#8243; admin_label=&#8221;Header&#8221; _builder_version=&#8221;4.26.0&#8243; _module_preset=&#8221;default&#8221; use_background_color_gradient=&#8221;on&#8221; background_color_gradient_stops=&#8221;rgba(0,0,0,0.24) 24%|rgba(0,0,0,0.88) 100%&#8221; background_color_gradient_overlays_image=&#8221;on&#8221; background_image=&#8221;https:\/\/synerjet.com\/es\/wp-content\/uploads\/2024\/07\/AW119Kx-1.jpg&#8221; background_enable_video_mp4=&#8221;off&#8221; background_video_width=&#8221;100%&#8221; custom_padding=&#8221;20%||||false|false&#8221; collapsed=&#8221;on&#8221; global_colors_info=&#8221;{}&#8221;][et_pb_row column_structure=&#8221;3_5,2_5&#8243; _builder_version=&#8221;4.17.4&#8243; _module_preset=&#8221;default&#8221; global_colors_info=&#8221;{}&#8221;][et_pb_column type=&#8221;3_5&#8243; _builder_version=&#8221;4.17.4&#8243; _module_preset=&#8221;default&#8221; global_colors_info=&#8221;{}&#8221;][et_pb_text _builder_version=&#8221;4.27.4&#8243; _module_preset=&#8221;c16985e1-e0d6-4022-964d-e2bfc04fa633&#8243; header_font=&#8221;&#8211;et_global_heading_font|300||on|||||&#8221; header_text_color=&#8221;#FFFFFF&#8221; header_font_size=&#8221;100px&#8221; header_line_height=&#8221;1.15em&#8221; hover_enabled=&#8221;0&#8243; header_font_size_tablet=&#8221;40px&#8221; header_font_size_phone=&#8221;24px&#8221; header_font_size_last_edited=&#8221;on|desktop&#8221; global_colors_info=&#8221;{}&#8221; sticky_enabled=&#8221;0&#8243;]<\/p>\n<h1>Leonardo AW119KX<\/h1>\n<p>[\/et_pb_text][\/et_pb_column][et_pb_column type=&#8221;2_5&#8243; _builder_version=&#8221;4.17.4&#8243; _module_preset=&#8221;default&#8221; global_colors_info=&#8221;{}&#8221;][et_pb_button button_url=&#8221;@ET-DC@eyJkeW5hbWljIjp0cnVlLCJjb250ZW50IjoicG9zdF9saW5rX3VybF9wYWdlIiwic2V0dGluZ3MiOnsicG9zdF9pZCI6IjY3MiJ9fQ==@&#8221; button_text=&#8221;ven a conocerlo&#8221; _builder_version=&#8221;4.27.4&#8243; _dynamic_attributes=&#8221;button_url&#8221; _module_preset=&#8221;d7cc993b-624e-47b8-a946-9ba15a6cb780&#8243; custom_button=&#8221;on&#8221; button_text_size=&#8221;12px&#8221; button_text_color=&#8221;#FFFFFF&#8221; button_bg_color=&#8221;RGBA(255,255,255,0)&#8221; button_border_color=&#8221;#FFFFFF&#8221; button_border_radius=&#8221;0px&#8221; button_letter_spacing=&#8221;0.5em&#8221; button_font=&#8221;&#8211;et_global_body_font|700||on|||||&#8221; custom_padding=&#8221;16px|24px|16px|24px|true|true&#8221; hover_enabled=&#8221;0&#8243; global_colors_info=&#8221;{}&#8221; sticky_enabled=&#8221;0&#8243;][\/et_pb_button][\/et_pb_column][\/et_pb_row][\/et_pb_section][et_pb_section fb_built=&#8221;1&#8243; admin_label=&#8221;Feature&#8221; _builder_version=&#8221;4.25.0&#8243; _module_preset=&#8221;default&#8221; background_color=&#8221;#F3EEE8&#8243; custom_padding=&#8221;||||false|false&#8221; collapsed=&#8221;on&#8221; global_colors_info=&#8221;{}&#8221;][et_pb_row column_structure=&#8221;1_3,1_3,1_3&#8243; _builder_version=&#8221;4.17.4&#8243; _module_preset=&#8221;default&#8221; global_colors_info=&#8221;{}&#8221;][et_pb_column type=&#8221;1_3&#8243; _builder_version=&#8221;4.17.4&#8243; _module_preset=&#8221;default&#8221; global_colors_info=&#8221;{}&#8221;][et_pb_image src=&#8221;https:\/\/synerjet.com\/es\/wp-content\/uploads\/2024\/07\/destaque_119KX_02.jpg&#8221; title_text=&#8221;destaque_119KX_02&#8243; _builder_version=&#8221;4.26.0&#8243; _module_preset=&#8221;default&#8221; global_colors_info=&#8221;{}&#8221;][\/et_pb_image][\/et_pb_column][et_pb_column type=&#8221;1_3&#8243; _builder_version=&#8221;4.17.4&#8243; _module_preset=&#8221;default&#8221; global_colors_info=&#8221;{}&#8221;][et_pb_image src=&#8221;https:\/\/synerjet.com\/es\/wp-content\/uploads\/2024\/07\/destaque_119KX_03.jpg&#8221; title_text=&#8221;destaque_119KX_03&#8243; _builder_version=&#8221;4.26.0&#8243; _module_preset=&#8221;default&#8221; locked=&#8221;off&#8221; global_colors_info=&#8221;{}&#8221;][\/et_pb_image][\/et_pb_column][et_pb_column type=&#8221;1_3&#8243; _builder_version=&#8221;4.17.4&#8243; _module_preset=&#8221;default&#8221; global_colors_info=&#8221;{}&#8221;][et_pb_image src=&#8221;https:\/\/synerjet.com\/es\/wp-content\/uploads\/2024\/07\/destaque_119KX_01.jpg&#8221; title_text=&#8221;destaque_119KX_01&#8243; _builder_version=&#8221;4.26.0&#8243; _module_preset=&#8221;default&#8221; locked=&#8221;off&#8221; global_colors_info=&#8221;{}&#8221;][\/et_pb_image][\/et_pb_column][\/et_pb_row][et_pb_row _builder_version=&#8221;4.17.4&#8243; _module_preset=&#8221;default&#8221; locked=&#8221;off&#8221; global_colors_info=&#8221;{}&#8221;][et_pb_column type=&#8221;4_4&#8243; _builder_version=&#8221;4.17.4&#8243; _module_preset=&#8221;default&#8221; global_colors_info=&#8221;{}&#8221;][et_pb_text _builder_version=&#8221;4.27.4&#8243; _module_preset=&#8221;cd2a4f54-9dd5-4b81-94d9-ec2d214579c1&#8243; header_font_size=&#8221;28px&#8221; header_2_font=&#8221;&#8211;et_global_heading_font|300||on|||||&#8221; header_2_text_color=&#8221;#0D232D&#8221; header_2_font_size=&#8221;75px&#8221; header_2_line_height=&#8221;1.15em&#8221; header_2_font_size_tablet=&#8221;50px&#8221; header_2_font_size_phone=&#8221;30px&#8221; header_2_font_size_last_edited=&#8221;on|phone&#8221; global_colors_info=&#8221;{}&#8221;]<\/p>\n<h2>Ligereza vers\u00e1til para <strong>aventuras inigualables<\/strong><\/h2>\n<p>[\/et_pb_text][\/et_pb_column][\/et_pb_row][et_pb_row column_structure=&#8221;1_2,1_2&#8243; _builder_version=&#8221;4.17.4&#8243; _module_preset=&#8221;default&#8221; custom_margin=&#8221;||30px||false|false&#8221; locked=&#8221;off&#8221; global_colors_info=&#8221;{}&#8221;][et_pb_column type=&#8221;1_2&#8243; _builder_version=&#8221;4.17.4&#8243; _module_preset=&#8221;default&#8221; global_colors_info=&#8221;{}&#8221;][et_pb_text _builder_version=&#8221;4.27.4&#8243; _module_preset=&#8221;1f09816e-184e-4ce5-a4cf-b39c52c423ca&#8221; text_font=&#8221;&#8211;et_global_body_font|500|||||||&#8221; text_text_color=&#8221;#0D291F&#8221; text_font_size=&#8221;17px&#8221; text_line_height=&#8221;1.75em&#8221; hover_enabled=&#8221;0&#8243; text_font_size_tablet=&#8221;15px&#8221; text_font_size_phone=&#8221;14px&#8221; text_font_size_last_edited=&#8221;on|phone&#8221; header_font_size_tablet=&#8221;55px&#8221; header_font_size_last_edited=&#8221;off|desktop&#8221; global_colors_info=&#8221;{}&#8221; sticky_enabled=&#8221;0&#8243;]<\/p>\n<p>El <strong>AW119Kx<\/strong> se destaca por su excelencia en controlabilidad y maniobrabilidad, incluso en ambientes desafiantes con temperaturas y altitudes elevadas. Esa caracter\u00edstica lo hace ideal para misiones de servicios m\u00e9dicos de emergencia (EMS) y rescate, en las que el desempe\u00f1o y la capacidad de la aeronave son cruciales para salvar vidas.<\/p>\n<p>[\/et_pb_text][\/et_pb_column][et_pb_column type=&#8221;1_2&#8243; _builder_version=&#8221;4.17.4&#8243; _module_preset=&#8221;default&#8221; global_colors_info=&#8221;{}&#8221;][et_pb_text _builder_version=&#8221;4.27.4&#8243; _module_preset=&#8221;1f09816e-184e-4ce5-a4cf-b39c52c423ca&#8221; text_font=&#8221;&#8211;et_global_body_font|500|||||||&#8221; text_text_color=&#8221;#0D291F&#8221; text_font_size=&#8221;17px&#8221; text_line_height=&#8221;1.75em&#8221; text_font_size_tablet=&#8221;15px&#8221; text_font_size_phone=&#8221;14px&#8221; text_font_size_last_edited=&#8221;on|phone&#8221; header_font_size_tablet=&#8221;55px&#8221; header_font_size_last_edited=&#8221;off|desktop&#8221; locked=&#8221;off&#8221; global_colors_info=&#8221;{}&#8221;]<\/p>\n<p>La espaciosa y vers\u00e1til cabina tiene capacidad para 4 asistentes m\u00e9dicos y una \u00fanica camilla o 2 asistentes y configuraci\u00f3n de camilla dupla, con acceso total al paciente. El interior modular puede acomodar una amplia gama de equipamientos avanzados de soporte a la vida. El helic\u00f3ptero tambi\u00e9n posee puertas deslizantes, un gran compartimento de bagaje y un malacate de 204 kg (405 lb) para operaciones de B\u00fasqueda y Rescate (SAR).<\/p>\n<p>[\/et_pb_text][\/et_pb_column][\/et_pb_row][\/et_pb_section][et_pb_section fb_built=&#8221;1&#8243; _builder_version=&#8221;4.27.4&#8243; _module_preset=&#8221;default&#8221; background_color=&#8221;gcid-cb4203b0-6ae1-443c-92fe-a450af44a419&#8243; global_colors_info=&#8221;{%22gcid-cb4203b0-6ae1-443c-92fe-a450af44a419%22:%91%22background_color%22%93}&#8221;][et_pb_row column_structure=&#8221;1_3,1_3,1_3&#8243; _builder_version=&#8221;4.25.0&#8243; _module_preset=&#8221;default&#8221; global_colors_info=&#8221;{}&#8221;][et_pb_column type=&#8221;1_3&#8243; _builder_version=&#8221;4.25.0&#8243; _module_preset=&#8221;default&#8221; global_colors_info=&#8221;{}&#8221;][et_pb_number_counter title=&#8221;Peso m\u00e1ximo de despegue con carga interna&#8221; number=&#8221;2,850 KG&#8221; percent_sign=&#8221;off&#8221; _builder_version=&#8221;4.27.4&#8243; _module_preset=&#8221;default&#8221; title_font=&#8221;&#8211;et_global_body_font||||||||&#8221; title_text_color=&#8221;#FFFFFF&#8221; number_font=&#8221;&#8211;et_global_heading_font||||||||&#8221; number_text_color=&#8221;gcid-10f4f743-0062-4f8b-a225-26364d21fb6c&#8221; global_colors_info=&#8221;{%22gcid-10f4f743-0062-4f8b-a225-26364d21fb6c%22:%91%22number_text_color%22%93}&#8221;][\/et_pb_number_counter][\/et_pb_column][et_pb_column type=&#8221;1_3&#8243; _builder_version=&#8221;4.25.0&#8243; _module_preset=&#8221;default&#8221; global_colors_info=&#8221;{}&#8221;][et_pb_number_counter title=&#8221;Resistencia M\u00e1xima&#8221; number=&#8221;5h 16 min&#8221; percent_sign=&#8221;off&#8221; _builder_version=&#8221;4.27.4&#8243; _module_preset=&#8221;default&#8221; title_font=&#8221;&#8211;et_global_body_font||||||||&#8221; title_text_color=&#8221;#FFFFFF&#8221; number_font=&#8221;&#8211;et_global_heading_font||||||||&#8221; number_text_color=&#8221;gcid-10f4f743-0062-4f8b-a225-26364d21fb6c&#8221; global_colors_info=&#8221;{%22gcid-10f4f743-0062-4f8b-a225-26364d21fb6c%22:%91%22number_text_color%22%93}&#8221;][\/et_pb_number_counter][\/et_pb_column][et_pb_column type=&#8221;1_3&#8243; _builder_version=&#8221;4.25.0&#8243; _module_preset=&#8221;default&#8221; global_colors_info=&#8221;{}&#8221;][et_pb_number_counter title=&#8221;Alcance m\u00e1ximo&#8221; number=&#8221;945 Km&#8221; percent_sign=&#8221;off&#8221; _builder_version=&#8221;4.27.4&#8243; _module_preset=&#8221;default&#8221; title_font=&#8221;&#8211;et_global_body_font||||||||&#8221; title_text_color=&#8221;#FFFFFF&#8221; number_font=&#8221;&#8211;et_global_heading_font||||||||&#8221; number_text_color=&#8221;gcid-10f4f743-0062-4f8b-a225-26364d21fb6c&#8221; global_colors_info=&#8221;{%22gcid-10f4f743-0062-4f8b-a225-26364d21fb6c%22:%91%22number_text_color%22%93}&#8221;][\/et_pb_number_counter][\/et_pb_column][\/et_pb_row][\/et_pb_section][et_pb_section fb_built=&#8221;1&#8243; _builder_version=&#8221;4.25.2&#8243; _module_preset=&#8221;default&#8221; global_colors_info=&#8221;{}&#8221;][et_pb_row _builder_version=&#8221;4.25.2&#8243; _module_preset=&#8221;default&#8221; global_colors_info=&#8221;{}&#8221;][et_pb_column type=&#8221;4_4&#8243; _builder_version=&#8221;4.25.2&#8243; _module_preset=&#8221;default&#8221; global_colors_info=&#8221;{}&#8221;][dvmd_table_maker tbl_title_mode=&#8221;on&#8221; tbl_title_text=&#8221;Datos t\u00e9cnicos &#8221; tbl_title_spacing=&#8221;19px&#8221; tbl_row_header_count=&#8221;0&#8243; tbl_responsive_mode=&#8221;off&#8221; tbl_stripes_active=&#8221;on&#8221; tbl_tcell_cell_color=&#8221;rgba(255,255,255,0.69)&#8221; tbl_chead_cell_color=&#8221;RGBA(255,255,255,0)&#8221; tbl_rhead_text_level_active=&#8221;on&#8221; _builder_version=&#8221;4.27.4&#8243; _module_preset=&#8221;default&#8221; tbl_title_font=&#8221;&#8211;et_global_body_font|700|||||||&#8221; tbl_title_font_size=&#8221;37px&#8221; background_color=&#8221;#FFFFFF&#8221; global_colors_info=&#8221;{}&#8221;][dvmd_table_maker_item col_content=&#8221;<br \/>\nPesos:<br \/>\nMGW (Peso m\u00e1ximo de despegue):<br \/>\nCargas internas:<br \/>\nCargas externas:<br \/>\nMotor:<\/p>\n<p>Dimensiones:<br \/>\nLongitud total (rotor giratorio):<br \/>\nAltura general:<br \/>\nDi\u00e1metro del rotor:<br \/>\nCapacidad:<br \/>\nMultitud:<br \/>\nPasajeros:<br \/>\nActuaci\u00f3n:<br \/>\nVelocidad m\u00e1xima de crucero (@5000 PIES, ISA, MGW, MCP):<br \/>\nAltitud m\u00e1xima (ISA, MGW, TOPO):<br \/>\nAltitud m\u00e1xima de vuelo estacionario (ISA, MGW, TOPO):<br \/>\nAlcance m\u00e1ximo (@5000 PIES, ISA, MGW):<br \/>\nSin tanques de combustible auxiliares:<br \/>\nCon tanque de combustible auxiliar:<br \/>\nResistencia m\u00e1xima (@5000 PIES, ISA, MGW):<br \/>\nSin tanques de combustible auxiliares:<br \/>\nCon tanque de combustible auxiliar:&#8221; col_tcell_cell_color=&#8221;#1E4679&#8243; col_chead_cell_color=&#8221;#FFFFFF&#8221; _builder_version=&#8221;4.27.4&#8243; _module_preset=&#8221;default&#8221; col_tcell_text_font=&#8221;&#8211;et_global_body_font|700|||||||&#8221; col_tcell_text_text_color=&#8221;#FFFFFF&#8221; col_tcell_text_font_size=&#8221;16px&#8221; global_colors_info=&#8221;{}&#8221;][\/dvmd_table_maker_item][dvmd_table_maker_item col_content=&#8221;<\/p>\n<p>2.850 kg (6.283 libras)<br \/>\n3.150 kg (6.945 libras)<\/p>\n<p>1 x Pratt &#038; Whitney Canad\u00e1 PT6B-37A<\/p>\n<p>12,92 m (42 pies 05 pulgadas)<br \/>\n3,60 m (11 pies 09 pulgadas)<br \/>\n10,83 m (35 pies 06 pulgadas)<\/p>\n<p>1-2<br \/>\nhasta 6<\/p>\n<p>241 km\/h (130 nudos)<br \/>\n3.353 m (11.000 pies)<br \/>\n2.225 m (7.300 pies)<\/p>\n<p>945 km (510 millas n\u00e1uticas)<br \/>\n763 kil\u00f3metros (412 millas n\u00e1uticas)<\/p>\n<p>5:16 a. m.<br \/>\n4h14min&#8221; col_chead_cell_color=&#8221;#FFFFFF&#8221; _builder_version=&#8221;4.27.4&#8243; _module_preset=&#8221;default&#8221; col_tcell_text_font=&#8221;&#8211;et_global_body_font||||||||&#8221; col_tcell_text_font_size=&#8221;16px&#8221; global_colors_info=&#8221;{}&#8221;][\/dvmd_table_maker_item][\/dvmd_table_maker][\/et_pb_column][\/et_pb_row][\/et_pb_section][et_pb_section fb_built=&#8221;1&#8243; _builder_version=&#8221;4.25.0&#8243; _module_preset=&#8221;default&#8221; background_color=&#8221;#000000&#8243; global_colors_info=&#8221;{}&#8221;][et_pb_row _builder_version=&#8221;4.25.0&#8243; _module_preset=&#8221;default&#8221; global_colors_info=&#8221;{}&#8221;][et_pb_column type=&#8221;4_4&#8243; _builder_version=&#8221;4.25.0&#8243; _module_preset=&#8221;default&#8221; global_colors_info=&#8221;{}&#8221;][et_pb_video src=&#8221;https:\/\/www.youtube.com\/watch?v=j4g6k-fs5Ig&#8221; _builder_version=&#8221;4.26.0&#8243; _module_preset=&#8221;default&#8221; global_colors_info=&#8221;{}&#8221;][\/et_pb_video][\/et_pb_column][\/et_pb_row][\/et_pb_section]<\/p>\n","protected":false},"excerpt":{"rendered":"<p>Leonardo AW119KXLigereza vers\u00e1til para aventuras inigualablesEl AW119Kx se destaca por su excelencia en controlabilidad y maniobrabilidad, incluso en ambientes desafiantes con temperaturas y altitudes elevadas. Esa caracter\u00edstica lo hace ideal para misiones de servicios m\u00e9dicos de emergencia (EMS) y rescate, en las que el desempe\u00f1o y la capacidad de la aeronave son cruciales para salvar [&hellip;]<\/p>\n","protected":false},"author":2,"featured_media":0,"parent":851,"menu_order":0,"comment_status":"closed","ping_status":"closed","template":"","meta":{"_et_pb_use_builder":"on","_et_pb_old_content":"","_et_gb_content_width":"","footnotes":""},"class_list":["post-1027","page","type-page","status-publish","hentry"],"_links":{"self":[{"href":"https:\/\/synerjet.com\/es\/wp-json\/wp\/v2\/pages\/1027","targetHints":{"allow":["GET"]}}],"collection":[{"href":"https:\/\/synerjet.com\/es\/wp-json\/wp\/v2\/pages"}],"about":[{"href":"https:\/\/synerjet.com\/es\/wp-json\/wp\/v2\/types\/page"}],"author":[{"embeddable":true,"href":"https:\/\/synerjet.com\/es\/wp-json\/wp\/v2\/users\/2"}],"replies":[{"embeddable":true,"href":"https:\/\/synerjet.com\/es\/wp-json\/wp\/v2\/comments?post=1027"}],"version-history":[{"count":12,"href":"https:\/\/synerjet.com\/es\/wp-json\/wp\/v2\/pages\/1027\/revisions"}],"predecessor-version":[{"id":25103531,"href":"https:\/\/synerjet.com\/es\/wp-json\/wp\/v2\/pages\/1027\/revisions\/25103531"}],"up":[{"embeddable":true,"href":"https:\/\/synerjet.com\/es\/wp-json\/wp\/v2\/pages\/851"}],"wp:attachment":[{"href":"https:\/\/synerjet.com\/es\/wp-json\/wp\/v2\/media?parent=1027"}],"curies":[{"name":"wp","href":"https:\/\/api.w.org\/{rel}","templated":true}]}}