{"id":1114,"date":"2024-07-16T11:23:40","date_gmt":"2024-07-16T11:23:40","guid":{"rendered":"https:\/\/synerjet.com.br\/es\/?page_id=1114"},"modified":"2026-01-09T19:10:16","modified_gmt":"2026-01-09T19:10:16","slug":"towpower","status":"publish","type":"page","link":"https:\/\/synerjet.com\/es\/equipo\/towpower\/","title":{"rendered":"Towpower"},"content":{"rendered":"<p>[et_pb_section fb_built=&#8221;1&#8243; admin_label=&#8221;Header&#8221; _builder_version=&#8221;4.26.1&#8243; _module_preset=&#8221;default&#8221; use_background_color_gradient=&#8221;on&#8221; background_color_gradient_stops=&#8221;rgba(13,35,45,0) 0%|#091d26 100%&#8221; background_color_gradient_overlays_image=&#8221;on&#8221; background_image=&#8221;https:\/\/synerjet.com\/es\/wp-content\/uploads\/2024\/07\/IMG-6643.jpeg&#8221; background_enable_video_mp4=&#8221;off&#8221; custom_padding=&#8221;||272px|||&#8221; collapsed=&#8221;on&#8221; global_colors_info=&#8221;{}&#8221;][et_pb_row _builder_version=&#8221;4.26.1&#8243; _module_preset=&#8221;default&#8221; max_width=&#8221;800px&#8221; custom_padding=&#8221;170px||0px||false|false&#8221; global_colors_info=&#8221;{}&#8221;][et_pb_column type=&#8221;4_4&#8243; _builder_version=&#8221;4.17.4&#8243; _module_preset=&#8221;default&#8221; global_colors_info=&#8221;{}&#8221;][et_pb_text _builder_version=&#8221;4.27.4&#8243; _module_preset=&#8221;c9c4574d-66da-4074-bc01-a39a90242834&#8243; header_font=&#8221;&#8211;et_global_heading_font|300||on|||||&#8221; header_text_color=&#8221;#FFFFFF&#8221; header_font_size=&#8221;107px&#8221; header_line_height=&#8221;1.15em&#8221; text_orientation=&#8221;center&#8221; hover_enabled=&#8221;0&#8243; header_font_size_tablet=&#8221;50px&#8221; header_font_size_phone=&#8221;30px&#8221; header_font_size_last_edited=&#8221;on|phone&#8221; global_colors_info=&#8221;{}&#8221; sticky_enabled=&#8221;0&#8243;]<\/p>\n<h1>TowPower<\/h1>\n<p>[\/et_pb_text][et_pb_button button_url=&#8221;https:\/\/synerjet.com\/es\/contato\/&#8221; button_text=&#8221;Cont\u00e1ctenos&#8221; button_alignment=&#8221;center&#8221; _builder_version=&#8221;4.27.4&#8243; _module_preset=&#8221;f5195447-7566-4db2-8be7-f2c20518c7a8&#8243; custom_button=&#8221;on&#8221; button_text_size=&#8221;12px&#8221; button_text_color=&#8221;#FFFFFF&#8221; button_bg_color=&#8221;RGBA(255,255,255,0)&#8221; button_border_color=&#8221;#FFFFFF&#8221; button_border_radius=&#8221;100px&#8221; button_letter_spacing=&#8221;0.5em&#8221; button_font=&#8221;&#8211;et_global_body_font|700||on|||||&#8221; custom_margin=&#8221;-10%||||false|false&#8221; custom_padding=&#8221;80px|24px|80px|24px|true|true&#8221; custom_padding_tablet=&#8221;68px|15px|68px|15px|true|true&#8221; custom_padding_phone=&#8221;60px|12px|60px|12px|true|true&#8221; custom_padding_last_edited=&#8221;on|phone&#8221; hover_enabled=&#8221;0&#8243; button_text_size_tablet=&#8221;11px&#8221; button_text_size_phone=&#8221;10px&#8221; button_text_size_last_edited=&#8221;on|phone&#8221; locked=&#8221;off&#8221; global_colors_info=&#8221;{}&#8221; sticky_enabled=&#8221;0&#8243;][\/et_pb_button][\/et_pb_column][\/et_pb_row][\/et_pb_section][et_pb_section fb_built=&#8221;1&#8243; admin_label=&#8221;Categories&#8221; _builder_version=&#8221;4.24.2&#8243; _module_preset=&#8221;default&#8221; background_color=&#8221;#FFFFFF&#8221; collapsed=&#8221;on&#8221; global_colors_info=&#8221;{}&#8221;][et_pb_row column_structure=&#8221;2_3,1_3&#8243; _builder_version=&#8221;4.17.4&#8243; _module_preset=&#8221;default&#8221; global_colors_info=&#8221;{}&#8221;][et_pb_column type=&#8221;2_3&#8243; _builder_version=&#8221;4.17.4&#8243; _module_preset=&#8221;default&#8221; global_colors_info=&#8221;{}&#8221;][et_pb_text _builder_version=&#8221;4.27.4&#8243; _module_preset=&#8221;b327cbe4-b1d5-4b66-ad37-40c8f2f061ba&#8221; header_2_font=&#8221;&#8211;et_global_heading_font|||on|||||&#8221; header_2_text_color=&#8221;#0d232d&#8221; header_2_font_size=&#8221;61px&#8221; header_2_line_height=&#8221;1.15em&#8221; hover_enabled=&#8221;0&#8243; header_2_font_size_tablet=&#8221;32px&#8221; header_2_font_size_phone=&#8221;20px&#8221; header_2_font_size_last_edited=&#8221;on|phone&#8221; global_colors_info=&#8221;{}&#8221; sticky_enabled=&#8221;0&#8243;]<\/p>\n<h2>MODO <strong>AVI\u00d3N<\/strong><\/h2>\n<p>[\/et_pb_text][\/et_pb_column][et_pb_column type=&#8221;1_3&#8243; _builder_version=&#8221;4.17.4&#8243; _module_preset=&#8221;default&#8221; global_colors_info=&#8221;{}&#8221;][\/et_pb_column][\/et_pb_row][et_pb_row use_custom_gutter=&#8221;on&#8221; _builder_version=&#8221;4.24.2&#8243; _module_preset=&#8221;default&#8221; width=&#8221;52%&#8221; width_tablet=&#8221;80%&#8221; width_phone=&#8221;&#8221; width_last_edited=&#8221;on|phone&#8221; max_width=&#8221;100%&#8221; locked=&#8221;off&#8221; global_colors_info=&#8221;{}&#8221;][et_pb_column type=&#8221;4_4&#8243; _builder_version=&#8221;4.17.4&#8243; _module_preset=&#8221;default&#8221; global_colors_info=&#8221;{}&#8221;][et_pb_text _builder_version=&#8221;4.27.4&#8243; _module_preset=&#8221;default&#8221; text_font=&#8221;&#8211;et_global_body_font||||||||&#8221; global_colors_info=&#8221;{}&#8221;]<\/p>\n<p><strong>Towpower<\/strong> es un equipamiento de remolque de aeronaves desarrollado para manobras precisas, sin el uso de combustibles contaminantes y con bajo ruido operacional. Su facilidad de uso le proporciona eficiencia y seguridad al operador, eliminando la necesidad de levantar, posicionar, conectar cables, abastecer o iniciar forzosamente los equipamientos tradicionales. Adem\u00e1s, aumenta la capacidad del propietario de observar y controlar la aeronave desde cualquier distancia y punto de vista.<\/p>\n<p>[\/et_pb_text][\/et_pb_column][\/et_pb_row][\/et_pb_section][et_pb_section fb_built=&#8221;1&#8243; _builder_version=&#8221;4.26.1&#8243; _module_preset=&#8221;default&#8221; background_color=&#8221;rgba(0,0,0,0.05)&#8221; global_colors_info=&#8221;{}&#8221;][et_pb_row column_structure=&#8221;1_4,1_4,1_4,1_4&#8243; _builder_version=&#8221;4.26.1&#8243; _module_preset=&#8221;default&#8221; global_colors_info=&#8221;{}&#8221;][et_pb_column type=&#8221;1_4&#8243; _builder_version=&#8221;4.26.1&#8243; _module_preset=&#8221;default&#8221; global_colors_info=&#8221;{}&#8221;][et_pb_blurb title=&#8221;Caracter\u00edsticas&#8221; image=&#8221;https:\/\/synerjet.com\/es\/wp-content\/uploads\/2024\/07\/86967e00-50d6-4adb-bcf0-00d5c2951dac.jpg&#8221; _builder_version=&#8221;4.27.4&#8243; _module_preset=&#8221;default&#8221; header_font=&#8221;&#8211;et_global_body_font|700|||||||&#8221; header_font_size=&#8221;20px&#8221; body_font=&#8221;&#8211;et_global_body_font||||||||&#8221; body_font_size=&#8221;16px&#8221; background_enable_image=&#8221;off&#8221; hover_enabled=&#8221;0&#8243; border_radii_image=&#8221;on|244px|244px|244px|244px&#8221; global_colors_info=&#8221;{}&#8221; sticky_enabled=&#8221;0&#8243;]<\/p>\n<ul>\n<li><span style=\"font-weight: 400;\"><strong>Tama\u00f1o:<\/strong> 150CmX118CmX40Cm\u00a0<\/span><\/li>\n<li><span style=\"font-weight: 400;\"><strong>Peso total:<\/strong> 360 KG<\/span><\/li>\n<li><span style=\"font-weight: 400;\"><strong>Bateria:<\/strong> \u00e1cido-plomo de tracci\u00f3n 24VDC\/70Amps<\/span><\/li>\n<li><span style=\"font-weight: 400;\"><strong>Capacidad de carga:<\/strong> 20.000 libras<\/span><\/li>\n<li><span style=\"font-weight: 400;\"><strong>Chasis:<\/strong> A\u00e7o Carbono<\/span><\/li>\n<li><span style=\"font-weight: 400;\"><strong>Carenaje:<\/strong> Alum\u00ednio<\/span><\/li>\n<li>Rotaci\u00f3n de 360 grados para neum\u00e1ticos delanteros dobles<\/li>\n<li><span style=\"font-weight: 400;\">Guiado por controle remoto<\/span><\/li>\n<li><span style=\"font-weight: 400;\">Farol LED (Frente\/Bandeja)<\/span><\/li>\n<\/ul>\n<p>[\/et_pb_blurb][\/et_pb_column][et_pb_column type=&#8221;1_4&#8243; _builder_version=&#8221;4.26.1&#8243; _module_preset=&#8221;default&#8221; global_colors_info=&#8221;{}&#8221;][et_pb_blurb title=&#8221;CONTROL REMOTO Flysky Noble 4&#8243; image=&#8221;https:\/\/synerjet.com\/es\/wp-content\/uploads\/2024\/07\/controle.jpg&#8221; _builder_version=&#8221;4.27.4&#8243; _module_preset=&#8221;default&#8221; header_font=&#8221;&#8211;et_global_body_font|700|||||||&#8221; header_font_size=&#8221;20px&#8221; body_font=&#8221;&#8211;et_global_body_font||||||||&#8221; body_font_size=&#8221;16px&#8221; background_enable_image=&#8221;off&#8221; border_radii_image=&#8221;on|244px|244px|244px|244px&#8221; global_colors_info=&#8221;{}&#8221;]<\/p>\n<ul>\n<li><span style=\"font-weight: 400;\">Bot\u00f3n encienda \/ apaga <\/span><\/li>\n<li><span style=\"font-weight: 400;\">Volante &#8211; Mover para la izquierda o derecha<\/span><\/li>\n<li><span style=\"font-weight: 400;\">Gatillo &#8211; Acelera la potencia de remolque para adelante o para atr\u00e1s<\/span><\/li>\n<li><span style=\"font-weight: 400;\">Recarga de bateria &#8211; Via porta USB<\/span><\/li>\n<\/ul>\n<p>[\/et_pb_blurb][\/et_pb_column][et_pb_column type=&#8221;1_4&#8243; _builder_version=&#8221;4.26.1&#8243; _module_preset=&#8221;default&#8221; global_colors_info=&#8221;{}&#8221;][et_pb_blurb title=&#8221;Bater\u00edas&#8221; image=&#8221;https:\/\/synerjet.com\/es\/wp-content\/uploads\/2024\/07\/a80e1dbc-0852-43ca-88cc-a8ed8f1cd8fd.jpg&#8221; _builder_version=&#8221;4.27.4&#8243; _module_preset=&#8221;default&#8221; header_font=&#8221;&#8211;et_global_body_font|700|||||||&#8221; header_font_size=&#8221;20px&#8221; body_font=&#8221;&#8211;et_global_body_font||||||||&#8221; body_font_size=&#8221;16px&#8221; background_enable_image=&#8221;off&#8221; border_radii_image=&#8221;on|244px|244px|244px|244px&#8221; global_colors_info=&#8221;{}&#8221;]<\/p>\n<ul>\n<li>2X plomo-\u00e1cido de tracci\u00f3n 24VDC\/70Amps<\/li>\n<li>3 horas de uso ininterrumpidamente<\/li>\n<li>6 Horas para carga total<\/li>\n<li>Cargador de bater\u00eda: Entrada: Bivolt \/ Salida: 24VDC\/30Amps<\/li>\n<\/ul>\n<p>[\/et_pb_blurb][\/et_pb_column][et_pb_column type=&#8221;1_4&#8243; _builder_version=&#8221;4.26.1&#8243; _module_preset=&#8221;default&#8221; global_colors_info=&#8221;{}&#8221;][et_pb_blurb title=&#8221;Motores&#8221; image=&#8221;https:\/\/synerjet.com\/es\/wp-content\/uploads\/2024\/07\/motores.jpg&#8221; _builder_version=&#8221;4.27.4&#8243; _module_preset=&#8221;default&#8221; header_font=&#8221;&#8211;et_global_body_font|700|||||||&#8221; header_font_size=&#8221;20px&#8221; body_font=&#8221;&#8211;et_global_body_font||||||||&#8221; body_font_size=&#8221;16px&#8221; background_enable_image=&#8221;off&#8221; border_radii_image=&#8221;on|244px|244px|244px|244px&#8221; global_colors_info=&#8221;{}&#8221;]<\/p>\n<ul>\n<li><span style=\"font-weight: 400;\">Motores: 24VDV\/2400W<\/span><\/li>\n<li><span style=\"font-weight: 400;\">120 RPM<\/span><\/li>\n<li><span style=\"font-weight: 400;\">7,26 kg (16 libras)<\/span><\/li>\n<li>100% el\u00e9ctrico, sin combustible, ruido ni olor<\/li>\n<li>Indicador digital de nivel de bater\u00eda<\/li>\n<li>La activaci\u00f3n de las luces y la bandeja es desbloqueada por medio de bot\u00f3n<\/li>\n<\/ul>\n<p>[\/et_pb_blurb][\/et_pb_column][\/et_pb_row][\/et_pb_section][et_pb_section fb_built=&#8221;1&#8243; specialty=&#8221;on&#8221; admin_label=&#8221;Gallery&#8221; _builder_version=&#8221;4.24.2&#8243; _module_preset=&#8221;default&#8221; background_color=&#8221;#FFFFFF&#8221; collapsed=&#8221;on&#8221; global_colors_info=&#8221;{}&#8221;][et_pb_column type=&#8221;1_2&#8243; _builder_version=&#8221;4.16&#8243; custom_padding=&#8221;|||&#8221; global_colors_info=&#8221;{}&#8221; custom_padding__hover=&#8221;|||&#8221;][et_pb_image src=&#8221;https:\/\/synerjet.com\/es\/wp-content\/uploads\/2024\/07\/TowPower-Enercraft-15.jpg&#8221; title_text=&#8221;TowPower-Enercraft-15&#8243; _builder_version=&#8221;4.26.1&#8243; _module_preset=&#8221;default&#8221; custom_margin=&#8221;|||-20vw|false|false&#8221; custom_margin_tablet=&#8221;|||0vw|false|false&#8221; custom_margin_phone=&#8221;&#8221; custom_margin_last_edited=&#8221;on|tablet&#8221; global_colors_info=&#8221;{}&#8221;][\/et_pb_image][\/et_pb_column][et_pb_column type=&#8221;1_2&#8243; specialty_columns=&#8221;2&#8243; _builder_version=&#8221;4.16&#8243; custom_padding=&#8221;|||&#8221; global_colors_info=&#8221;{}&#8221; custom_padding__hover=&#8221;|||&#8221;][et_pb_row_inner _builder_version=&#8221;4.17.4&#8243; _module_preset=&#8221;default&#8221; global_colors_info=&#8221;{}&#8221;][et_pb_column_inner saved_specialty_column_type=&#8221;1_2&#8243; _builder_version=&#8221;4.17.4&#8243; _module_preset=&#8221;default&#8221; global_colors_info=&#8221;{}&#8221;][et_pb_text _builder_version=&#8221;4.27.4&#8243; _module_preset=&#8221;e6504a1b-67eb-4b3d-b023-bcab277610b6&#8243; link_font=&#8221;||||||||&#8221; link_text_color=&#8221;#AE8F73&#8243; header_4_font=&#8221;&#8211;et_global_body_font|700||on|||||&#8221; header_4_text_color=&#8221;gcid-10f4f743-0062-4f8b-a225-26364d21fb6c&#8221; header_4_font_size=&#8221;12px&#8221; header_4_letter_spacing=&#8221;0.2em&#8221; header_4_line_height=&#8221;1.5em&#8221; custom_margin=&#8221;||0px||false|false&#8221; global_colors_info=&#8221;{%22gcid-10f4f743-0062-4f8b-a225-26364d21fb6c%22:%91%22header_4_text_color%22%93}&#8221;]<\/p>\n<h4>DIFERENCIALES<\/h4>\n<p>[\/et_pb_text][et_pb_text _builder_version=&#8221;4.27.4&#8243; _module_preset=&#8221;b327cbe4-b1d5-4b66-ad37-40c8f2f061ba&#8221; header_2_font=&#8221;&#8211;et_global_heading_font|||on|||||&#8221; header_2_text_color=&#8221;#0d232d&#8221; header_2_font_size=&#8221;70px&#8221; header_2_line_height=&#8221;1.15em&#8221; header_2_font_size_tablet=&#8221;32px&#8221; header_2_font_size_phone=&#8221;20px&#8221; header_2_font_size_last_edited=&#8221;on|phone&#8221; global_colors_info=&#8221;{}&#8221;]<\/p>\n<h2>OPERACI\u00d3N<\/h2>\n<p>[\/et_pb_text][\/et_pb_column_inner][\/et_pb_row_inner][et_pb_row_inner _builder_version=&#8221;4.17.4&#8243; _module_preset=&#8221;default&#8221; global_colors_info=&#8221;{}&#8221;][et_pb_column_inner saved_specialty_column_type=&#8221;1_2&#8243; _builder_version=&#8221;4.17.4&#8243; _module_preset=&#8221;default&#8221; global_colors_info=&#8221;{}&#8221;][et_pb_text _builder_version=&#8221;4.27.4&#8243; _module_preset=&#8221;default&#8221; text_font=&#8221;&#8211;et_global_body_font||||||||&#8221; hover_enabled=&#8221;0&#8243; global_colors_info=&#8221;{}&#8221; sticky_enabled=&#8221;0&#8243;]<\/p>\n<p>No podr\u00eda ser m\u00e1s f\u00e1cil el uso del Towpower: Coloque los calzos en las ruedas principales de la aeronave, destrabe la bandeja usando el control remoto, alinee la rueda a la nariz de la aeronave, acelere hasta que la rueda de la nariz se levante y sea trabada en la bandeja. Y para finalizar, remueva los calzos de las ruedas principales e inicie el remolque conforme sea necesario. \u00a1Listo!<\/p>\n<p><b>Diferenciais:<\/b><\/p>\n<ul>\n<li>Perfecto para manobras precisas en espacios peque\u00f1os<\/li>\n<li>Rotaci\u00f3n de 360\u00b0 en su propio eje<\/li>\n<li>Necesita una \u00fanica persona para operar<\/li>\n<li>Sin cable y sin combustible<\/li>\n<li>Capacidad de mantener una distancia segura para el controlador<\/li>\n<li>Bater\u00eda de larga duraci\u00f3n y recarga r\u00e1pida<\/li>\n<li>Sistema de emergencia: 2 botones de parada total localizados en la parte superior del carenaje<\/li>\n<\/ul>\n<p>[\/et_pb_text][\/et_pb_column_inner][\/et_pb_row_inner][\/et_pb_column][\/et_pb_section]<\/p>\n","protected":false},"excerpt":{"rendered":"<p>TowPowerMODO AVI\u00d3NTowpower es un equipamiento de remolque de aeronaves desarrollado para manobras precisas, sin el uso de combustibles contaminantes y con bajo ruido operacional. Su facilidad de uso le proporciona eficiencia y seguridad al operador, eliminando la necesidad de levantar, posicionar, conectar cables, abastecer o iniciar forzosamente los equipamientos tradicionales. Adem\u00e1s, aumenta la capacidad del [&hellip;]<\/p>\n","protected":false},"author":2,"featured_media":0,"parent":25102977,"menu_order":0,"comment_status":"closed","ping_status":"closed","template":"","meta":{"_et_pb_use_builder":"on","_et_pb_old_content":"","_et_gb_content_width":"","footnotes":""},"class_list":["post-1114","page","type-page","status-publish","hentry"],"_links":{"self":[{"href":"https:\/\/synerjet.com\/es\/wp-json\/wp\/v2\/pages\/1114","targetHints":{"allow":["GET"]}}],"collection":[{"href":"https:\/\/synerjet.com\/es\/wp-json\/wp\/v2\/pages"}],"about":[{"href":"https:\/\/synerjet.com\/es\/wp-json\/wp\/v2\/types\/page"}],"author":[{"embeddable":true,"href":"https:\/\/synerjet.com\/es\/wp-json\/wp\/v2\/users\/2"}],"replies":[{"embeddable":true,"href":"https:\/\/synerjet.com\/es\/wp-json\/wp\/v2\/comments?post=1114"}],"version-history":[{"count":15,"href":"https:\/\/synerjet.com\/es\/wp-json\/wp\/v2\/pages\/1114\/revisions"}],"predecessor-version":[{"id":25103546,"href":"https:\/\/synerjet.com\/es\/wp-json\/wp\/v2\/pages\/1114\/revisions\/25103546"}],"up":[{"embeddable":true,"href":"https:\/\/synerjet.com\/es\/wp-json\/wp\/v2\/pages\/25102977"}],"wp:attachment":[{"href":"https:\/\/synerjet.com\/es\/wp-json\/wp\/v2\/media?parent=1114"}],"curies":[{"name":"wp","href":"https:\/\/api.w.org\/{rel}","templated":true}]}}