{"id":851,"date":"2024-05-21T20:15:17","date_gmt":"2024-05-21T20:15:17","guid":{"rendered":"https:\/\/synerjet.com.br\/es\/?page_id=851"},"modified":"2026-03-10T13:15:56","modified_gmt":"2026-03-10T13:15:56","slug":"leonardo","status":"publish","type":"page","link":"https:\/\/synerjet.com\/es\/aeronave\/leonardo\/","title":{"rendered":"Leonardo"},"content":{"rendered":"<p>[et_pb_section fb_built=&#8221;1&#8243; admin_label=&#8221;Header&#8221; _builder_version=&#8221;4.27.4&#8243; _module_preset=&#8221;default&#8221; use_background_color_gradient=&#8221;on&#8221; background_color_gradient_stops=&#8221;rgba(13,35,45,0) 0%|#091d26 100%&#8221; background_color_gradient_overlays_image=&#8221;on&#8221; background_image=&#8221;https:\/\/synerjet.com\/es\/wp-content\/uploads\/2024\/04\/New-PC-24_a.jpeg&#8221; background_video_mp4=&#8221;https:\/\/synerjet.com\/es\/wp-content\/uploads\/2024\/05\/0521.mp4&#8243; background_video_width=&#8221;100%&#8221; hover_enabled=&#8221;0&#8243; collapsed=&#8221;on&#8221; global_colors_info=&#8221;{}&#8221; min_height=&#8221;700px&#8221; sticky_enabled=&#8221;0&#8243;][et_pb_row _builder_version=&#8221;4.27.4&#8243; _module_preset=&#8221;default&#8221; max_width=&#8221;800px&#8221; hover_enabled=&#8221;0&#8243; global_colors_info=&#8221;{}&#8221; sticky_enabled=&#8221;0&#8243; custom_margin=&#8221;6%||||false|false&#8221;][et_pb_column type=&#8221;4_4&#8243; _builder_version=&#8221;4.17.4&#8243; _module_preset=&#8221;default&#8221; global_colors_info=&#8221;{}&#8221;][et_pb_text _builder_version=&#8221;4.27.4&#8243; _module_preset=&#8221;c9c4574d-66da-4074-bc01-a39a90242834&#8243; header_font=&#8221;&#8211;et_global_heading_font|300||on|||||&#8221; header_text_color=&#8221;#FFFFFF&#8221; header_font_size=&#8221;107px&#8221; header_line_height=&#8221;1.15em&#8221; text_orientation=&#8221;center&#8221; header_font_size_tablet=&#8221;50px&#8221; header_font_size_phone=&#8221;30px&#8221; header_font_size_last_edited=&#8221;on|phone&#8221; global_colors_info=&#8221;{}&#8221;]<\/p>\n<h1>El m\u00e1s grande en helic\u00f3pteros<\/h1>\n<p>[\/et_pb_text][\/et_pb_column][\/et_pb_row][\/et_pb_section][et_pb_section fb_built=&#8221;1&#8243; theme_builder_area=&#8221;post_content&#8221; _builder_version=&#8221;4.27.4&#8243; _module_preset=&#8221;default&#8221;][et_pb_row _builder_version=&#8221;4.27.4&#8243; _module_preset=&#8221;default&#8221; max_width=&#8221;800px&#8221; hover_enabled=&#8221;0&#8243; global_colors_info=&#8221;{}&#8221; theme_builder_area=&#8221;post_content&#8221; custom_padding=&#8221;0px||||false|false&#8221; sticky_enabled=&#8221;0&#8243;][et_pb_column type=&#8221;4_4&#8243; _builder_version=&#8221;4.17.4&#8243; _module_preset=&#8221;default&#8221; global_colors_info=&#8221;{}&#8221; theme_builder_area=&#8221;post_content&#8221;][et_pb_button button_url=&#8221;https:\/\/helicopters.leonardo.com\/en\/commercial&#8221; button_text=&#8221;Website Leonardo&#8221; button_alignment=&#8221;center&#8221; _builder_version=&#8221;4.27.4&#8243; _module_preset=&#8221;f5195447-7566-4db2-8be7-f2c20518c7a8&#8243; custom_button=&#8221;on&#8221; button_text_size=&#8221;12px&#8221; button_text_color=&#8221;#FFFFFF&#8221; button_bg_color=&#8221;gcid-primary-color&#8221; button_border_color=&#8221;gcid-primary-color&#8221; button_border_radius=&#8221;100px&#8221; button_letter_spacing=&#8221;0.5em&#8221; button_font=&#8221;&#8211;et_global_body_font|700||on|||||&#8221; custom_margin=&#8221;||||false|false&#8221; custom_padding=&#8221;20px|24px|20px|24px|true|true&#8221; custom_padding_tablet=&#8221;68px|15px|68px|15px|true|true&#8221; custom_padding_phone=&#8221;60px|12px|60px|12px|true|true&#8221; custom_padding_last_edited=&#8221;on|phone&#8221; hover_enabled=&#8221;0&#8243; button_text_size_tablet=&#8221;11px&#8221; button_text_size_phone=&#8221;10px&#8221; button_text_size_last_edited=&#8221;on|phone&#8221; locked=&#8221;off&#8221; global_colors_info=&#8221;{%22gcid-primary-color%22:%91%22button_bg_color%22,%22button_border_color%22%93}&#8221; sticky_enabled=&#8221;0&#8243; button_bg_enable_color=&#8221;on&#8221; theme_builder_area=&#8221;post_content&#8221; url_new_window=&#8221;on&#8221;][\/et_pb_button][\/et_pb_column][\/et_pb_row][et_pb_row column_structure=&#8221;1_4,1_4,1_4,1_4&#8243; _builder_version=&#8221;4.17.4&#8243; _module_preset=&#8221;default&#8221; global_colors_info=&#8221;{}&#8221; theme_builder_area=&#8221;post_content&#8221;][et_pb_column type=&#8221;1_4&#8243; _builder_version=&#8221;4.17.4&#8243; _module_preset=&#8221;default&#8221; global_colors_info=&#8221;{}&#8221; theme_builder_area=&#8221;post_content&#8221;][et_pb_image src=&#8221;https:\/\/synerjet.com\/es\/wp-content\/uploads\/2024\/05\/AW_109_trekker.jpg&#8221; title_text=&#8221;AW_109_trekker&#8221; _builder_version=&#8221;4.25.1&#8243; _module_preset=&#8221;default&#8221; global_colors_info=&#8221;{}&#8221; theme_builder_area=&#8221;post_content&#8221;][\/et_pb_image][\/et_pb_column][et_pb_column type=&#8221;1_4&#8243; _builder_version=&#8221;4.17.4&#8243; _module_preset=&#8221;default&#8221; global_colors_info=&#8221;{}&#8221; theme_builder_area=&#8221;post_content&#8221;][et_pb_text _builder_version=&#8221;4.27.4&#8243; _module_preset=&#8221;7d75fe7f-5727-495a-ac6e-57afccfd3533&#8243; header_5_font=&#8221;&#8211;et_global_heading_font|700||on|||||&#8221; header_5_text_color=&#8221;#000000&#8243; header_5_font_size=&#8221;20px&#8221; header_5_line_height=&#8221;1.4em&#8221; custom_margin=&#8221;||0px||false|false&#8221; hover_enabled=&#8221;0&#8243; header_5_font_size_tablet=&#8221;15px&#8221; header_5_font_size_phone=&#8221;14px&#8221; header_5_font_size_last_edited=&#8221;on|desktop&#8221; global_colors_info=&#8221;{}&#8221; sticky_enabled=&#8221;0&#8243; theme_builder_area=&#8221;post_content&#8221;]<\/p>\n<h5>AW 109 TREKKER<\/h5>\n<p>[\/et_pb_text][et_pb_text _builder_version=&#8221;4.27.4&#8243; _module_preset=&#8221;4c43b4b6-66bf-432d-959a-705bda24a650&#8243; text_font=&#8221;&#8211;et_global_body_font|500|||||||&#8221; text_text_color=&#8221;#000000&#8243; text_line_height=&#8221;1.65em&#8221; hover_enabled=&#8221;0&#8243; header_font_size_tablet=&#8221;55px&#8221; header_font_size_last_edited=&#8221;off|desktop&#8221; global_colors_info=&#8221;{}&#8221; sticky_enabled=&#8221;0&#8243; theme_builder_area=&#8221;post_content&#8221;]<\/p>\n<p>Un helic\u00f3ptero militar de tres toneladas ideal para un amplio espectro de misiones, incluido el transporte de tropas, reabastecimiento de carga y transporte externo, evacuaci\u00f3n de heridos\/evacuaci\u00f3n m\u00e9dica (CASEVAC\/MEDEVAC), b\u00fasqueda y rescate (SAR), operaciones de fuerzas especiales, comando y control (C2) y escolta armada.<\/p>\n<p>[\/et_pb_text][\/et_pb_column][et_pb_column type=&#8221;1_4&#8243; _builder_version=&#8221;4.17.4&#8243; _module_preset=&#8221;default&#8221; global_colors_info=&#8221;{}&#8221; theme_builder_area=&#8221;post_content&#8221;][et_pb_image src=&#8221;http:\/\/synerjet.com\/es\/wp-content\/uploads\/2025\/08\/aw-09.png&#8221; title_text=&#8221;aw-09&#8243; _builder_version=&#8221;4.27.4&#8243; _module_preset=&#8221;default&#8221; locked=&#8221;off&#8221; global_colors_info=&#8221;{}&#8221; theme_builder_area=&#8221;post_content&#8221;][\/et_pb_image][\/et_pb_column][et_pb_column type=&#8221;1_4&#8243; _builder_version=&#8221;4.17.4&#8243; _module_preset=&#8221;default&#8221; global_colors_info=&#8221;{}&#8221; theme_builder_area=&#8221;post_content&#8221;][et_pb_text _builder_version=&#8221;4.27.4&#8243; _module_preset=&#8221;7d75fe7f-5727-495a-ac6e-57afccfd3533&#8243; header_5_font=&#8221;&#8211;et_global_heading_font|700||on|||||&#8221; header_5_text_color=&#8221;#000000&#8243; header_5_font_size=&#8221;20px&#8221; header_5_line_height=&#8221;1.4em&#8221; custom_margin=&#8221;||0px||false|false&#8221; hover_enabled=&#8221;0&#8243; header_5_font_size_tablet=&#8221;15px&#8221; header_5_font_size_phone=&#8221;14px&#8221; header_5_font_size_last_edited=&#8221;on|desktop&#8221; locked=&#8221;off&#8221; global_colors_info=&#8221;{}&#8221; sticky_enabled=&#8221;0&#8243; theme_builder_area=&#8221;post_content&#8221;]<\/p>\n<h5>AW 09<\/h5>\n<p>[\/et_pb_text][et_pb_text _builder_version=&#8221;4.27.4&#8243; _module_preset=&#8221;4c43b4b6-66bf-432d-959a-705bda24a650&#8243; text_font=&#8221;&#8211;et_global_body_font|500|||||||&#8221; text_text_color=&#8221;#000000&#8243; text_line_height=&#8221;1.65em&#8221; hover_enabled=&#8221;0&#8243; header_font_size_tablet=&#8221;55px&#8221; header_font_size_last_edited=&#8221;off|desktop&#8221; locked=&#8221;off&#8221; global_colors_info=&#8221;{}&#8221; sticky_enabled=&#8221;0&#8243; theme_builder_area=&#8221;post_content&#8221;]<\/p>\n<p>El vers\u00e1til AW09 es un helic\u00f3ptero monomotor de \u00faltima generaci\u00f3n y alta capacidad, optimizado para una variedad de funciones, incluido el transporte de pasajeros, servicios p\u00fablicos, servicios m\u00e9dicos de emergencia (EMS) y misiones de seguridad.<\/p>\n<p>[\/et_pb_text][\/et_pb_column][\/et_pb_row][\/et_pb_section][et_pb_section fb_built=&#8221;1&#8243; admin_label=&#8221;Categories&#8221; _builder_version=&#8221;4.24.2&#8243; _module_preset=&#8221;default&#8221; background_color=&#8221;#FFFFFF&#8221; collapsed=&#8221;on&#8221; global_colors_info=&#8221;{}&#8221;][et_pb_row column_structure=&#8221;2_3,1_3&#8243; _builder_version=&#8221;4.17.4&#8243; _module_preset=&#8221;default&#8221; global_colors_info=&#8221;{}&#8221;][et_pb_column type=&#8221;2_3&#8243; _builder_version=&#8221;4.17.4&#8243; _module_preset=&#8221;default&#8221; global_colors_info=&#8221;{}&#8221;][et_pb_text _builder_version=&#8221;4.27.4&#8243; _module_preset=&#8221;b327cbe4-b1d5-4b66-ad37-40c8f2f061ba&#8221; header_2_font=&#8221;&#8211;et_global_heading_font|||on|||||&#8221; header_2_text_color=&#8221;#0d232d&#8221; header_2_font_size=&#8221;61px&#8221; header_2_line_height=&#8221;1.15em&#8221; header_2_font_size_tablet=&#8221;32px&#8221; header_2_font_size_phone=&#8221;20px&#8221; header_2_font_size_last_edited=&#8221;on|phone&#8221; global_colors_info=&#8221;{}&#8221;]<\/p>\n<h2>Explorando <strong>nuevos horizontes<\/strong><\/h2>\n<p>[\/et_pb_text][\/et_pb_column][et_pb_column type=&#8221;1_3&#8243; _builder_version=&#8221;4.17.4&#8243; _module_preset=&#8221;default&#8221; global_colors_info=&#8221;{}&#8221;][\/et_pb_column][\/et_pb_row][et_pb_row use_custom_gutter=&#8221;on&#8221; _builder_version=&#8221;4.24.2&#8243; _module_preset=&#8221;default&#8221; width=&#8221;52%&#8221; width_tablet=&#8221;80%&#8221; width_phone=&#8221;&#8221; width_last_edited=&#8221;on|phone&#8221; max_width=&#8221;100%&#8221; locked=&#8221;off&#8221; global_colors_info=&#8221;{}&#8221;][et_pb_column type=&#8221;4_4&#8243; _builder_version=&#8221;4.17.4&#8243; _module_preset=&#8221;default&#8221; global_colors_info=&#8221;{}&#8221;][et_pb_text _builder_version=&#8221;4.27.4&#8243; _module_preset=&#8221;default&#8221; text_font=&#8221;&#8211;et_global_body_font||||||||&#8221; global_colors_info=&#8221;{}&#8221;]<\/p>\n<p><strong>Leonardo<\/strong> es un grupo global l\u00edder en el sector aeroespacial, de defensa y seguridad, que ofrece soluciones tecnol\u00f3gicas avanzadas a compradores de aeronaves y agencias gubernamentales. Sus helic\u00f3pteros son ampliamente utilizados en m\u00e1s de 150 pa\u00edses, adapt\u00e1ndose a diferentes misiones. Desde aviones monomotores de 1,8 toneladas hasta aviones trimotores de 16 toneladas, Leonardo ofrece las m\u00e1s avanzadas soluciones de vuelo, complementadas con asistencia t\u00e9cnica y formaci\u00f3n especializada para garantizar eficiencia y seguridad.<\/p>\n<p><strong>Generaci\u00f3n \u00edtalo-latinoamericana<\/strong><\/p>\n<p>Con una participaci\u00f3n del 45% en los \u00faltimos 10 a\u00f1os, Leonardo es l\u00edder mundial en el mercado de helic\u00f3pteros corporativos bimotores, incluyendo servicios de transporte privado, charter y gubernamental, gracias a la l\u00ednea de productos m\u00e1s moderna y amplia con tecnolog\u00eda de punta. Sistemas de avi\u00f3nica y navegaci\u00f3n de \u00faltima generaci\u00f3n, junto con est\u00e1ndares l\u00edderes de rendimiento, seguridad y confort.<\/p>\n<p>Actualmente vuelan m\u00e1s de 900 helic\u00f3pteros Leonardo en todo el mundo, de los cuales aproximadamente el 25% est\u00e1n basados \u200b\u200ben Am\u00e9rica Latina, donde destacan modelos como el AW119, AW139 y AW169. Estos modelos son adoptados por operadores de petr\u00f3leo y gas, as\u00ed como por fuerzas de seguridad p\u00fablica y de defensa, y son ampliamente utilizados en misiones de rescate, patrullaje y transporte de personal.<\/p>\n<p>Con una combinaci\u00f3n de innovaci\u00f3n, tecnolog\u00eda de punta y compromiso con el mercado latino, la asociaci\u00f3n entre Synerjet y Leonardo se ha convertido en una combinaci\u00f3n estrat\u00e9gica importante, satisfaciendo una amplia gama de necesidades operativas en diversas industrias.<\/p>\n<p>[\/et_pb_text][\/et_pb_column][\/et_pb_row][\/et_pb_section][et_pb_section fb_built=&#8221;1&#8243; specialty=&#8221;on&#8221; admin_label=&#8221;Gallery&#8221; _builder_version=&#8221;4.24.2&#8243; _module_preset=&#8221;default&#8221; background_color=&#8221;#FFFFFF&#8221; collapsed=&#8221;on&#8221; global_colors_info=&#8221;{}&#8221;][et_pb_column type=&#8221;1_2&#8243; _builder_version=&#8221;4.16&#8243; custom_padding=&#8221;|||&#8221; global_colors_info=&#8221;{}&#8221; custom_padding__hover=&#8221;|||&#8221;][et_pb_image src=&#8221;https:\/\/synerjet.com\/es\/wp-content\/uploads\/2024\/05\/ci-16-0017-03_aw109-trekker-ems.jpg&#8221; title_text=&#8221;ci-16-0017-03_aw109-trekker-ems&#8221; _builder_version=&#8221;4.24.2&#8243; _module_preset=&#8221;default&#8221; custom_margin=&#8221;|||-20vw|false|false&#8221; custom_margin_tablet=&#8221;|||0vw|false|false&#8221; custom_margin_phone=&#8221;&#8221; custom_margin_last_edited=&#8221;on|tablet&#8221; global_colors_info=&#8221;{}&#8221;][\/et_pb_image][\/et_pb_column][et_pb_column type=&#8221;1_2&#8243; specialty_columns=&#8221;2&#8243; _builder_version=&#8221;4.16&#8243; custom_padding=&#8221;|||&#8221; global_colors_info=&#8221;{}&#8221; custom_padding__hover=&#8221;|||&#8221;][et_pb_row_inner _builder_version=&#8221;4.17.4&#8243; _module_preset=&#8221;default&#8221; global_colors_info=&#8221;{}&#8221;][et_pb_column_inner saved_specialty_column_type=&#8221;1_2&#8243; _builder_version=&#8221;4.17.4&#8243; _module_preset=&#8221;default&#8221; global_colors_info=&#8221;{}&#8221;][et_pb_text _builder_version=&#8221;4.27.4&#8243; _module_preset=&#8221;e6504a1b-67eb-4b3d-b023-bcab277610b6&#8243; link_font=&#8221;||||||||&#8221; link_text_color=&#8221;#AE8F73&#8243; header_4_font=&#8221;&#8211;et_global_body_font|700||on|||||&#8221; header_4_text_color=&#8221;gcid-10f4f743-0062-4f8b-a225-26364d21fb6c&#8221; header_4_font_size=&#8221;12px&#8221; header_4_letter_spacing=&#8221;0.2em&#8221; header_4_line_height=&#8221;1.5em&#8221; custom_margin=&#8221;||0px||false|false&#8221; global_colors_info=&#8221;{%22gcid-10f4f743-0062-4f8b-a225-26364d21fb6c%22:%91%22header_4_text_color%22%93}&#8221;]<\/p>\n<h4>diferencias<\/h4>\n<p>[\/et_pb_text][et_pb_text _builder_version=&#8221;4.27.4&#8243; _module_preset=&#8221;b327cbe4-b1d5-4b66-ad37-40c8f2f061ba&#8221; header_2_font=&#8221;&#8211;et_global_heading_font|||on|||||&#8221; header_2_text_color=&#8221;#0d232d&#8221; header_2_font_size=&#8221;70px&#8221; header_2_line_height=&#8221;1.15em&#8221; header_2_font_size_tablet=&#8221;32px&#8221; header_2_font_size_phone=&#8221;20px&#8221; header_2_font_size_last_edited=&#8221;on|phone&#8221; global_colors_info=&#8221;{}&#8221;]<\/p>\n<h2>Un actor en la <strong>seguridad global<\/strong><\/h2>\n<p>[\/et_pb_text][\/et_pb_column_inner][\/et_pb_row_inner][et_pb_row_inner _builder_version=&#8221;4.17.4&#8243; _module_preset=&#8221;default&#8221; global_colors_info=&#8221;{}&#8221;][et_pb_column_inner saved_specialty_column_type=&#8221;1_2&#8243; _builder_version=&#8221;4.17.4&#8243; _module_preset=&#8221;default&#8221; global_colors_info=&#8221;{}&#8221;][et_pb_text _builder_version=&#8221;4.27.4&#8243; _module_preset=&#8221;default&#8221; text_font=&#8221;&#8211;et_global_body_font||||||||&#8221; global_colors_info=&#8221;{}&#8221;]<\/p>\n<p><strong>Leonardo Helicopters<\/strong> juega un papel crucial en el escenario de la aviaci\u00f3n global, destac\u00e1ndose como uno de los principales proveedores de helic\u00f3pteros para aplicaciones civiles, militares y gubernamentales.\u00a0<\/p>\n<p>En el \u00e1mbito militar, sus helic\u00f3pteros se utilizan en misiones de b\u00fasqueda y rescate, transporte de tropas, evacuaci\u00f3n m\u00e9dica y operaciones especiales. Modelos como el <strong>AW169M<\/strong> son ampliamente reconocidos por su versatilidad y eficacia en el campo. En el sector civil, Leonardo satisface las demandas de transporte ejecutivo, servicios m\u00e9dicos de emergencia, patrullas costeras y apoyo a la industria del petr\u00f3leo y el gas, garantizando confiabilidad y alto rendimiento.<\/p>\n<p>\u00a0Al equilibrar la tradici\u00f3n y la innovaci\u00f3n, Leonardo contin\u00faa influyendo positivamente en la aviaci\u00f3n, adapt\u00e1ndose a las necesidades emergentes y contribuyendo a la seguridad y la eficiencia de las operaciones a\u00e9reas a escala global.<\/p>\n<p>[\/et_pb_text][\/et_pb_column_inner][\/et_pb_row_inner][\/et_pb_column][\/et_pb_section]<\/p>\n","protected":false},"excerpt":{"rendered":"<p>El m\u00e1s grande en helic\u00f3pterosAW 109 TREKKERUn helic\u00f3ptero militar de tres toneladas ideal para un amplio espectro de misiones, incluido el transporte de tropas, reabastecimiento de carga y transporte externo, evacuaci\u00f3n de heridos\/evacuaci\u00f3n m\u00e9dica (CASEVAC\/MEDEVAC), b\u00fasqueda y rescate (SAR), operaciones de fuerzas especiales, comando y control (C2) y escolta armada.AW 09El vers\u00e1til AW09 es un [&hellip;]<\/p>\n","protected":false},"author":2,"featured_media":0,"parent":25102974,"menu_order":0,"comment_status":"closed","ping_status":"closed","template":"","meta":{"_et_pb_use_builder":"on","_et_pb_old_content":"","_et_gb_content_width":"","footnotes":""},"class_list":["post-851","page","type-page","status-publish","hentry"],"_links":{"self":[{"href":"https:\/\/synerjet.com\/es\/wp-json\/wp\/v2\/pages\/851","targetHints":{"allow":["GET"]}}],"collection":[{"href":"https:\/\/synerjet.com\/es\/wp-json\/wp\/v2\/pages"}],"about":[{"href":"https:\/\/synerjet.com\/es\/wp-json\/wp\/v2\/types\/page"}],"author":[{"embeddable":true,"href":"https:\/\/synerjet.com\/es\/wp-json\/wp\/v2\/users\/2"}],"replies":[{"embeddable":true,"href":"https:\/\/synerjet.com\/es\/wp-json\/wp\/v2\/comments?post=851"}],"version-history":[{"count":15,"href":"https:\/\/synerjet.com\/es\/wp-json\/wp\/v2\/pages\/851\/revisions"}],"predecessor-version":[{"id":25103688,"href":"https:\/\/synerjet.com\/es\/wp-json\/wp\/v2\/pages\/851\/revisions\/25103688"}],"up":[{"embeddable":true,"href":"https:\/\/synerjet.com\/es\/wp-json\/wp\/v2\/pages\/25102974"}],"wp:attachment":[{"href":"https:\/\/synerjet.com\/es\/wp-json\/wp\/v2\/media?parent=851"}],"curies":[{"name":"wp","href":"https:\/\/api.w.org\/{rel}","templated":true}]}}