{"id":883,"date":"2024-05-24T18:09:06","date_gmt":"2024-05-24T18:09:06","guid":{"rendered":"https:\/\/synerjet.com.br\/es\/?page_id=883"},"modified":"2025-05-05T13:28:40","modified_gmt":"2025-05-05T13:28:40","slug":"honeywell","status":"publish","type":"page","link":"https:\/\/synerjet.com\/es\/equipo\/honeywell\/","title":{"rendered":"Honeywell"},"content":{"rendered":"<p>[et_pb_section fb_built=&#8221;1&#8243; admin_label=&#8221;Header&#8221; _builder_version=&#8221;4.25.1&#8243; _module_preset=&#8221;default&#8221; use_background_color_gradient=&#8221;on&#8221; background_color_gradient_stops=&#8221;rgba(13,35,45,0) 0%|#091d26 100%&#8221; background_color_gradient_overlays_image=&#8221;on&#8221; background_image=&#8221;https:\/\/synerjet.com\/es\/wp-content\/uploads\/2024\/05\/Avionics_Anthem_2880x1440.jpg&#8221; background_enable_video_mp4=&#8221;off&#8221; collapsed=&#8221;on&#8221; global_colors_info=&#8221;{}&#8221;][et_pb_row _builder_version=&#8221;4.17.6&#8243; _module_preset=&#8221;default&#8221; max_width=&#8221;800px&#8221; global_colors_info=&#8221;{}&#8221;][et_pb_column type=&#8221;4_4&#8243; _builder_version=&#8221;4.17.4&#8243; _module_preset=&#8221;default&#8221; global_colors_info=&#8221;{}&#8221;][et_pb_text _builder_version=&#8221;4.25.1&#8243; _module_preset=&#8221;c9c4574d-66da-4074-bc01-a39a90242834&#8243; header_font=&#8221;Abel|300||on|||||&#8221; header_text_color=&#8221;#FFFFFF&#8221; header_font_size=&#8221;107px&#8221; header_line_height=&#8221;1.15em&#8221; text_orientation=&#8221;center&#8221; header_font_size_tablet=&#8221;50px&#8221; header_font_size_phone=&#8221;30px&#8221; header_font_size_last_edited=&#8221;on|phone&#8221; global_colors_info=&#8221;{}&#8221;]<\/p>\n<h1>Honeywell<\/h1>\n<p>[\/et_pb_text][et_pb_button button_url=&#8221;https:\/\/www.honeywell.com&#8221; url_new_window=&#8221;on&#8221; button_text=&#8221;Website Honeywell&#8221; button_alignment=&#8221;center&#8221; _builder_version=&#8221;4.27.4&#8243; _module_preset=&#8221;f5195447-7566-4db2-8be7-f2c20518c7a8&#8243; custom_button=&#8221;on&#8221; button_text_size=&#8221;12px&#8221; button_text_color=&#8221;#FFFFFF&#8221; button_bg_color=&#8221;RGBA(255,255,255,0)&#8221; button_border_color=&#8221;#FFFFFF&#8221; button_border_radius=&#8221;100px&#8221; button_letter_spacing=&#8221;0.5em&#8221; button_font=&#8221;Open Sans|700||on|||||&#8221; custom_margin=&#8221;-10%||||false|false&#8221; custom_padding=&#8221;80px|24px|80px|24px|true|true&#8221; custom_padding_tablet=&#8221;68px|15px|68px|15px|true|true&#8221; custom_padding_phone=&#8221;60px|12px|60px|12px|true|true&#8221; custom_padding_last_edited=&#8221;on|phone&#8221; button_text_size_tablet=&#8221;11px&#8221; button_text_size_phone=&#8221;10px&#8221; button_text_size_last_edited=&#8221;on|phone&#8221; locked=&#8221;off&#8221; global_colors_info=&#8221;{}&#8221;][\/et_pb_button][\/et_pb_column][\/et_pb_row][et_pb_row column_structure=&#8221;1_4,1_4,1_4,1_4&#8243; _builder_version=&#8221;4.17.4&#8243; _module_preset=&#8221;default&#8221; global_colors_info=&#8221;{}&#8221;][et_pb_column type=&#8221;1_4&#8243; _builder_version=&#8221;4.17.4&#8243; _module_preset=&#8221;default&#8221; global_colors_info=&#8221;{}&#8221;][et_pb_image src=&#8221;https:\/\/synerjet.com\/es\/wp-content\/uploads\/2024\/07\/destaque_01.jpg&#8221; title_text=&#8221;destaque_01&#8243; _builder_version=&#8221;4.26.0&#8243; _module_preset=&#8221;default&#8221; global_colors_info=&#8221;{}&#8221;][\/et_pb_image][\/et_pb_column][et_pb_column type=&#8221;1_4&#8243; _builder_version=&#8221;4.17.4&#8243; _module_preset=&#8221;default&#8221; global_colors_info=&#8221;{}&#8221;][et_pb_text _builder_version=&#8221;4.27.4&#8243; _module_preset=&#8221;7d75fe7f-5727-495a-ac6e-57afccfd3533&#8243; header_5_font=&#8221;Roboto Condensed|700||on|||||&#8221; header_5_text_color=&#8221;#FFFFFF&#8221; header_5_font_size=&#8221;20px&#8221; header_5_line_height=&#8221;1.4em&#8221; custom_margin=&#8221;||0px||false|false&#8221; header_5_font_size_tablet=&#8221;15px&#8221; header_5_font_size_phone=&#8221;14px&#8221; header_5_font_size_last_edited=&#8221;on|desktop&#8221; global_colors_info=&#8221;{}&#8221;]<\/p>\n<h5>AVI\u00d3NICOS<\/h5>\n<p>[\/et_pb_text][et_pb_text _builder_version=&#8221;4.27.4&#8243; _module_preset=&#8221;4c43b4b6-66bf-432d-959a-705bda24a650&#8243; text_font=&#8221;Raleway|500|||||||&#8221; text_text_color=&#8221;#FFFFFF&#8221; text_line_height=&#8221;1.65em&#8221; header_font_size_tablet=&#8221;55px&#8221; header_font_size_last_edited=&#8221;off|desktop&#8221; global_colors_info=&#8221;{}&#8221;]<\/p>\n<p>Con <strong>Maintenance Service Plan (MSP)<\/strong>, Honeywell est\u00e1 evolucionando la forma como funciona el planeamiento de mantenimiento para la aviaci\u00f3n ejecutiva. Su MSP Avionics es un programa de garant\u00eda extendida que ofrece beneficios como reducci\u00f3n de los costos de mantenimiento, soporte de emergencia 24\/7 para situaciones cr\u00edticas, acceso al stock global de Honeywell y opciones personalizadas para atender las necesidades individuales. Adem\u00e1s, los contratos son totalmente transferibles y garantizan soporte equivalente al de la garant\u00eda de f\u00e1brica original.<\/p>\n<p>[\/et_pb_text][\/et_pb_column][et_pb_column type=&#8221;1_4&#8243; _builder_version=&#8221;4.17.4&#8243; _module_preset=&#8221;default&#8221; global_colors_info=&#8221;{}&#8221;][et_pb_image src=&#8221;https:\/\/synerjet.com\/es\/wp-content\/uploads\/2024\/07\/destaque_02.jpg&#8221; title_text=&#8221;destaque_02&#8243; _builder_version=&#8221;4.26.0&#8243; _module_preset=&#8221;default&#8221; locked=&#8221;off&#8221; global_colors_info=&#8221;{}&#8221;][\/et_pb_image][\/et_pb_column][et_pb_column type=&#8221;1_4&#8243; _builder_version=&#8221;4.17.4&#8243; _module_preset=&#8221;default&#8221; global_colors_info=&#8221;{}&#8221;][et_pb_text _builder_version=&#8221;4.27.4&#8243; _module_preset=&#8221;7d75fe7f-5727-495a-ac6e-57afccfd3533&#8243; header_5_font=&#8221;Roboto Condensed|700||on|||||&#8221; header_5_text_color=&#8221;#FFFFFF&#8221; header_5_font_size=&#8221;20px&#8221; header_5_line_height=&#8221;1.4em&#8221; custom_margin=&#8221;||0px||false|false&#8221; header_5_font_size_tablet=&#8221;15px&#8221; header_5_font_size_phone=&#8221;14px&#8221; header_5_font_size_last_edited=&#8221;on|desktop&#8221; locked=&#8221;off&#8221; global_colors_info=&#8221;{}&#8221;]<\/p>\n<h5>CONECTIVIDAD<\/h5>\n<p>[\/et_pb_text][et_pb_text _builder_version=&#8221;4.27.4&#8243; _module_preset=&#8221;4c43b4b6-66bf-432d-959a-705bda24a650&#8243; text_font=&#8221;Raleway|500|||||||&#8221; text_text_color=&#8221;#FFFFFF&#8221; text_line_height=&#8221;1.65em&#8221; header_font_size_tablet=&#8221;55px&#8221; header_font_size_last_edited=&#8221;off|desktop&#8221; locked=&#8221;off&#8221; global_colors_info=&#8221;{}&#8221;]<\/p>\n<p><strong>Honeywell<\/strong> lidera la revoluci\u00f3n tecnol\u00f3gica con su Aeronave Conectada, transformando la comunicaci\u00f3n y la seguridad en los vuelos con soluciones innovadoras. Ofrecemos conectividad confiable globalmente, en velocidades comparables a las de ambientes terrestres. Adem\u00e1s, ponemos a disposici\u00f3n actualizaciones de avi\u00f3nicos, sistemas avanzados de radar meteorol\u00f3gico, soluciones ADS-B y sistemas de Alerta y Conocimiento del Terreno, elevando la seguridad y la eficiencia operacional de las aeronaves.<\/p>\n<p>[\/et_pb_text][\/et_pb_column][\/et_pb_row][\/et_pb_section][et_pb_section fb_built=&#8221;1&#8243; admin_label=&#8221;Categories&#8221; _builder_version=&#8221;4.24.2&#8243; _module_preset=&#8221;default&#8221; background_color=&#8221;#FFFFFF&#8221; collapsed=&#8221;on&#8221; global_colors_info=&#8221;{}&#8221;][et_pb_row column_structure=&#8221;2_3,1_3&#8243; _builder_version=&#8221;4.17.4&#8243; _module_preset=&#8221;default&#8221; global_colors_info=&#8221;{}&#8221;][et_pb_column type=&#8221;2_3&#8243; _builder_version=&#8221;4.17.4&#8243; _module_preset=&#8221;default&#8221; global_colors_info=&#8221;{}&#8221;][et_pb_text _builder_version=&#8221;4.27.4&#8243; _module_preset=&#8221;b327cbe4-b1d5-4b66-ad37-40c8f2f061ba&#8221; header_2_font=&#8221;Abel|||on|||||&#8221; header_2_text_color=&#8221;#0d232d&#8221; header_2_font_size=&#8221;61px&#8221; header_2_line_height=&#8221;1.15em&#8221; header_2_font_size_tablet=&#8221;32px&#8221; header_2_font_size_phone=&#8221;20px&#8221; header_2_font_size_last_edited=&#8221;on|phone&#8221; global_colors_info=&#8221;{}&#8221;]<\/p>\n<h2>LOS MEJORES AVI\u00d3NICOS <strong>PARA LAS MEJORES AERONAVES<\/strong><\/h2>\n<p>[\/et_pb_text][\/et_pb_column][et_pb_column type=&#8221;1_3&#8243; _builder_version=&#8221;4.17.4&#8243; _module_preset=&#8221;default&#8221; global_colors_info=&#8221;{}&#8221;][\/et_pb_column][\/et_pb_row][et_pb_row use_custom_gutter=&#8221;on&#8221; _builder_version=&#8221;4.24.2&#8243; _module_preset=&#8221;default&#8221; width=&#8221;52%&#8221; width_tablet=&#8221;80%&#8221; width_phone=&#8221;&#8221; width_last_edited=&#8221;on|phone&#8221; max_width=&#8221;100%&#8221; locked=&#8221;off&#8221; global_colors_info=&#8221;{}&#8221;][et_pb_column type=&#8221;4_4&#8243; _builder_version=&#8221;4.17.4&#8243; _module_preset=&#8221;default&#8221; global_colors_info=&#8221;{}&#8221;][et_pb_text _builder_version=&#8221;4.27.4&#8243; _module_preset=&#8221;default&#8221; text_font=&#8221;Raleway||||||||&#8221; text_font_size=&#8221;16px&#8221; global_colors_info=&#8221;{}&#8221;]<\/p>\n<p>Con sede en Charlotte, Carolina del Norte, <strong>Honeywell<\/strong> es reconocida por sus innovaciones y soluciones avanzadas en \u00e1reas como automatizaci\u00f3n industrial, aeroespacial, tecnolog\u00edas de construcci\u00f3n, materiales de desempe\u00f1o y soluciones de seguridad y productividad. La empresa se destaca por la capacidad de integrar software y hardware para proporcionar soluciones eficientes y sustentables. Adem\u00e1s, Honeywell est\u00e1 comprometida con la sustentabilidad, enfocando en pr\u00e1cticas ambientales responsables y en el desarrollo de productos que promuevan eficiencia energ\u00e9tica. Con una presencia global y actuaci\u00f3n desde 1958 en Brasil, Honeywell atiende una amplia gama de industrias y consumidores, manteniendo un fuerte compromiso con la calidad e innovaci\u00f3n continua. La visi\u00f3n de la empresa es mejorar la calidad de vida de las personas alrededor del mundo, impulsando un futuro m\u00e1s seguro, confortable y productivo.<\/p>\n<p>Una parte significativa de ese compromiso con el futuro se observa en su alianza con <strong>BendixKing<\/strong>, una subsidiaria de Honeywell especializada en sistemas de avi\u00f3nicos. BendixKing, con su larga tradici\u00f3n en excelencia y preocupaci\u00f3n con el avance tecnol\u00f3gico, proporciona una amplia gama de productos y servicios que mejoran la seguridad y eficiencia de las aeronaves. Aunque existan diferencias entre los avi\u00f3nicos de Honeywell que vuelan en aviones comerciales y los sistemas BendixKing encontrados en aeronaves peque\u00f1as e privadas, \u00e9stas comparten parte del mismo ADN y contin\u00faan liderando el mercado y definiendo el futuro de la aviaci\u00f3n.<\/p>\n<p><strong>BENDIXKING<\/strong><\/p>\n<p><strong>BendixKing<\/strong>, proveedor l\u00edder de avi\u00f3nicos para aviaci\u00f3n general, ofrece una gama amplia de productos que van desde flight decks integrados hasta soluciones de conectividad en vuelo y en suelo. Los productos de Honeywell y BendixKing proporcionan una experiencia perfeccionada para pilotos y transmiten informaciones cr\u00edticas de vuelo para equipos de suelo. Desde proyectos de actualizaciones de avi\u00f3nicos, creando unidades de exhibici\u00f3n de \u00faltima generaci\u00f3n que maximizan la eficiencia, hasta el desempe\u00f1o y la seguridad para sus operadores, los avi\u00f3nicos de BendixKing est\u00e1n presentes en aeronaves fabricadas por toda la industria de aviaci\u00f3n.<\/p>\n<p>[\/et_pb_text][\/et_pb_column][\/et_pb_row][\/et_pb_section][et_pb_section fb_built=&#8221;1&#8243; specialty=&#8221;on&#8221; admin_label=&#8221;Gallery&#8221; _builder_version=&#8221;4.24.2&#8243; _module_preset=&#8221;default&#8221; background_color=&#8221;#FFFFFF&#8221; collapsed=&#8221;on&#8221; global_colors_info=&#8221;{}&#8221;][et_pb_column type=&#8221;1_2&#8243; _builder_version=&#8221;4.16&#8243; custom_padding=&#8221;|||&#8221; global_colors_info=&#8221;{}&#8221; custom_padding__hover=&#8221;|||&#8221;][et_pb_image src=&#8221;https:\/\/synerjet.com\/es\/wp-content\/uploads\/2024\/05\/Avionics_Newsletter_Banner_1-1-square-copy.jpg&#8221; title_text=&#8221;Avionics_Newsletter_Banner_1-1-square copy&#8221; _builder_version=&#8221;4.25.1&#8243; _module_preset=&#8221;default&#8221; custom_margin=&#8221;|||-20vw|false|false&#8221; custom_margin_tablet=&#8221;|||0vw|false|false&#8221; custom_margin_phone=&#8221;&#8221; custom_margin_last_edited=&#8221;on|tablet&#8221; global_colors_info=&#8221;{}&#8221;][\/et_pb_image][\/et_pb_column][et_pb_column type=&#8221;1_2&#8243; specialty_columns=&#8221;2&#8243; _builder_version=&#8221;4.16&#8243; custom_padding=&#8221;|||&#8221; global_colors_info=&#8221;{}&#8221; custom_padding__hover=&#8221;|||&#8221;][et_pb_row_inner _builder_version=&#8221;4.17.4&#8243; _module_preset=&#8221;default&#8221; global_colors_info=&#8221;{}&#8221;][et_pb_column_inner saved_specialty_column_type=&#8221;1_2&#8243; _builder_version=&#8221;4.17.4&#8243; _module_preset=&#8221;default&#8221; global_colors_info=&#8221;{}&#8221;][et_pb_text _builder_version=&#8221;4.27.4&#8243; _module_preset=&#8221;e6504a1b-67eb-4b3d-b023-bcab277610b6&#8243; link_font=&#8221;||||||||&#8221; link_text_color=&#8221;#AE8F73&#8243; header_4_font=&#8221;Open Sans|700||on|||||&#8221; header_4_text_color=&#8221;gcid-10f4f743-0062-4f8b-a225-26364d21fb6c&#8221; header_4_font_size=&#8221;12px&#8221; header_4_letter_spacing=&#8221;0.2em&#8221; header_4_line_height=&#8221;1.5em&#8221; custom_margin=&#8221;||0px||false|false&#8221; global_colors_info=&#8221;{%22gcid-10f4f743-0062-4f8b-a225-26364d21fb6c%22:%91%22header_4_text_color%22%93}&#8221;]<\/p>\n<h4>LOS MEJORES AVI\u00d3NICOS PARA LAS MEJORES AERONAVES<\/h4>\n<p>[\/et_pb_text][et_pb_text _builder_version=&#8221;4.27.4&#8243; _module_preset=&#8221;b327cbe4-b1d5-4b66-ad37-40c8f2f061ba&#8221; header_2_font=&#8221;Abel|||on|||||&#8221; header_2_text_color=&#8221;#0d232d&#8221; header_2_font_size=&#8221;70px&#8221; header_2_line_height=&#8221;1.15em&#8221; header_2_font_size_tablet=&#8221;32px&#8221; header_2_font_size_phone=&#8221;20px&#8221; header_2_font_size_last_edited=&#8221;on|phone&#8221; global_colors_info=&#8221;{}&#8221;]<\/p>\n<h2>ALWAYS ON, <strong>UNA NUEVA ERA DE LA AVIACI\u00d3N <\/strong><\/h2>\n<p>[\/et_pb_text][\/et_pb_column_inner][\/et_pb_row_inner][et_pb_row_inner _builder_version=&#8221;4.17.4&#8243; _module_preset=&#8221;default&#8221; global_colors_info=&#8221;{}&#8221;][et_pb_column_inner saved_specialty_column_type=&#8221;1_2&#8243; _builder_version=&#8221;4.17.4&#8243; _module_preset=&#8221;default&#8221; global_colors_info=&#8221;{}&#8221;][et_pb_text _builder_version=&#8221;4.27.4&#8243; _module_preset=&#8221;default&#8221; text_font=&#8221;Raleway||||||||&#8221; text_font_size=&#8221;16px&#8221; global_colors_info=&#8221;{}&#8221;]<\/p>\n<p>La alianza entre <strong>Honeywell<\/strong> y <strong>Synerjet<\/strong> representa una colaboraci\u00f3n estrat\u00e9gica para proporcionar soluciones avanzadas en aviaci\u00f3n ejecutiva. Synerjet, reconocida en el mercado brasile\u00f1o por su experiencia en aviaci\u00f3n ejecutiva y servicios personalizados, combina su experiencia LATAM con la tecnolog\u00eda de punta de Honeywell en avi\u00f3nicos y sistemas de gesti\u00f3n de vuelo.<\/p>\n<p>Esa colaboraci\u00f3n tiene como objetivo ofrecerles a los clientes en toda Latinoam\u00e9rica, acceso a soluciones integradas que mejoran la eficiencia operacional, seguridad y comodidad en las aeronaves ejecutivas. Honeywell aporta su experiencia global en sistemas de navegaci\u00f3n, comunicaci\u00f3n, administraci\u00f3n de vuelo y conectividad, mientras Synerjet ofrece soporte local especializado, garantizando una experiencia personalizada y confiable.<\/p>\n<p>Juntas, Honeywell y Synerjet est\u00e1n comprometidas en elevar los est\u00e1ndares de excelencia en la aviaci\u00f3n ejecutiva, proporcionando soluciones innovadoras que atienden las necesidades espec\u00edficas de los clientes e impulsan el crecimiento sustentable del sector.<\/p>\n<p>[\/et_pb_text][\/et_pb_column_inner][\/et_pb_row_inner][\/et_pb_column][\/et_pb_section]<\/p>\n","protected":false},"excerpt":{"rendered":"<p>HoneywellAVI\u00d3NICOSCon Maintenance Service Plan (MSP), Honeywell est\u00e1 evolucionando la forma como funciona el planeamiento de mantenimiento para la aviaci\u00f3n ejecutiva. Su MSP Avionics es un programa de garant\u00eda extendida que ofrece beneficios como reducci\u00f3n de los costos de mantenimiento, soporte de emergencia 24\/7 para situaciones cr\u00edticas, acceso al stock global de Honeywell y opciones personalizadas [&hellip;]<\/p>\n","protected":false},"author":2,"featured_media":0,"parent":25102977,"menu_order":0,"comment_status":"closed","ping_status":"closed","template":"","meta":{"_et_pb_use_builder":"on","_et_pb_old_content":"","_et_gb_content_width":"","footnotes":""},"class_list":["post-883","page","type-page","status-publish","hentry"],"_links":{"self":[{"href":"https:\/\/synerjet.com\/es\/wp-json\/wp\/v2\/pages\/883","targetHints":{"allow":["GET"]}}],"collection":[{"href":"https:\/\/synerjet.com\/es\/wp-json\/wp\/v2\/pages"}],"about":[{"href":"https:\/\/synerjet.com\/es\/wp-json\/wp\/v2\/types\/page"}],"author":[{"embeddable":true,"href":"https:\/\/synerjet.com\/es\/wp-json\/wp\/v2\/users\/2"}],"replies":[{"embeddable":true,"href":"https:\/\/synerjet.com\/es\/wp-json\/wp\/v2\/comments?post=883"}],"version-history":[{"count":15,"href":"https:\/\/synerjet.com\/es\/wp-json\/wp\/v2\/pages\/883\/revisions"}],"predecessor-version":[{"id":25103342,"href":"https:\/\/synerjet.com\/es\/wp-json\/wp\/v2\/pages\/883\/revisions\/25103342"}],"up":[{"embeddable":true,"href":"https:\/\/synerjet.com\/es\/wp-json\/wp\/v2\/pages\/25102977"}],"wp:attachment":[{"href":"https:\/\/synerjet.com\/es\/wp-json\/wp\/v2\/media?parent=883"}],"curies":[{"name":"wp","href":"https:\/\/api.w.org\/{rel}","templated":true}]}}