{"id":892,"date":"2024-05-24T19:02:13","date_gmt":"2024-05-24T19:02:13","guid":{"rendered":"https:\/\/synerjet.com.br\/es\/?page_id=892"},"modified":"2026-01-09T15:03:25","modified_gmt":"2026-01-09T15:03:25","slug":"enercraft","status":"publish","type":"page","link":"https:\/\/synerjet.com\/es\/equipo\/enercraft\/","title":{"rendered":"Enercraft"},"content":{"rendered":"<p>[et_pb_section fb_built=&#8221;1&#8243; admin_label=&#8221;Header&#8221; _builder_version=&#8221;4.25.1&#8243; _module_preset=&#8221;default&#8221; use_background_color_gradient=&#8221;on&#8221; background_color_gradient_stops=&#8221;rgba(13,35,45,0) 0%|#091d26 100%&#8221; background_color_gradient_overlays_image=&#8221;on&#8221; background_image=&#8221;https:\/\/synerjet.com\/es\/wp-content\/uploads\/2024\/05\/UST-4030-_-MBB-Bo105CBS-5-scaled-1.jpg&#8221; background_enable_video_mp4=&#8221;off&#8221; collapsed=&#8221;on&#8221; global_colors_info=&#8221;{}&#8221;][et_pb_row _builder_version=&#8221;4.17.6&#8243; _module_preset=&#8221;default&#8221; max_width=&#8221;800px&#8221; global_colors_info=&#8221;{}&#8221;][et_pb_column type=&#8221;4_4&#8243; _builder_version=&#8221;4.17.4&#8243; _module_preset=&#8221;default&#8221; global_colors_info=&#8221;{}&#8221;][et_pb_text _builder_version=&#8221;4.27.4&#8243; _module_preset=&#8221;c9c4574d-66da-4074-bc01-a39a90242834&#8243; header_font=&#8221;&#8211;et_global_heading_font|300||on|||||&#8221; header_text_color=&#8221;#FFFFFF&#8221; header_font_size=&#8221;107px&#8221; header_line_height=&#8221;1.15em&#8221; text_orientation=&#8221;center&#8221; hover_enabled=&#8221;0&#8243; header_font_size_tablet=&#8221;50px&#8221; header_font_size_phone=&#8221;30px&#8221; header_font_size_last_edited=&#8221;on|phone&#8221; global_colors_info=&#8221;{}&#8221; sticky_enabled=&#8221;0&#8243;]<\/p>\n<h1>enercraft<\/h1>\n<p>[\/et_pb_text][et_pb_button button_url=&#8221;https:\/\/www.enercraft.eu&#8221; url_new_window=&#8221;on&#8221; button_text=&#8221;Website Enercraft&#8221; button_alignment=&#8221;center&#8221; _builder_version=&#8221;4.27.4&#8243; _module_preset=&#8221;f5195447-7566-4db2-8be7-f2c20518c7a8&#8243; custom_button=&#8221;on&#8221; button_text_size=&#8221;12px&#8221; button_text_color=&#8221;#FFFFFF&#8221; button_bg_color=&#8221;RGBA(255,255,255,0)&#8221; button_border_color=&#8221;#FFFFFF&#8221; button_border_radius=&#8221;100px&#8221; button_letter_spacing=&#8221;0.5em&#8221; button_font=&#8221;&#8211;et_global_body_font|700||on|||||&#8221; custom_margin=&#8221;-10%||||false|false&#8221; custom_padding=&#8221;80px|24px|80px|24px|true|true&#8221; custom_padding_tablet=&#8221;68px|15px|68px|15px|true|true&#8221; custom_padding_phone=&#8221;60px|12px|60px|12px|true|true&#8221; custom_padding_last_edited=&#8221;on|phone&#8221; hover_enabled=&#8221;0&#8243; button_text_size_tablet=&#8221;11px&#8221; button_text_size_phone=&#8221;10px&#8221; button_text_size_last_edited=&#8221;on|phone&#8221; locked=&#8221;off&#8221; global_colors_info=&#8221;{}&#8221; sticky_enabled=&#8221;0&#8243;][\/et_pb_button][\/et_pb_column][\/et_pb_row][\/et_pb_section][et_pb_section fb_built=&#8221;1&#8243; admin_label=&#8221;Categories&#8221; _builder_version=&#8221;4.24.2&#8243; _module_preset=&#8221;default&#8221; background_color=&#8221;#FFFFFF&#8221; collapsed=&#8221;on&#8221; global_colors_info=&#8221;{}&#8221;][et_pb_row column_structure=&#8221;2_3,1_3&#8243; _builder_version=&#8221;4.17.4&#8243; _module_preset=&#8221;default&#8221; global_colors_info=&#8221;{}&#8221;][et_pb_column type=&#8221;2_3&#8243; _builder_version=&#8221;4.17.4&#8243; _module_preset=&#8221;default&#8221; global_colors_info=&#8221;{}&#8221;][et_pb_text _builder_version=&#8221;4.27.4&#8243; _module_preset=&#8221;b327cbe4-b1d5-4b66-ad37-40c8f2f061ba&#8221; header_2_font=&#8221;&#8211;et_global_heading_font|||on|||||&#8221; header_2_text_color=&#8221;#0d232d&#8221; header_2_font_size=&#8221;61px&#8221; header_2_line_height=&#8221;1.15em&#8221; header_2_font_size_tablet=&#8221;32px&#8221; header_2_font_size_phone=&#8221;20px&#8221; header_2_font_size_last_edited=&#8221;on|phone&#8221; global_colors_info=&#8221;{}&#8221;]<\/p>\n<h2><strong>ENERG\u00cdA PARA SER LIBRE<\/strong><\/h2>\n<p>[\/et_pb_text][\/et_pb_column][et_pb_column type=&#8221;1_3&#8243; _builder_version=&#8221;4.17.4&#8243; _module_preset=&#8221;default&#8221; global_colors_info=&#8221;{}&#8221;][\/et_pb_column][\/et_pb_row][et_pb_row use_custom_gutter=&#8221;on&#8221; _builder_version=&#8221;4.24.2&#8243; _module_preset=&#8221;default&#8221; width=&#8221;52%&#8221; width_tablet=&#8221;80%&#8221; width_phone=&#8221;&#8221; width_last_edited=&#8221;on|phone&#8221; max_width=&#8221;100%&#8221; locked=&#8221;off&#8221; global_colors_info=&#8221;{}&#8221;][et_pb_column type=&#8221;4_4&#8243; _builder_version=&#8221;4.17.4&#8243; _module_preset=&#8221;default&#8221; global_colors_info=&#8221;{}&#8221;][et_pb_text _builder_version=&#8221;4.27.4&#8243; _module_preset=&#8221;default&#8221; text_font=&#8221;&#8211;et_global_body_font||||||||&#8221; hover_enabled=&#8221;0&#8243; global_colors_info=&#8221;{}&#8221; sticky_enabled=&#8221;0&#8243;]<\/p>\n<p><strong>Enercraft<\/strong> es una empresa localizada en la regi\u00f3n de Galicia en Espa\u00f1a, especializada en la concepci\u00f3n, desarrollo y fabricaci\u00f3n de bater\u00edas y soluciones avanzadas de almacenamiento y gesti\u00f3n de energ\u00eda.<\/p>\n<p>Adem\u00e1s de su capacidad t\u00e9cnica, Enercraft se destaca por el compromiso con pr\u00e1cticas sustentables, contribuyendo para la reducci\u00f3n de la huella de carbono y promoviendo la adopci\u00f3n de energ\u00edas limpias. Con un equipo dedicado de especialistas y una visi\u00f3n orientada hacia el futuro, la empresa es la \u00fanica fabricante de bater\u00edas h\u00edbridas (litio + ultracapacitores) de este sector, que pueden utilizarse en equipamientos de apoyo en suelo, partidas de aeronaves y fuente de energ\u00eda para cualquier equipamiento que necesite un conector.<\/p>\n<p>Como parte de su misi\u00f3n de apoyar operaciones de aviaci\u00f3n ejecutiva y general, adem\u00e1s de ofrecer l\u00edneas completas y productos innovadores para el mercado, la alianza con Enercraft coloca a Synerjet en posici\u00f3n destacada en la disponibilidad de bater\u00edas y soluciones de almacenamiento de energ\u00eda sustentable.<\/p>\n<p>[\/et_pb_text][\/et_pb_column][\/et_pb_row][et_pb_row column_structure=&#8221;1_4,1_4,1_4,1_4&#8243; _builder_version=&#8221;4.25.1&#8243; _module_preset=&#8221;default&#8221; custom_margin=&#8221;44px||||false|false&#8221; global_colors_info=&#8221;{}&#8221;][et_pb_column type=&#8221;1_4&#8243; _builder_version=&#8221;4.17.4&#8243; _module_preset=&#8221;default&#8221; global_colors_info=&#8221;{}&#8221;][et_pb_image src=&#8221;https:\/\/synerjet.com\/es\/wp-content\/uploads\/2024\/05\/ener_head_02.jpg&#8221; title_text=&#8221;ener_head_02&#8243; _builder_version=&#8221;4.25.1&#8243; _module_preset=&#8221;default&#8221; global_colors_info=&#8221;{}&#8221;][\/et_pb_image][\/et_pb_column][et_pb_column type=&#8221;1_4&#8243; _builder_version=&#8221;4.17.4&#8243; _module_preset=&#8221;default&#8221; global_colors_info=&#8221;{}&#8221;][et_pb_text _builder_version=&#8221;4.27.4&#8243; _module_preset=&#8221;7d75fe7f-5727-495a-ac6e-57afccfd3533&#8243; text_text_color=&#8221;#000000&#8243; header_text_color=&#8221;#000000&#8243; header_5_font=&#8221;&#8211;et_global_heading_font|700||on|||||&#8221; header_5_text_color=&#8221;#000000&#8243; header_5_font_size=&#8221;20px&#8221; header_5_line_height=&#8221;1.4em&#8221; custom_margin=&#8221;||0px||false|false&#8221; hover_enabled=&#8221;0&#8243; header_5_font_size_tablet=&#8221;15px&#8221; header_5_font_size_phone=&#8221;14px&#8221; header_5_font_size_last_edited=&#8221;on|desktop&#8221; global_colors_info=&#8221;{}&#8221; sticky_enabled=&#8221;0&#8243;]<\/p>\n<h5>GPU<\/h5>\n<p>[\/et_pb_text][et_pb_text _builder_version=&#8221;4.27.4&#8243; _module_preset=&#8221;4c43b4b6-66bf-432d-959a-705bda24a650&#8243; text_font=&#8221;&#8211;et_global_body_font|500|||||||&#8221; text_text_color=&#8221;#000000&#8243; text_line_height=&#8221;1.65em&#8221; header_font_size_tablet=&#8221;55px&#8221; header_font_size_last_edited=&#8221;off|desktop&#8221; global_colors_info=&#8221;{}&#8221;]<\/p>\n<p>Los productos <strong>GPU Lite<\/strong> se desarrollaron para permitir el suministro de energ\u00eda durante un lago per\u00edodo en suelo, principalmente para fines de mantenimiento u operaci\u00f3n, funcionando como fuente de alimentaci\u00f3n de servicio continuo.<\/p>\n<p>[\/et_pb_text][\/et_pb_column][et_pb_column type=&#8221;1_4&#8243; _builder_version=&#8221;4.17.4&#8243; _module_preset=&#8221;default&#8221; global_colors_info=&#8221;{}&#8221;][et_pb_image src=&#8221;https:\/\/synerjet.com\/es\/wp-content\/uploads\/2024\/05\/ener_head_01.jpg&#8221; title_text=&#8221;ener_head_01&#8243; _builder_version=&#8221;4.25.1&#8243; _module_preset=&#8221;default&#8221; locked=&#8221;off&#8221; global_colors_info=&#8221;{}&#8221;][\/et_pb_image][\/et_pb_column][et_pb_column type=&#8221;1_4&#8243; _builder_version=&#8221;4.17.4&#8243; _module_preset=&#8221;default&#8221; global_colors_info=&#8221;{}&#8221;][et_pb_text _builder_version=&#8221;4.25.1&#8243; _module_preset=&#8221;7d75fe7f-5727-495a-ac6e-57afccfd3533&#8243; header_5_font=&#8221;&#8211;et_global_heading_font|700||on|||||&#8221; header_5_text_color=&#8221;#000000&#8243; header_5_font_size=&#8221;20px&#8221; header_5_line_height=&#8221;1.4em&#8221; custom_margin=&#8221;||0px||false|false&#8221; header_5_font_size_tablet=&#8221;15px&#8221; header_5_font_size_phone=&#8221;14px&#8221; header_5_font_size_last_edited=&#8221;on|desktop&#8221; locked=&#8221;off&#8221; global_colors_info=&#8221;{}&#8221;]<\/p>\n<h5>Ultrastarter<\/h5>\n<p>[\/et_pb_text][et_pb_text _builder_version=&#8221;4.27.4&#8243; _module_preset=&#8221;4c43b4b6-66bf-432d-959a-705bda24a650&#8243; text_font=&#8221;&#8211;et_global_body_font|500|||||||&#8221; text_text_color=&#8221;#000000&#8243; text_line_height=&#8221;1.65em&#8221; header_font_size_tablet=&#8221;55px&#8221; header_font_size_last_edited=&#8221;off|desktop&#8221; locked=&#8221;off&#8221; global_colors_info=&#8221;{}&#8221;]<\/p>\n<p>Los <strong>Ultra-Starters<\/strong> son dispositivos desarrollados para mejorar el arranque de motores de aviones o helic\u00f3pteros, proporcionando energ\u00eda limpia y prolongando la vida \u00fatil de la bater\u00eda de la aeronave, adem\u00e1s de operar en cualquier condici\u00f3n clim\u00e1tica y ambiental.<\/p>\n<p>[\/et_pb_text][\/et_pb_column][\/et_pb_row][et_pb_row column_structure=&#8221;1_4,1_4,1_4,1_4&#8243; _builder_version=&#8221;4.17.4&#8243; _module_preset=&#8221;default&#8221; global_colors_info=&#8221;{}&#8221;][et_pb_column type=&#8221;1_4&#8243; _builder_version=&#8221;4.17.4&#8243; _module_preset=&#8221;default&#8221; global_colors_info=&#8221;{}&#8221;][et_pb_image src=&#8221;https:\/\/synerjet.com\/es\/wp-content\/uploads\/2024\/06\/EMA.jpg&#8221; title_text=&#8221;EMA&#8221; _builder_version=&#8221;4.25.1&#8243; _module_preset=&#8221;default&#8221; global_colors_info=&#8221;{}&#8221;][\/et_pb_image][\/et_pb_column][et_pb_column type=&#8221;1_4&#8243; _builder_version=&#8221;4.17.4&#8243; _module_preset=&#8221;default&#8221; global_colors_info=&#8221;{}&#8221;][et_pb_text _builder_version=&#8221;4.25.1&#8243; _module_preset=&#8221;7d75fe7f-5727-495a-ac6e-57afccfd3533&#8243; text_text_color=&#8221;#000000&#8243; header_text_color=&#8221;#000000&#8243; header_5_font=&#8221;&#8211;et_global_heading_font|700||on|||||&#8221; header_5_text_color=&#8221;#000000&#8243; header_5_font_size=&#8221;20px&#8221; header_5_line_height=&#8221;1.4em&#8221; custom_margin=&#8221;||0px||false|false&#8221; header_5_font_size_tablet=&#8221;15px&#8221; header_5_font_size_phone=&#8221;14px&#8221; header_5_font_size_last_edited=&#8221;on|desktop&#8221; global_colors_info=&#8221;{}&#8221;]<\/p>\n<h5>EMA<\/h5>\n<p>[\/et_pb_text][et_pb_text _builder_version=&#8221;4.27.4&#8243; _module_preset=&#8221;4c43b4b6-66bf-432d-959a-705bda24a650&#8243; text_font=&#8221;&#8211;et_global_body_font|500|||||||&#8221; text_text_color=&#8221;#000000&#8243; text_line_height=&#8221;1.65em&#8221; header_font_size_tablet=&#8221;55px&#8221; header_font_size_last_edited=&#8221;off|desktop&#8221; global_colors_info=&#8221;{}&#8221;]<\/p>\n<p>Los <strong>EMAs<\/strong> (Energy Mobile Assistants) son equipamientos port\u00e1tiles concebidos para proporcionarles a sus usuarios total autonom\u00eda y libertad, de forma que puedan realizar m\u00faltiples tareas que requieren acceso a una fuente de energ\u00eda, independientemente de su localizaci\u00f3n.<\/p>\n<p>[\/et_pb_text][\/et_pb_column][et_pb_column type=&#8221;1_4&#8243; _builder_version=&#8221;4.17.4&#8243; _module_preset=&#8221;default&#8221; global_colors_info=&#8221;{}&#8221;][et_pb_image src=&#8221;https:\/\/synerjet.com\/es\/wp-content\/uploads\/2024\/06\/dual.jpg&#8221; title_text=&#8221;dual&#8221; _builder_version=&#8221;4.25.1&#8243; _module_preset=&#8221;default&#8221; locked=&#8221;off&#8221; global_colors_info=&#8221;{}&#8221;][\/et_pb_image][\/et_pb_column][et_pb_column type=&#8221;1_4&#8243; _builder_version=&#8221;4.17.4&#8243; _module_preset=&#8221;default&#8221; global_colors_info=&#8221;{}&#8221;][et_pb_text _builder_version=&#8221;4.25.1&#8243; _module_preset=&#8221;7d75fe7f-5727-495a-ac6e-57afccfd3533&#8243; header_5_font=&#8221;&#8211;et_global_heading_font|700||on|||||&#8221; header_5_text_color=&#8221;#000000&#8243; header_5_font_size=&#8221;20px&#8221; header_5_line_height=&#8221;1.4em&#8221; custom_margin=&#8221;||0px||false|false&#8221; header_5_font_size_tablet=&#8221;15px&#8221; header_5_font_size_phone=&#8221;14px&#8221; header_5_font_size_last_edited=&#8221;on|desktop&#8221; locked=&#8221;off&#8221; global_colors_info=&#8221;{}&#8221;]<\/p>\n<h5>DUAL SOLUTION<\/h5>\n<p>[\/et_pb_text][et_pb_text _builder_version=&#8221;4.27.4&#8243; _module_preset=&#8221;4c43b4b6-66bf-432d-959a-705bda24a650&#8243; text_font=&#8221;&#8211;et_global_body_font|500|||||||&#8221; text_text_color=&#8221;#000000&#8243; text_line_height=&#8221;1.65em&#8221; header_font_size_tablet=&#8221;55px&#8221; header_font_size_last_edited=&#8221;off|desktop&#8221; locked=&#8221;off&#8221; global_colors_info=&#8221;{}&#8221;]<\/p>\n<p>Las <strong>GPUs<\/strong> de Enercraft permiten la combinaci\u00f3n de cualquiera de sus equipamientos, o incluso dos GPUs Lite, bien sea para un uso espec\u00edfico o un consumo de corriente adicional para tareas operacionales o de mantenimiento.<\/p>\n<p>[\/et_pb_text][\/et_pb_column][\/et_pb_row][\/et_pb_section][et_pb_section fb_built=&#8221;1&#8243; specialty=&#8221;on&#8221; admin_label=&#8221;Gallery&#8221; _builder_version=&#8221;4.24.2&#8243; _module_preset=&#8221;default&#8221; background_color=&#8221;#FFFFFF&#8221; collapsed=&#8221;on&#8221; global_colors_info=&#8221;{}&#8221;][et_pb_column type=&#8221;1_2&#8243; _builder_version=&#8221;4.16&#8243; custom_padding=&#8221;|||&#8221; global_colors_info=&#8221;{}&#8221; custom_padding__hover=&#8221;|||&#8221;][et_pb_image src=&#8221;https:\/\/synerjet.com\/es\/wp-content\/uploads\/2024\/05\/ENERCRAFT-copy.jpg&#8221; title_text=&#8221;ENERCRAFT copy&#8221; _builder_version=&#8221;4.25.1&#8243; _module_preset=&#8221;default&#8221; custom_margin=&#8221;|||-20vw|false|false&#8221; custom_margin_tablet=&#8221;|||0vw|false|false&#8221; custom_margin_phone=&#8221;&#8221; custom_margin_last_edited=&#8221;on|tablet&#8221; global_colors_info=&#8221;{}&#8221;][\/et_pb_image][\/et_pb_column][et_pb_column type=&#8221;1_2&#8243; specialty_columns=&#8221;2&#8243; _builder_version=&#8221;4.16&#8243; custom_padding=&#8221;|||&#8221; global_colors_info=&#8221;{}&#8221; custom_padding__hover=&#8221;|||&#8221;][et_pb_row_inner _builder_version=&#8221;4.17.4&#8243; _module_preset=&#8221;default&#8221; global_colors_info=&#8221;{}&#8221;][et_pb_column_inner saved_specialty_column_type=&#8221;1_2&#8243; _builder_version=&#8221;4.17.4&#8243; _module_preset=&#8221;default&#8221; global_colors_info=&#8221;{}&#8221;][et_pb_text _builder_version=&#8221;4.27.4&#8243; _module_preset=&#8221;e6504a1b-67eb-4b3d-b023-bcab277610b6&#8243; link_font=&#8221;||||||||&#8221; link_text_color=&#8221;#AE8F73&#8243; header_4_font=&#8221;Open Sans|700||on|||||&#8221; header_4_text_color=&#8221;gcid-10f4f743-0062-4f8b-a225-26364d21fb6c&#8221; header_4_font_size=&#8221;12px&#8221; header_4_letter_spacing=&#8221;0.2em&#8221; header_4_line_height=&#8221;1.5em&#8221; custom_margin=&#8221;||0px||false|false&#8221; global_colors_info=&#8221;{%22gcid-10f4f743-0062-4f8b-a225-26364d21fb6c%22:%91%22header_4_text_color%22%93}&#8221;]<\/p>\n<h4>diferencias<\/h4>\n<p>[\/et_pb_text][et_pb_text _builder_version=&#8221;4.27.4&#8243; _module_preset=&#8221;b327cbe4-b1d5-4b66-ad37-40c8f2f061ba&#8221; header_2_font=&#8221;&#8211;et_global_heading_font|||on|||||&#8221; header_2_text_color=&#8221;#0d232d&#8221; header_2_font_size=&#8221;70px&#8221; header_2_line_height=&#8221;1.15em&#8221; header_2_font_size_tablet=&#8221;32px&#8221; header_2_font_size_phone=&#8221;20px&#8221; header_2_font_size_last_edited=&#8221;on|phone&#8221; global_colors_info=&#8221;{}&#8221;]<\/p>\n<h2>Soluciones para las necesidades <strong>energ\u00e9ticas<\/strong><\/h2>\n<p>[\/et_pb_text][\/et_pb_column_inner][\/et_pb_row_inner][et_pb_row_inner _builder_version=&#8221;4.17.4&#8243; _module_preset=&#8221;default&#8221; global_colors_info=&#8221;{}&#8221;][et_pb_column_inner saved_specialty_column_type=&#8221;1_2&#8243; _builder_version=&#8221;4.17.4&#8243; _module_preset=&#8221;default&#8221; global_colors_info=&#8221;{}&#8221;][et_pb_text _builder_version=&#8221;4.27.4&#8243; _module_preset=&#8221;default&#8221; text_font=&#8221;&#8211;et_global_body_font||||||||&#8221; global_colors_info=&#8221;{}&#8221;]<\/p>\n<p>No importan sus necesidades energ\u00e9ticas, Enercraft tiene una soluci\u00f3n para usted<\/p>\n<p>Todos nuestros productos son dispositivos modernos, robustos, eficientes y de alta calidad, con tecnolog\u00eda probada y ampliamente probados en las condiciones y entornos de trabajo m\u00e1s desafiantes. Debido a nuestras ra\u00edces y a nuestra pasi\u00f3n por la ingenier\u00eda aeron\u00e1utica, incorporamos un alto grado de optimizaci\u00f3n y atenci\u00f3n al m\u00e1s m\u00ednimo detalle en todos nuestros desarrollos.<\/p>\n<p>Estamos acostumbrados a trabajar en proyectos de alta complejidad tecnol\u00f3gica y quedamos a su disposici\u00f3n para acompa\u00f1arle en las diferentes etapas de dise\u00f1o, desarrollo y fabricaci\u00f3n de las soluciones m\u00e1s avanzadas para cada reto energ\u00e9tico espec\u00edfico.<\/p>\n<p>[\/et_pb_text][\/et_pb_column_inner][\/et_pb_row_inner][\/et_pb_column][\/et_pb_section]<\/p>\n","protected":false},"excerpt":{"rendered":"<p>enercraftENERG\u00cdA PARA SER LIBREEnercraft es una empresa localizada en la regi\u00f3n de Galicia en Espa\u00f1a, especializada en la concepci\u00f3n, desarrollo y fabricaci\u00f3n de bater\u00edas y soluciones avanzadas de almacenamiento y gesti\u00f3n de energ\u00eda. Adem\u00e1s de su capacidad t\u00e9cnica, Enercraft se destaca por el compromiso con pr\u00e1cticas sustentables, contribuyendo para la reducci\u00f3n de la huella de [&hellip;]<\/p>\n","protected":false},"author":2,"featured_media":0,"parent":25102977,"menu_order":0,"comment_status":"closed","ping_status":"closed","template":"","meta":{"_et_pb_use_builder":"on","_et_pb_old_content":"","_et_gb_content_width":"","footnotes":""},"class_list":["post-892","page","type-page","status-publish","hentry"],"_links":{"self":[{"href":"https:\/\/synerjet.com\/es\/wp-json\/wp\/v2\/pages\/892","targetHints":{"allow":["GET"]}}],"collection":[{"href":"https:\/\/synerjet.com\/es\/wp-json\/wp\/v2\/pages"}],"about":[{"href":"https:\/\/synerjet.com\/es\/wp-json\/wp\/v2\/types\/page"}],"author":[{"embeddable":true,"href":"https:\/\/synerjet.com\/es\/wp-json\/wp\/v2\/users\/2"}],"replies":[{"embeddable":true,"href":"https:\/\/synerjet.com\/es\/wp-json\/wp\/v2\/comments?post=892"}],"version-history":[{"count":12,"href":"https:\/\/synerjet.com\/es\/wp-json\/wp\/v2\/pages\/892\/revisions"}],"predecessor-version":[{"id":25103544,"href":"https:\/\/synerjet.com\/es\/wp-json\/wp\/v2\/pages\/892\/revisions\/25103544"}],"up":[{"embeddable":true,"href":"https:\/\/synerjet.com\/es\/wp-json\/wp\/v2\/pages\/25102977"}],"wp:attachment":[{"href":"https:\/\/synerjet.com\/es\/wp-json\/wp\/v2\/media?parent=892"}],"curies":[{"name":"wp","href":"https:\/\/api.w.org\/{rel}","templated":true}]}}