{"id":945,"date":"2024-06-12T18:49:11","date_gmt":"2024-06-12T18:49:11","guid":{"rendered":"https:\/\/synerjet.com.br\/es\/?page_id=945"},"modified":"2026-01-09T14:12:19","modified_gmt":"2026-01-09T14:12:19","slug":"leonardo-aw-169","status":"publish","type":"page","link":"https:\/\/synerjet.com\/es\/aeronave\/leonardo\/leonardo-aw-169\/","title":{"rendered":"Leonardo AW 169"},"content":{"rendered":"<p>[et_pb_section fb_built=&#8221;1&#8243; admin_label=&#8221;Header&#8221; _builder_version=&#8221;4.25.1&#8243; _module_preset=&#8221;default&#8221; use_background_color_gradient=&#8221;on&#8221; background_color_gradient_stops=&#8221;rgba(0,0,0,0.24) 24%|rgba(0,0,0,0.88) 100%&#8221; background_color_gradient_overlays_image=&#8221;on&#8221; background_image=&#8221;https:\/\/synerjet.com\/es\/wp-content\/uploads\/2024\/06\/5d0d6c2fd0f225349f0d6da64f686b15.jpg&#8221; background_enable_video_mp4=&#8221;off&#8221; background_video_width=&#8221;100%&#8221; custom_padding=&#8221;20%||||false|false&#8221; collapsed=&#8221;on&#8221; global_colors_info=&#8221;{}&#8221;][et_pb_row column_structure=&#8221;3_5,2_5&#8243; _builder_version=&#8221;4.17.4&#8243; _module_preset=&#8221;default&#8221; global_colors_info=&#8221;{}&#8221;][et_pb_column type=&#8221;3_5&#8243; _builder_version=&#8221;4.17.4&#8243; _module_preset=&#8221;default&#8221; global_colors_info=&#8221;{}&#8221;][et_pb_text _builder_version=&#8221;4.27.4&#8243; _module_preset=&#8221;c16985e1-e0d6-4022-964d-e2bfc04fa633&#8243; header_font=&#8221;&#8211;et_global_heading_font|300||on|||||&#8221; header_text_color=&#8221;#FFFFFF&#8221; header_font_size=&#8221;100px&#8221; header_line_height=&#8221;1.15em&#8221; hover_enabled=&#8221;0&#8243; header_font_size_tablet=&#8221;40px&#8221; header_font_size_phone=&#8221;24px&#8221; header_font_size_last_edited=&#8221;on|desktop&#8221; global_colors_info=&#8221;{}&#8221; sticky_enabled=&#8221;0&#8243;]<\/p>\n<h1>Leonardo AW169<\/h1>\n<p>[\/et_pb_text][\/et_pb_column][et_pb_column type=&#8221;2_5&#8243; _builder_version=&#8221;4.17.4&#8243; _module_preset=&#8221;default&#8221; global_colors_info=&#8221;{}&#8221;][et_pb_text _builder_version=&#8221;4.27.4&#8243; _module_preset=&#8221;518880c8-46c7-4ffa-b5a6-93ffa99dcc17&#8243; text_font=&#8221;&#8211;et_global_body_font|600|||||||&#8221; text_text_color=&#8221;#FFFFFF&#8221; text_font_size=&#8221;18px&#8221; text_line_height=&#8221;1.65em&#8221; header_text_color=&#8221;#FFFFFF&#8221; hover_enabled=&#8221;0&#8243; text_font_size_tablet=&#8221;16px&#8221; text_font_size_phone=&#8221;14px&#8221; text_font_size_last_edited=&#8221;on|phone&#8221; global_colors_info=&#8221;{}&#8221; sticky_enabled=&#8221;0&#8243;]<\/p>\n<h1 class=\"headline_headerimg in\">A New Standard<\/h1>\n<p>[\/et_pb_text][et_pb_button button_text=&#8221;ven a conocerlo&#8221; _builder_version=&#8221;4.27.4&#8243; _module_preset=&#8221;d7cc993b-624e-47b8-a946-9ba15a6cb780&#8243; custom_button=&#8221;on&#8221; button_text_size=&#8221;12px&#8221; button_text_color=&#8221;#FFFFFF&#8221; button_bg_color=&#8221;RGBA(255,255,255,0)&#8221; button_border_color=&#8221;#FFFFFF&#8221; button_border_radius=&#8221;0px&#8221; button_letter_spacing=&#8221;0.5em&#8221; button_font=&#8221;&#8211;et_global_body_font|700||on|||||&#8221; custom_padding=&#8221;16px|24px|16px|24px|true|true&#8221; hover_enabled=&#8221;0&#8243; global_colors_info=&#8221;{}&#8221; sticky_enabled=&#8221;0&#8243;][\/et_pb_button][\/et_pb_column][\/et_pb_row][\/et_pb_section][et_pb_section fb_built=&#8221;1&#8243; admin_label=&#8221;Feature&#8221; _builder_version=&#8221;4.25.0&#8243; _module_preset=&#8221;default&#8221; background_color=&#8221;#F3EEE8&#8243; custom_padding=&#8221;||||false|false&#8221; collapsed=&#8221;on&#8221; global_colors_info=&#8221;{}&#8221;][et_pb_row column_structure=&#8221;1_3,1_3,1_3&#8243; _builder_version=&#8221;4.17.4&#8243; _module_preset=&#8221;default&#8221; global_colors_info=&#8221;{}&#8221;][et_pb_column type=&#8221;1_3&#8243; _builder_version=&#8221;4.17.4&#8243; _module_preset=&#8221;default&#8221; global_colors_info=&#8221;{}&#8221;][et_pb_image src=&#8221;https:\/\/synerjet.com\/es\/wp-content\/uploads\/2024\/06\/aw169_03.jpg&#8221; title_text=&#8221;aw169_03&#8243; _builder_version=&#8221;4.25.1&#8243; _module_preset=&#8221;default&#8221; global_colors_info=&#8221;{}&#8221;][\/et_pb_image][\/et_pb_column][et_pb_column type=&#8221;1_3&#8243; _builder_version=&#8221;4.17.4&#8243; _module_preset=&#8221;default&#8221; global_colors_info=&#8221;{}&#8221;][et_pb_image src=&#8221;https:\/\/synerjet.com\/es\/wp-content\/uploads\/2024\/06\/aw169_02.jpg&#8221; title_text=&#8221;aw169_02&#8243; _builder_version=&#8221;4.25.1&#8243; _module_preset=&#8221;default&#8221; locked=&#8221;off&#8221; global_colors_info=&#8221;{}&#8221;][\/et_pb_image][\/et_pb_column][et_pb_column type=&#8221;1_3&#8243; _builder_version=&#8221;4.17.4&#8243; _module_preset=&#8221;default&#8221; global_colors_info=&#8221;{}&#8221;][et_pb_image src=&#8221;https:\/\/synerjet.com\/es\/wp-content\/uploads\/2024\/06\/aw169_01.jpg&#8221; title_text=&#8221;aw169_01&#8243; _builder_version=&#8221;4.25.1&#8243; _module_preset=&#8221;default&#8221; locked=&#8221;off&#8221; global_colors_info=&#8221;{}&#8221;][\/et_pb_image][\/et_pb_column][\/et_pb_row][et_pb_row _builder_version=&#8221;4.17.4&#8243; _module_preset=&#8221;default&#8221; locked=&#8221;off&#8221; global_colors_info=&#8221;{}&#8221;][et_pb_column type=&#8221;4_4&#8243; _builder_version=&#8221;4.17.4&#8243; _module_preset=&#8221;default&#8221; global_colors_info=&#8221;{}&#8221;][et_pb_text _builder_version=&#8221;4.27.4&#8243; _module_preset=&#8221;cd2a4f54-9dd5-4b81-94d9-ec2d214579c1&#8243; header_font_size=&#8221;28px&#8221; header_2_font=&#8221;&#8211;et_global_heading_font|300||on|||||&#8221; header_2_text_color=&#8221;#0D232D&#8221; header_2_font_size=&#8221;98px&#8221; header_2_line_height=&#8221;1.15em&#8221; header_2_font_size_tablet=&#8221;50px&#8221; header_2_font_size_phone=&#8221;30px&#8221; header_2_font_size_last_edited=&#8221;on|phone&#8221; global_colors_info=&#8221;{}&#8221;]<\/p>\n<h2>Versatilidad y <strong>comodidad<\/strong><\/h2>\n<p>[\/et_pb_text][\/et_pb_column][\/et_pb_row][et_pb_row column_structure=&#8221;1_2,1_2&#8243; _builder_version=&#8221;4.17.4&#8243; _module_preset=&#8221;default&#8221; custom_margin=&#8221;||30px||false|false&#8221; locked=&#8221;off&#8221; global_colors_info=&#8221;{}&#8221;][et_pb_column type=&#8221;1_2&#8243; _builder_version=&#8221;4.17.4&#8243; _module_preset=&#8221;default&#8221; global_colors_info=&#8221;{}&#8221;][et_pb_text _builder_version=&#8221;4.27.4&#8243; _module_preset=&#8221;1f09816e-184e-4ce5-a4cf-b39c52c423ca&#8221; text_font=&#8221;&#8211;et_global_body_font|500|||||||&#8221; text_text_color=&#8221;#0D291F&#8221; text_font_size=&#8221;17px&#8221; text_line_height=&#8221;1.75em&#8221; text_font_size_tablet=&#8221;15px&#8221; text_font_size_phone=&#8221;14px&#8221; text_font_size_last_edited=&#8221;on|phone&#8221; header_font_size_tablet=&#8221;55px&#8221; header_font_size_last_edited=&#8221;off|desktop&#8221; global_colors_info=&#8221;{}&#8221;]<\/p>\n<p>El <strong>AW169<\/strong> atiende la demanda por un helic\u00f3ptero de \u00faltima generaci\u00f3n en la categor\u00eda ligero-intermediario, que combina el mejor desempe\u00f1o de la categor\u00eda con alcance y seguridad superiores. Su versatilidad ofrece capacidades operacionales incomparables en las condiciones m\u00e1s desafiantes. Tambi\u00e9n posee un modo de unidad de energ\u00eda auxiliar (APU) exclusivo que garantiza la agilidad de la misi\u00f3n con rotores parados y mayor seguridad en el suelo.<\/p>\n<p>[\/et_pb_text][\/et_pb_column][et_pb_column type=&#8221;1_2&#8243; _builder_version=&#8221;4.17.4&#8243; _module_preset=&#8221;default&#8221; global_colors_info=&#8221;{}&#8221;][et_pb_text _builder_version=&#8221;4.27.4&#8243; _module_preset=&#8221;1f09816e-184e-4ce5-a4cf-b39c52c423ca&#8221; text_font=&#8221;&#8211;et_global_body_font|500|||||||&#8221; text_text_color=&#8221;#0D291F&#8221; text_font_size=&#8221;17px&#8221; text_line_height=&#8221;1.75em&#8221; text_font_size_tablet=&#8221;15px&#8221; text_font_size_phone=&#8221;14px&#8221; text_font_size_last_edited=&#8221;on|phone&#8221; header_font_size_tablet=&#8221;55px&#8221; header_font_size_last_edited=&#8221;off|desktop&#8221; locked=&#8221;off&#8221; global_colors_info=&#8221;{}&#8221;]<\/p>\n<p>Ya en su categor\u00eda VIP, el <strong>AW169<\/strong> puede acomodar f\u00e1cilmente hasta ocho pasajeros, garantizando un vuelo tranquilo gracias al excelente aislamiento ac\u00fastico y al sistema antivibraci\u00f3n perfeccionado.<\/p>\n<p>Su sistema de administraci\u00f3n de cabina exclusivo tambi\u00e9n permite que los pasajeros accedan y reproduzcan sus medios de comunicaci\u00f3n favoritos a bordo, en un interior iluminado y extremadamente confortable. El sistema de aire acondicionado de zona doble permite administrar de forma independiente las temperaturas del cockpit y de la cabina.<\/p>\n<p>[\/et_pb_text][\/et_pb_column][\/et_pb_row][\/et_pb_section][et_pb_section fb_built=&#8221;1&#8243; _builder_version=&#8221;4.27.4&#8243; _module_preset=&#8221;default&#8221; background_color=&#8221;gcid-cb4203b0-6ae1-443c-92fe-a450af44a419&#8243; global_colors_info=&#8221;{%22gcid-cb4203b0-6ae1-443c-92fe-a450af44a419%22:%91%22background_color%22%93}&#8221;][et_pb_row column_structure=&#8221;1_3,1_3,1_3&#8243; _builder_version=&#8221;4.25.0&#8243; _module_preset=&#8221;default&#8221; global_colors_info=&#8221;{}&#8221;][et_pb_column type=&#8221;1_3&#8243; _builder_version=&#8221;4.25.0&#8243; _module_preset=&#8221;default&#8221; global_colors_info=&#8221;{}&#8221;][et_pb_number_counter title=&#8221;Peso m\u00e1ximo de despegue con carga interna&#8221; number=&#8221;4,600 Kg&#8221; percent_sign=&#8221;off&#8221; _builder_version=&#8221;4.27.4&#8243; _module_preset=&#8221;default&#8221; title_font=&#8221;&#8211;et_global_body_font||||||||&#8221; title_text_color=&#8221;#FFFFFF&#8221; number_font=&#8221;&#8211;et_global_heading_font||||||||&#8221; number_text_color=&#8221;gcid-10f4f743-0062-4f8b-a225-26364d21fb6c&#8221; global_colors_info=&#8221;{%22gcid-10f4f743-0062-4f8b-a225-26364d21fb6c%22:%91%22number_text_color%22%93}&#8221;][\/et_pb_number_counter][\/et_pb_column][et_pb_column type=&#8221;1_3&#8243; _builder_version=&#8221;4.25.0&#8243; _module_preset=&#8221;default&#8221; global_colors_info=&#8221;{}&#8221;][et_pb_number_counter title=&#8221;Resistencia M\u00e1xima&#8221; number=&#8221;4 h 14 min&#8221; percent_sign=&#8221;off&#8221; _builder_version=&#8221;4.27.4&#8243; _module_preset=&#8221;default&#8221; title_font=&#8221;&#8211;et_global_body_font||||||||&#8221; title_text_color=&#8221;#FFFFFF&#8221; number_font=&#8221;&#8211;et_global_heading_font||||||||&#8221; number_text_color=&#8221;gcid-10f4f743-0062-4f8b-a225-26364d21fb6c&#8221; global_colors_info=&#8221;{%22gcid-10f4f743-0062-4f8b-a225-26364d21fb6c%22:%91%22number_text_color%22%93}&#8221;][\/et_pb_number_counter][\/et_pb_column][et_pb_column type=&#8221;1_3&#8243; _builder_version=&#8221;4.25.0&#8243; _module_preset=&#8221;default&#8221; global_colors_info=&#8221;{}&#8221;][et_pb_number_counter title=&#8221;Alcance m\u00e1ximo&#8221; number=&#8221;785 Km&#8221; percent_sign=&#8221;off&#8221; _builder_version=&#8221;4.27.4&#8243; _module_preset=&#8221;default&#8221; title_font=&#8221;&#8211;et_global_body_font||||||||&#8221; title_text_color=&#8221;#FFFFFF&#8221; number_font=&#8221;&#8211;et_global_heading_font||||||||&#8221; number_text_color=&#8221;gcid-10f4f743-0062-4f8b-a225-26364d21fb6c&#8221; global_colors_info=&#8221;{%22gcid-10f4f743-0062-4f8b-a225-26364d21fb6c%22:%91%22number_text_color%22%93}&#8221;][\/et_pb_number_counter][\/et_pb_column][\/et_pb_row][\/et_pb_section][et_pb_section fb_built=&#8221;1&#8243; specialty=&#8221;on&#8221; admin_label=&#8221;Gallery&#8221; _builder_version=&#8221;4.25.1&#8243; _module_preset=&#8221;default&#8221; background_color=&#8221;#f3eee8&#8243; collapsed=&#8221;on&#8221; global_colors_info=&#8221;{}&#8221;][et_pb_column type=&#8221;1_2&#8243; _builder_version=&#8221;4.16&#8243; custom_padding=&#8221;|||&#8221; global_colors_info=&#8221;{}&#8221; custom_padding__hover=&#8221;|||&#8221;][et_pb_image src=&#8221;https:\/\/synerjet.com\/es\/wp-content\/uploads\/2024\/06\/IMG_8441_tratada-copy.jpg&#8221; title_text=&#8221;IMG_8441_tratada-copy&#8221; _builder_version=&#8221;4.25.1&#8243; _module_preset=&#8221;default&#8221; custom_margin=&#8221;|||-20vw|false|false&#8221; custom_margin_tablet=&#8221;|||0vw|false|false&#8221; custom_margin_phone=&#8221;&#8221; custom_margin_last_edited=&#8221;on|tablet&#8221; global_colors_info=&#8221;{}&#8221;][\/et_pb_image][\/et_pb_column][et_pb_column type=&#8221;1_2&#8243; specialty_columns=&#8221;2&#8243; _builder_version=&#8221;4.16&#8243; custom_padding=&#8221;|||&#8221; global_colors_info=&#8221;{}&#8221; custom_padding__hover=&#8221;|||&#8221;][et_pb_row_inner _builder_version=&#8221;4.17.4&#8243; _module_preset=&#8221;default&#8221; global_colors_info=&#8221;{}&#8221;][et_pb_column_inner saved_specialty_column_type=&#8221;1_2&#8243; _builder_version=&#8221;4.17.4&#8243; _module_preset=&#8221;default&#8221; global_colors_info=&#8221;{}&#8221;][et_pb_text _builder_version=&#8221;4.27.4&#8243; _module_preset=&#8221;e6504a1b-67eb-4b3d-b023-bcab277610b6&#8243; link_font=&#8221;||||||||&#8221; link_text_color=&#8221;#AE8F73&#8243; header_4_font=&#8221;&#8211;et_global_body_font|700||on|||||&#8221; header_4_text_color=&#8221;gcid-10f4f743-0062-4f8b-a225-26364d21fb6c&#8221; header_4_font_size=&#8221;12px&#8221; header_4_letter_spacing=&#8221;0.2em&#8221; header_4_line_height=&#8221;1.5em&#8221; custom_margin=&#8221;||0px||false|false&#8221; global_colors_info=&#8221;{%22gcid-10f4f743-0062-4f8b-a225-26364d21fb6c%22:%91%22header_4_text_color%22%93}&#8221;]<\/p>\n<h4>diferencias<\/h4>\n<p>[\/et_pb_text][et_pb_text _builder_version=&#8221;4.27.4&#8243; _module_preset=&#8221;b327cbe4-b1d5-4b66-ad37-40c8f2f061ba&#8221; header_2_font=&#8221;&#8211;et_global_heading_font|||on|||||&#8221; header_2_text_color=&#8221;#0d232d&#8221; header_2_font_size=&#8221;70px&#8221; header_2_line_height=&#8221;1.15em&#8221; header_2_font_size_tablet=&#8221;32px&#8221; header_2_font_size_phone=&#8221;20px&#8221; header_2_font_size_last_edited=&#8221;on|phone&#8221; global_colors_info=&#8221;{}&#8221;]<\/p>\n<h2>Tecnolog\u00eda y seguridad <strong>excepcionales<\/strong><\/h2>\n<p>[\/et_pb_text][\/et_pb_column_inner][\/et_pb_row_inner][et_pb_row_inner _builder_version=&#8221;4.17.4&#8243; _module_preset=&#8221;default&#8221; global_colors_info=&#8221;{}&#8221;][et_pb_column_inner saved_specialty_column_type=&#8221;1_2&#8243; _builder_version=&#8221;4.17.4&#8243; _module_preset=&#8221;default&#8221; global_colors_info=&#8221;{}&#8221;][et_pb_text _builder_version=&#8221;4.27.4&#8243; _module_preset=&#8221;default&#8221; text_font=&#8221;&#8211;et_global_body_font||||||||&#8221; global_colors_info=&#8221;{}&#8221;]<\/p>\n<p>El <strong>AW169<\/strong> es el \u00fanico helic\u00f3ptero de su clase que cuenta con un exclusivo sistema de gesti\u00f3n de cabina que permite a los pasajeros acceder a sus medios preferidos durante el vuelo. Su exclusivo modo de unidad de potencia auxiliar (APU) garantiza el funcionamiento completo de dispositivos de entretenimiento, dispositivos electr\u00f3nicos, medios y aire acondicionado incluso cuando los rotores est\u00e1n apagados. Adem\u00e1s, permite enfriar o calentar la cabina antes de que los pasajeros aborden.<\/p>\n<p>[\/et_pb_text][\/et_pb_column_inner][\/et_pb_row_inner][\/et_pb_column][\/et_pb_section][et_pb_section fb_built=&#8221;1&#8243; _builder_version=&#8221;4.25.1&#8243; _module_preset=&#8221;default&#8221; background_color=&#8221;#f3eee8&#8243; global_colors_info=&#8221;{}&#8221;][et_pb_row column_structure=&#8221;1_2,1_2&#8243; _builder_version=&#8221;4.25.1&#8243; _module_preset=&#8221;default&#8221; global_colors_info=&#8221;{}&#8221;][et_pb_column type=&#8221;1_2&#8243; _builder_version=&#8221;4.25.1&#8243; _module_preset=&#8221;default&#8221; global_colors_info=&#8221;{}&#8221;][et_pb_text _builder_version=&#8221;4.27.4&#8243; _module_preset=&#8221;e6504a1b-67eb-4b3d-b023-bcab277610b6&#8243; link_font=&#8221;||||||||&#8221; link_text_color=&#8221;#AE8F73&#8243; header_4_font=&#8221;&#8211;et_global_body_font|700||on|||||&#8221; header_4_text_color=&#8221;gcid-10f4f743-0062-4f8b-a225-26364d21fb6c&#8221; header_4_font_size=&#8221;12px&#8221; header_4_letter_spacing=&#8221;0.2em&#8221; header_4_line_height=&#8221;1.5em&#8221; custom_margin=&#8221;||0px||false|false&#8221; global_colors_info=&#8221;{%22gcid-10f4f743-0062-4f8b-a225-26364d21fb6c%22:%91%22header_4_text_color%22%93}&#8221;]<\/p>\n<h4>CARACTER\u00cdSTICAS<\/h4>\n<p>[\/et_pb_text][et_pb_text _builder_version=&#8221;4.27.4&#8243; _module_preset=&#8221;b327cbe4-b1d5-4b66-ad37-40c8f2f061ba&#8221; header_2_font=&#8221;&#8211;et_global_heading_font|||on|||||&#8221; header_2_text_color=&#8221;#0d232d&#8221; header_2_font_size=&#8221;70px&#8221; header_2_line_height=&#8221;1.15em&#8221; header_2_font_size_tablet=&#8221;32px&#8221; header_2_font_size_phone=&#8221;20px&#8221; header_2_font_size_last_edited=&#8221;on|phone&#8221; global_colors_info=&#8221;{}&#8221;]<\/p>\n<h2><strong>Flexibilidad<\/strong> de cabina excepcional<\/h2>\n<p>[\/et_pb_text][et_pb_text _builder_version=&#8221;4.27.4&#8243; _module_preset=&#8221;default&#8221; text_font=&#8221;&#8211;et_global_body_font||||||||&#8221; global_colors_info=&#8221;{}&#8221;]<\/p>\n<p>La cabina del <strong>AW169<\/strong> se puede configurar de diversas maneras lujosas y acomodar de cinco a ocho pasajeros. Con sus excepcionales sistemas de insonorizaci\u00f3n y entretenimiento, los ocupantes pueden disfrutar de un vuelo tranquilo y relajante en un interior luminoso y extremadamente confortable. El sistema de aire acondicionado dual permite el control independiente de la temperatura de la cabina y del habit\u00e1culo.<\/p>\n<p>[\/et_pb_text][\/et_pb_column][et_pb_column type=&#8221;1_2&#8243; _builder_version=&#8221;4.25.1&#8243; _module_preset=&#8221;default&#8221; global_colors_info=&#8221;{}&#8221;][et_pb_image src=&#8221;https:\/\/synerjet.com\/es\/wp-content\/uploads\/2024\/06\/AW169-69140-1DX33378.jpg&#8221; title_text=&#8221;AW169-69140-1DX33378&#8243; _builder_version=&#8221;4.25.1&#8243; _module_preset=&#8221;default&#8221; global_colors_info=&#8221;{}&#8221;][\/et_pb_image][\/et_pb_column][\/et_pb_row][\/et_pb_section][et_pb_section fb_built=&#8221;1&#8243; _builder_version=&#8221;4.25.2&#8243; _module_preset=&#8221;default&#8221; global_colors_info=&#8221;{}&#8221;][et_pb_row _builder_version=&#8221;4.25.2&#8243; _module_preset=&#8221;default&#8221; global_colors_info=&#8221;{}&#8221;][et_pb_column type=&#8221;4_4&#8243; _builder_version=&#8221;4.25.2&#8243; _module_preset=&#8221;default&#8221; global_colors_info=&#8221;{}&#8221;][dvmd_table_maker tbl_title_mode=&#8221;on&#8221; tbl_title_text=&#8221;Datos t\u00e9cnicos &#8221; tbl_title_spacing=&#8221;19px&#8221; tbl_row_header_count=&#8221;0&#8243; tbl_responsive_mode=&#8221;off&#8221; tbl_stripes_active=&#8221;on&#8221; tbl_tcell_cell_color=&#8221;rgba(255,255,255,0.69)&#8221; tbl_chead_cell_color=&#8221;RGBA(255,255,255,0)&#8221; tbl_rhead_text_level_active=&#8221;on&#8221; _builder_version=&#8221;4.27.4&#8243; _module_preset=&#8221;default&#8221; tbl_title_font=&#8221;&#8211;et_global_body_font|700|||||||&#8221; tbl_title_font_size=&#8221;37px&#8221; background_color=&#8221;#FFFFFF&#8221; global_colors_info=&#8221;{}&#8221;][dvmd_table_maker_item col_content=&#8221;<br \/>\nPesos:<br \/>\nPeso bruto m\u00e1ximo del veh\u00edculo (MGW):<br \/>\nAumento de peso bruto (opcional):<br \/>\n2. Motor:<br \/>\n3. Dimensiones:<br \/>\nLongitud total (rotores girando):<br \/>\nAltura general:<br \/>\nDi\u00e1metro del rotor (rotores girando):<br \/>\n4. Capacidad:<br \/>\nMultitud:<br \/>\nPasajeros:<br \/>\n5. Rendimiento:<br \/>\nVelocidad m\u00e1xima de crucero (@5000 pies, ISA, MGW, MCP):<br \/>\nAltitud m\u00e1xima (ISA, MGW, TOPO):<br \/>\nAltitud m\u00e1xima de vuelo estacionario (ISA, MGW, TOPO):<br \/>\nAlcance m\u00e1ximo (@5000 pies, ISA, MGW):<br \/>\nResistencia m\u00e1xima (@5000 pies, ISA, MGW):&#8221; col_tcell_cell_color=&#8221;#1E4679&#8243; col_chead_cell_color=&#8221;#FFFFFF&#8221; _builder_version=&#8221;4.27.4&#8243; _module_preset=&#8221;default&#8221; col_tcell_text_font=&#8221;&#8211;et_global_body_font|700|||||||&#8221; col_tcell_text_text_color=&#8221;#FFFFFF&#8221; col_tcell_text_font_size=&#8221;16px&#8221; global_colors_info=&#8221;{}&#8221;][\/dvmd_table_maker_item][dvmd_table_maker_item col_content=&#8221;<\/p>\n<p>4.600 kg (10.141 libras)<br \/>\n4.800 kg (10.582 lbs)*Disponible como kit<br \/>\n2 turboejes Pratt &#038; Whitney Canada PW210A1 con FADEC<\/p>\n<p>14,65 m (48 pies 01 pulgadas)<br \/>\n4,5 m (14 pies 09 pulgadas)<br \/>\n12,12 m (39 pies 09 pulgadas)<\/p>\n<p>1-2<br \/>\nhasta 10<\/p>\n<p> 267 km\/h (144 KTAS)<br \/>\n4.572 m (15.000 pies)<br \/>\n4.075 m (13.368 pies)<br \/>\n785 km (424 millas n\u00e1uticas)<br \/>\n4h 14 minutos&#8221; col_chead_cell_color=&#8221;#FFFFFF&#8221; _builder_version=&#8221;4.27.4&#8243; _module_preset=&#8221;default&#8221; col_tcell_text_font=&#8221;&#8211;et_global_body_font||||||||&#8221; col_tcell_text_font_size=&#8221;16px&#8221; global_colors_info=&#8221;{}&#8221;][\/dvmd_table_maker_item][\/dvmd_table_maker][\/et_pb_column][\/et_pb_row][\/et_pb_section][et_pb_section fb_built=&#8221;1&#8243; _builder_version=&#8221;4.25.0&#8243; _module_preset=&#8221;default&#8221; background_color=&#8221;#000000&#8243; global_colors_info=&#8221;{}&#8221;][et_pb_row _builder_version=&#8221;4.25.0&#8243; _module_preset=&#8221;default&#8221; global_colors_info=&#8221;{}&#8221;][et_pb_column type=&#8221;4_4&#8243; _builder_version=&#8221;4.25.0&#8243; _module_preset=&#8221;default&#8221; global_colors_info=&#8221;{}&#8221;][et_pb_video src=&#8221;https:\/\/www.youtube.com\/watch?v=LM10lPLD0rQ&#8221; _builder_version=&#8221;4.25.1&#8243; _module_preset=&#8221;default&#8221; global_colors_info=&#8221;{}&#8221;][\/et_pb_video][\/et_pb_column][\/et_pb_row][\/et_pb_section]<\/p>\n","protected":false},"excerpt":{"rendered":"<p>Leonardo AW169A New StandardVersatilidad y comodidadEl AW169 atiende la demanda por un helic\u00f3ptero de \u00faltima generaci\u00f3n en la categor\u00eda ligero-intermediario, que combina el mejor desempe\u00f1o de la categor\u00eda con alcance y seguridad superiores. Su versatilidad ofrece capacidades operacionales incomparables en las condiciones m\u00e1s desafiantes. Tambi\u00e9n posee un modo de unidad de energ\u00eda auxiliar (APU) exclusivo [&hellip;]<\/p>\n","protected":false},"author":2,"featured_media":0,"parent":851,"menu_order":0,"comment_status":"closed","ping_status":"closed","template":"","meta":{"_et_pb_use_builder":"on","_et_pb_old_content":"","_et_gb_content_width":"","footnotes":""},"class_list":["post-945","page","type-page","status-publish","hentry"],"_links":{"self":[{"href":"https:\/\/synerjet.com\/es\/wp-json\/wp\/v2\/pages\/945","targetHints":{"allow":["GET"]}}],"collection":[{"href":"https:\/\/synerjet.com\/es\/wp-json\/wp\/v2\/pages"}],"about":[{"href":"https:\/\/synerjet.com\/es\/wp-json\/wp\/v2\/types\/page"}],"author":[{"embeddable":true,"href":"https:\/\/synerjet.com\/es\/wp-json\/wp\/v2\/users\/2"}],"replies":[{"embeddable":true,"href":"https:\/\/synerjet.com\/es\/wp-json\/wp\/v2\/comments?post=945"}],"version-history":[{"count":14,"href":"https:\/\/synerjet.com\/es\/wp-json\/wp\/v2\/pages\/945\/revisions"}],"predecessor-version":[{"id":25103533,"href":"https:\/\/synerjet.com\/es\/wp-json\/wp\/v2\/pages\/945\/revisions\/25103533"}],"up":[{"embeddable":true,"href":"https:\/\/synerjet.com\/es\/wp-json\/wp\/v2\/pages\/851"}],"wp:attachment":[{"href":"https:\/\/synerjet.com\/es\/wp-json\/wp\/v2\/media?parent=945"}],"curies":[{"name":"wp","href":"https:\/\/api.w.org\/{rel}","templated":true}]}}